{"id":98,"date":"2006-10-11T06:00:00","date_gmt":"2006-10-11T06:00:00","guid":{"rendered":"http:\/\/thietbihoinghi.com.vn\/hnth\/?p=98"},"modified":"2015-10-30T10:30:41","modified_gmt":"2015-10-30T03:30:41","slug":"dich-vu-cai-dat-va-cau-hinh-network","status":"publish","type":"page","link":"https:\/\/thietbihoinghi.com.vn\/en\/dich-vu-cai-dat-va-cau-hinh-network","title":{"rendered":"Install and configure the network"},"content":{"rendered":"<p style=\"text-align: justify;\"><span style=\"font-family: 'times new roman', times, serif; font-size: 17px;\">Gi\u1ea3i ph\u00e1p m\u1ea1ng l\u00e0 m\u1ed9t trong nh\u1eefng y\u1ebfu t\u1ed1 r\u1ea5t quan tr\u1ecdng trong vi\u1ec7c x\u00e2y d\u1ef1ng h\u1ec7 th\u1ed1ng h\u1ec7 ngh\u1ecb truy\u1ec1n h\u00ecnh ch\u1ea5t l\u01b0\u1ee3ng. Do v\u1eady vi\u1ec7c <strong><a href=\"\/?page_id=98\">c\u00e0i \u0111\u1eb7t v\u00e0 c\u1ea5u h\u00ecnh network<\/a><\/strong> c\u0169ng gi\u1eef vai tr\u00f2 quan tr\u1ecdng kh\u00f4ng k\u00e9m v\u00e0 c\u1ea7n c\u00f3 s\u1ef1 chuy\u00ean nghi\u1ec7p t\u1eeb nh\u00e0 cung c\u1ea5p d\u1ecbch v\u1ee5.<\/span><\/p>\n<p style=\"text-align: justify;\"><span style=\"font-family: 'times new roman', times, serif;\">\u00a0<\/span><\/p>\n<p style=\"text-align: justify;\"><span style=\"font-family: 'times new roman', times, serif; font-size: 17px;\">Xem th\u00eam:\u00a0<a href=\"\/?page_id=90\">Cho thu\u00ea thi\u1ebft b\u1ecb h\u1ed9i ngh\u1ecb truy\u1ec1n h\u00ecnh<\/a><\/span><\/p>\n<p style=\"text-align: justify;\"><span style=\"font-family: 'times new roman', times, serif;\">\u00a0<\/span><\/p>\n<p style=\"text-align: justify;\"><span style=\"font-family: 'times new roman', times, serif; font-size: 17px;\">SAVITEL k\u1ebft h\u1ee3p v\u1edbi c\u00e1c nh\u00e0 cung c\u1ea5p m\u1ea1ng \u0111\u1ec3 cung c\u1ea5p gi\u1ea3i ph\u00e1p Internet k\u1ebft n\u1ed1i linh ho\u1ea1t, s\u00e1ng t\u1ea1o v\u1edbi t\u1ed1c \u0111\u1ed9 cao ph\u1ee5c v\u1ee5 cho m\u1ea1ng <strong><a href=\"http:\/\/thietbihoinghi.com.vn\/\">h\u1ed9i ngh\u1ecb truy\u1ec1n h\u00ecnh<\/a><\/strong>. D\u1ecbch v\u1ee5 c\u00e0i \u0111\u1eb7t v\u00e0 c\u1ea5u h\u00ecnh network \u0111\u01b0\u1ee3c cung c\u1ea5p b\u01a1i SAVITEL l\u00e0 gi\u1ea3i ph\u00e1p m\u1ea1ng c\u1ef1c k\u1ef3 linh ho\u1ea1t v\u00e0 \u0111a d\u1ea1ng. Gi\u00fap kh\u00e1ch h\u00e0ng c\u00f3 th\u1ec3 k\u1ebft n\u1ed1i gi\u1eefa c\u00e1c v\u0103n ph\u00f2ng trong m\u1ea1ng l\u01b0\u1edbi n\u1ed9i b\u1ed9 c\u00f4ng ty, ho\u1eb7c k\u1ebft n\u1ed1i v\u1edbi kh\u00e1ch h\u00e0ng hay \u0111\u1ed1i t\u00e1c n\u01b0\u1edbc ngo\u00e0i b\u1edfi c\u00f4ng ngh\u1ec7 ti\u00ean ti\u1ebfn v\u00e0 v\u00f4 c\u00f9ng hi\u1ec7n \u0111\u1ea1i.<\/span><\/p>\n<p style=\"text-align: justify;\"><span style=\"font-family: 'times new roman', times, serif;\">\u00a0<\/span><\/p>\n<p style=\"text-align: justify;\"><span style=\"font-family: 'times new roman', times, serif; font-size: 17px;\"><a href=\"http:\/\/thietbihoinghi.com.vn\/wp-content\/uploads\/2006\/10\/dich-vu-cai-dat-va-cau-hinh-network-so-do.jpg\"><img loading=\"lazy\" decoding=\"async\" class=\"aligncenter size-full wp-image-6414\" src=\"http:\/\/thietbihoinghi.com.vn\/wp-content\/uploads\/2006\/10\/dich-vu-cai-dat-va-cau-hinh-network-so-do.jpg\" alt=\"c\u00e0i \u0111\u1eb7t v\u00e0 c\u1ea5u h\u00ecnh network\" width=\"598\" height=\"490\" srcset=\"https:\/\/thietbihoinghi.com.vn\/wp-content\/uploads\/2006\/10\/dich-vu-cai-dat-va-cau-hinh-network-so-do.jpg 598w, https:\/\/thietbihoinghi.com.vn\/wp-content\/uploads\/2006\/10\/dich-vu-cai-dat-va-cau-hinh-network-so-do-300x246.jpg 300w, https:\/\/thietbihoinghi.com.vn\/wp-content\/uploads\/2006\/10\/dich-vu-cai-dat-va-cau-hinh-network-so-do-24x20.jpg 24w, https:\/\/thietbihoinghi.com.vn\/wp-content\/uploads\/2006\/10\/dich-vu-cai-dat-va-cau-hinh-network-so-do-36x29.jpg 36w, https:\/\/thietbihoinghi.com.vn\/wp-content\/uploads\/2006\/10\/dich-vu-cai-dat-va-cau-hinh-network-so-do-48x39.jpg 48w\" sizes=\"auto, (max-width: 598px) 100vw, 598px\" \/><\/a><\/span><\/p>\n<p style=\"text-align: center;\"><span style=\"font-family: 'times new roman', times, serif; font-size: 14px;\"><em>C\u00e0i \u0111\u1eb7t v\u00e0 c\u1ea5u h\u00ecnh network<\/em><\/span><\/p>\n<p style=\"text-align: justify;\"><span style=\"font-family: 'times new roman', times, serif;\">\u00a0<\/span><\/p>\n<h2 style=\"text-align: justify;\"><span style=\"font-family: 'times new roman', times, serif; font-size: 19px; color: #3366ff;\"><strong>L\u1ee3i \u00edch n\u00e0o m\u00e0 d\u1ecbch v\u1ee5 c\u00e0i \u0111\u1eb7t v\u00e0 c\u1ea5u h\u00ecnh network mang l\u1ea1i<\/strong><\/span><\/h2>\n<p style=\"text-align: justify;\"><span style=\"font-family: 'times new roman', times, serif;\">\u00a0<\/span><\/p>\n<p style=\"text-align: justify;\"><span style=\"font-family: 'times new roman', times, serif; font-size: 17px;\">D\u1ecbch v\u1ee5 c\u00e0i \u0111\u1eb7t v\u00e0 c\u1ea5u h\u00ecnh network l\u00e0 gi\u1ea3i ph\u00e1p gi\u00fap k\u1ebft n\u1ed1i m\u1ea1ng h\u1ed9i ngh\u1ecb truy\u1ec1n h\u00ecnh v\u1edbi c\u00f4ng ngh\u1ec7 ti\u00ean ti\u1ebfn nh\u1ea5t, nh\u1eb1m gi\u00fap cho doanh nghi\u1ec7p c\u00f3 th\u1ec3 th\u1ef1c hi\u1ec7n hi\u1ec7u qu\u1ea3 nhi\u1ec1u ho\u1ea1t \u0111\u1ed9ng c\u0169ng nh\u01b0 tr\u1ea3i nghi\u1ec7m nh\u1eefng l\u1ee3i \u00edch sau:<\/span><\/p>\n<p style=\"text-align: justify;\"><span style=\"font-family: 'times new roman', times, serif;\">\u00a0<\/span><\/p>\n<p style=\"text-align: justify;\"><span style=\"font-family: 'times new roman', times, serif; font-size: 17px;\">\u2022 Gi\u1ea3i ph\u00e1p k\u1ebft n\u1ed1i l\u00fd t\u01b0\u1edfng cho doanh nghi\u1ec7p v\u1eeba v\u00e0 nh\u1ecf.<\/span><\/p>\n<p style=\"text-align: justify;\"><span style=\"font-family: 'times new roman', times, serif; font-size: 17px;\">\u2022 T\u1ea1o ra m\u1ea1ng d\u1ef1 ph\u00f2ng.<\/span><\/p>\n<p style=\"text-align: justify;\"><span style=\"font-family: 'times new roman', times, serif; font-size: 17px;\">\u2022 Gi\u00fap ph\u1ee5c h\u1ed3i nhanh ch\u00f3ng cho doanh nghi\u1ec7p l\u1edbn<\/span><\/p>\n<p style=\"text-align: justify;\"><span style=\"font-family: 'times new roman', times, serif; font-size: 17px;\">\u2022 C\u00e1c d\u1ecbch v\u1ee5 k\u1ebft n\u1ed1i IP c\u00f3 th\u1ec3 cung c\u1ea5p cho t\u1ea5t c\u1ea3 c\u00e1c nhu c\u1ea7u kinh doanh, t\u1eeb c\u00e1c li\u00ean k\u1ebft m\u1ea1ng v\u1edbi hi\u1ec7u su\u1ea5t cao d\u00e0nh cho c\u00e1c c\u00f4ng ty \u0111a qu\u1ed1c gia \u0111\u1ec3 k\u1ebft n\u1ed1i c\u1ea5u h\u00ecnh ho\u1eb7c th\u1ef1c hi\u1ec7n c\u00e1c nhi\u1ec7m v\u1ee5 quan tr\u1ecdng t\u1eeb xa.<\/span><\/p>\n<p style=\"text-align: justify;\"><span style=\"font-family: 'times new roman', times, serif; font-size: 17px;\">\u2022 C\u00e1c d\u1ecbch v\u1ee5 kh\u00e1c m\u00e0 c\u00f4ng ty cung c\u1ea5p nh\u01b0: t\u1ed1i \u01b0u b\u0103ng th\u00f4ng cho d\u1ecbch v\u1ee5 tr\u1ef1c tuy\u1ebfn (QoS)\u2026<\/span><\/p>\n<p style=\"text-align: justify;\"><span style=\"font-family: 'times new roman', times, serif;\">\u00a0<\/span><\/p>\n<p style=\"text-align: center;\"><span style=\"font-family: 'times new roman', times, serif; font-size: 17px;\"><a href=\"http:\/\/thietbihoinghi.com.vn\/wp-content\/uploads\/2006\/10\/dich-vu-cai-dat-va-cau-hinh-network.jpg\"><img loading=\"lazy\" decoding=\"async\" class=\"aligncenter size-full wp-image-6413\" src=\"http:\/\/thietbihoinghi.com.vn\/wp-content\/uploads\/2006\/10\/dich-vu-cai-dat-va-cau-hinh-network.jpg\" alt=\"L\u1ee3i \u00edch n\u00e0o m\u00e0 d\u1ecbch v\u1ee5 c\u00e0i \u0111\u1eb7t v\u00e0 c\u1ea5u h\u00ecnh network mang l\u1ea1i\" width=\"600\" height=\"425\" srcset=\"https:\/\/thietbihoinghi.com.vn\/wp-content\/uploads\/2006\/10\/dich-vu-cai-dat-va-cau-hinh-network.jpg 600w, https:\/\/thietbihoinghi.com.vn\/wp-content\/uploads\/2006\/10\/dich-vu-cai-dat-va-cau-hinh-network-300x213.jpg 300w, https:\/\/thietbihoinghi.com.vn\/wp-content\/uploads\/2006\/10\/dich-vu-cai-dat-va-cau-hinh-network-24x17.jpg 24w, https:\/\/thietbihoinghi.com.vn\/wp-content\/uploads\/2006\/10\/dich-vu-cai-dat-va-cau-hinh-network-36x26.jpg 36w, https:\/\/thietbihoinghi.com.vn\/wp-content\/uploads\/2006\/10\/dich-vu-cai-dat-va-cau-hinh-network-48x34.jpg 48w\" sizes=\"auto, (max-width: 600px) 100vw, 600px\" \/><\/a><span style=\"font-size: 14px;\"><em>L\u1ee3i \u00edch n\u00e0o m\u00e0 d\u1ecbch v\u1ee5 c\u00e0i \u0111\u1eb7t v\u00e0 c\u1ea5u h\u00ecnh network mang l\u1ea1i<\/em><\/span><\/span><\/p>\n<h2 style=\"text-align: justify;\"><span style=\"font-family: 'times new roman', times, serif;\">\u00a0<\/span><\/h2>\n<h2 style=\"text-align: justify;\"><span style=\"font-family: 'times new roman', times, serif; font-size: 19px; color: #3366ff;\"><strong>Nh\u1eefng l\u00fd do n\u00ean ch\u1ecdn SAVITEL l\u00e0 nh\u00e0 cung c\u1ea5p d\u1ecbch v\u1ee5 c\u00e0i \u0111\u1eb7t \u2013 c\u1ea5u h\u00ecnh network!<\/strong><\/span><\/h2>\n<p style=\"text-align: justify;\"><span style=\"font-family: 'times new roman', times, serif;\">\u00a0<\/span><\/p>\n<p style=\"text-align: justify;\"><span style=\"font-family: 'times new roman', times, serif; font-size: 17px;\">\u2022 D\u1ecbch v\u1ee5 c\u00e0i \u0111\u1eb7t \u2013 c\u1ea5u h\u00ecnh network chuy\u00ean nghi\u1ec7p v\u00e0 nhanh ch\u00f3ng.<\/span><\/p>\n<p style=\"text-align: justify;\"><span style=\"font-family: 'times new roman', times, serif; font-size: 17px;\">\u2022 K\u1ef9 s\u01b0 gi\u00e0u kinh nghi\u1ec7m, \u0111\u01b0\u1ee3c \u0111\u00e0o t\u1ea1o s\u00e2u v\u1ec1 chuy\u00ean m\u00f4n.<\/span><\/p>\n<p style=\"text-align: justify;\"><span style=\"font-family: 'times new roman', times, serif; font-size: 17px;\">\u2022 H\u1ed7 tr\u1ee3 kh\u1eafc ph\u1ee5c c\u00e1c v\u1ea5n \u0111\u1ec1 l\u1ed7i ph\u00e1t sinh cho kh\u00e1ch h\u00e0ng nhanh nh\u1ea5t.<\/span><\/p>\n<p style=\"text-align: justify;\"><span style=\"font-family: 'times new roman', times, serif; font-size: 17px;\">\u2022 \u0110\u1ea3m b\u1ea3o cho ho\u1ea1t \u0111\u1ed9ng c\u1ee7a h\u1ec7 th\u1ed1ng network c\u0169ng nh\u01b0 h\u1ec7 th\u1ed1ng h\u1ed9i ngh\u1ecb truy\u1ec1n h\u00ecnh ho\u1ea1t \u0111\u1ed9ng hi\u1ec7u qu\u1ea3 nh\u1ea5t.<\/span><\/p>\n<p style=\"text-align: justify;\"><span style=\"font-family: 'times new roman', times, serif; font-size: 17px;\">\u2022 T\u01b0 v\u1ea5n d\u1ecbch v\u1ee5 24\/24 khi kh\u00e1ch h\u00e0ng c\u00f3 nhu c\u1ea7u.<\/span><\/p>\n<p style=\"text-align: justify;\"><span style=\"font-family: 'times new roman', times, serif; font-size: 17px;\">\u2022 Gi\u00e1 c\u1ea3 c\u1ea1nh tranh.<\/span><\/p>\n<p style=\"text-align: justify;\"><span style=\"font-family: 'times new roman', times, serif;\">\u00a0<\/span><\/p>\n<p><span style=\"font-family: 'times new roman', times, serif;\">Xem th\u00eam:\u00a0<a href=\"\/?page_id=96\">S\u1eeda ch\u1eefa thi\u1ebft b\u1ecb h\u1ed9i ngh\u1ecb truy\u1ec1n h\u00ecnh Polycom<\/a><\/span><\/p>\n","protected":false},"excerpt":{"rendered":"<p>Gi\u1ea3i ph\u00e1p m\u1ea1ng l\u00e0 m\u1ed9t trong nh\u1eefng y\u1ebfu t\u1ed1 r\u1ea5t quan tr\u1ecdng trong vi\u1ec7c x\u00e2y d\u1ef1ng h\u1ec7 th\u1ed1ng h\u1ec7 ngh\u1ecb truy\u1ec1n h\u00ecnh ch\u1ea5t l\u01b0\u1ee3ng. Do v\u1eady vi\u1ec7c c\u00e0i \u0111\u1eb7t v\u00e0 c\u1ea5u h\u00ecnh network c\u0169ng gi\u1eef vai tr\u00f2 quan tr\u1ecdng kh\u00f4ng k\u00e9m v\u00e0 c\u1ea7n c\u00f3 s\u1ef1 chuy\u00ean nghi\u1ec7p t\u1eeb nh\u00e0 cung c\u1ea5p d\u1ecbch v\u1ee5. \u00a0 Xem &hellip; <\/p>\n<p class=\"link-more\"><a href=\"https:\/\/thietbihoinghi.com.vn\/en\/dich-vu-cai-dat-va-cau-hinh-network\" class=\"more-link\">Continue reading<span class=\"screen-reader-text\"> &#8220;Install and configure the network&#8221;<\/span><\/a><\/p>\n","protected":false},"author":1,"featured_media":0,"parent":0,"menu_order":0,"comment_status":"open","ping_status":"open","template":"other-page.php","meta":{"footnotes":""},"class_list":["post-98","page","type-page","status-publish","hentry"],"_links":{"self":[{"href":"https:\/\/thietbihoinghi.com.vn\/en\/wp-json\/wp\/v2\/pages\/98","targetHints":{"allow":["GET"]}}],"collection":[{"href":"https:\/\/thietbihoinghi.com.vn\/en\/wp-json\/wp\/v2\/pages"}],"about":[{"href":"https:\/\/thietbihoinghi.com.vn\/en\/wp-json\/wp\/v2\/types\/page"}],"author":[{"embeddable":true,"href":"https:\/\/thietbihoinghi.com.vn\/en\/wp-json\/wp\/v2\/users\/1"}],"replies":[{"embeddable":true,"href":"https:\/\/thietbihoinghi.com.vn\/en\/wp-json\/wp\/v2\/comments?post=98"}],"version-history":[{"count":25,"href":"https:\/\/thietbihoinghi.com.vn\/en\/wp-json\/wp\/v2\/pages\/98\/revisions"}],"predecessor-version":[{"id":8029,"href":"https:\/\/thietbihoinghi.com.vn\/en\/wp-json\/wp\/v2\/pages\/98\/revisions\/8029"}],"wp:attachment":[{"href":"https:\/\/thietbihoinghi.com.vn\/en\/wp-json\/wp\/v2\/media?parent=98"}],"curies":[{"name":"wp","href":"https:\/\/api.w.org\/{rel}","templated":true}]}}