{"id":96,"date":"2006-10-11T06:00:00","date_gmt":"2006-10-11T06:00:00","guid":{"rendered":"http:\/\/thietbihoinghi.com.vn\/hnth\/?p=96"},"modified":"2025-03-28T09:00:50","modified_gmt":"2025-03-28T02:00:50","slug":"sua-chua-thiet-bi-hoi-nghi-truyen-hinh-polycom","status":"publish","type":"page","link":"https:\/\/thietbihoinghi.com.vn\/en\/sua-chua-thiet-bi-hoi-nghi-truyen-hinh-polycom","title":{"rendered":"Repair equipment Polycom videoconferencing"},"content":{"rendered":"<p style=\"text-align: justify;\"><span style=\"font-family: 'times new roman', times, serif; font-size: 17px;\">Ng\u00e0y nay gi\u1ea3i ph\u00e1p h\u1ed9i ngh\u1ecb truy\u1ec1n h\u00ecnh \u0111\u01b0\u1ee3c \u1ee9ng d\u1ee5ng r\u1ea5t \u0111a d\u1ea1ng v\u00e0 h\u1ea7u nh\u01b0 \u0111\u01b0\u1ee3c s\u1eed d\u1ee5ng cho t\u1ea5t c\u1ea3 c\u00e1c ng\u00e0nh, nh\u1ea5t l\u00e0 trong l\u0129nh v\u1ef1c kinh doanh, gi\u00e1o d\u1ee5c, y t\u1ebf hay t\u00e0i ch\u00ednh ng\u00e2n h\u00e0ng\u2026 C\u00f3 th\u1ec3 n\u00f3i h\u1ed9i ngh\u1ecb truy\u1ec1n h\u00ecnh th\u1eadt s\u1ef1 l\u00e0 m\u1ed9t gi\u1ea3i ph\u00e1p tuy\u1ec7t v\u1eddi cho vi\u1ec7c r\u00fat ng\u1eafn kho\u1ea3ng c\u00e1ch trong v\u1ea5n \u0111\u1ec1 trao \u0111\u1ed5i th\u00f4ng tin, vi\u1ec7c h\u1ed9i h\u1ecdp c\u0169ng \u0111\u01b0\u1ee3c th\u1ef1c hi\u1ec7n nhanh ch\u00f3ng v\u00e0 ti\u1ebft ki\u1ec7m h\u01a1n r\u1ea5t nhi\u1ec1u. Song s\u1ebd c\u00f3 nh\u1eefng l\u00fac thi\u1ebft b\u1ecb c\u1ee7a b\u1ea1n g\u1eb7p v\u1ea5n \u0111\u1ec1 v\u00e0 \u0111\u00f3 l\u00e0 l\u00fd do v\u00ec sao b\u1ea1n c\u1ea7n \u0111\u1ebfn <strong><a href=\"\/?page_id=96\">d\u1ecbch v\u1ee5 s\u1eeda ch\u1eefa thi\u1ebft b\u1ecb h\u1ed9i ngh\u1ecb truy\u1ec1n h\u00ecnh \u2013 thi\u1ebft b\u1ecb polycom<\/a><\/strong>.<\/span><\/p>\n<p style=\"text-align: justify;\"><span style=\"font-family: 'times new roman', times, serif; font-size: 17px;\">Xem th\u00eam:\u00a0<a href=\"\/?page_id=94\">B\u1ea3o h\u00e0nh v\u00e0 b\u1ea3o tr\u00ec thi\u1ebft b\u1ecb truy\u1ec1n h\u00ecnh h\u1ed9i ngh\u1ecb<\/a><\/span><\/p>\n<h2 style=\"text-align: justify;\"><span style=\"font-family: 'times new roman', times, serif; font-size: 19px; color: #3366ff;\"><strong>Thi\u1ebft b\u1ecb h\u1ed9i ngh\u1ecb truy\u1ec1n h\u00ecnh Polycom c\u1ee7a c\u00f4ng ty b\u1ea1n \u0111ang g\u1eb7p ph\u1ea3i v\u1ea5n \u0111\u1ec1 g\u00ec?<\/strong><\/span><\/h2>\n<p style=\"text-align: center;\"><span style=\"font-family: 'times new roman', times, serif; font-size: 17px;\"><a href=\"http:\/\/thietbihoinghi.com.vn\/wp-content\/uploads\/2006\/10\/sua-chua-thiet-bi-hoi-nghi-truyen-hinh-thiet-bi-polycom-loi-ich.png\"><img loading=\"lazy\" decoding=\"async\" class=\"aligncenter  wp-image-6423\" src=\"http:\/\/thietbihoinghi.com.vn\/wp-content\/uploads\/2006\/10\/sua-chua-thiet-bi-hoi-nghi-truyen-hinh-thiet-bi-polycom-loi-ich.png\" alt=\"Thi\u1ebft b\u1ecb h\u1ed9i ngh\u1ecb truy\u1ec1n h\u00ecnh Polycom\" width=\"468\" height=\"416\" srcset=\"https:\/\/thietbihoinghi.com.vn\/wp-content\/uploads\/2006\/10\/sua-chua-thiet-bi-hoi-nghi-truyen-hinh-thiet-bi-polycom-loi-ich.png 481w, https:\/\/thietbihoinghi.com.vn\/wp-content\/uploads\/2006\/10\/sua-chua-thiet-bi-hoi-nghi-truyen-hinh-thiet-bi-polycom-loi-ich-300x267.png 300w, https:\/\/thietbihoinghi.com.vn\/wp-content\/uploads\/2006\/10\/sua-chua-thiet-bi-hoi-nghi-truyen-hinh-thiet-bi-polycom-loi-ich-24x21.png 24w, https:\/\/thietbihoinghi.com.vn\/wp-content\/uploads\/2006\/10\/sua-chua-thiet-bi-hoi-nghi-truyen-hinh-thiet-bi-polycom-loi-ich-36x32.png 36w, https:\/\/thietbihoinghi.com.vn\/wp-content\/uploads\/2006\/10\/sua-chua-thiet-bi-hoi-nghi-truyen-hinh-thiet-bi-polycom-loi-ich-48x43.png 48w\" sizes=\"auto, (max-width: 468px) 100vw, 468px\" \/><\/a><span style=\"font-size: 14px;\"><em>Thi\u1ebft b\u1ecb h\u1ed9i ngh\u1ecb truy\u1ec1n h\u00ecnh Polycom<\/em><\/span><\/span><\/p>\n<p style=\"text-align: justify;\"><span style=\"font-family: 'times new roman', times, serif; font-size: 17px;\">&#8211; <a href=\"http:\/\/thietbihoinghi.com.vn\/\">Thi\u1ebft b\u1ecb h\u1ed9i ngh\u1ecb<\/a> \u0111\u00e3 qua s\u1eed d\u1ee5ng nh\u01b0ng h\u1ebft h\u1ea1n b\u1ea3o h\u00e0nh v\u00e0 g\u1eb7p nh\u1eefng l\u1ed7i nh\u01b0:<\/span><\/p>\n<p style=\"text-align: justify;\"><span style=\"font-family: 'times new roman', times, serif; font-size: 17px;\">\u2022 C\u00e1c l\u1ed7i v\u1ec1 ph\u1ea7n c\u1ee9ng nh\u01b0: camera, codec, micro, remote\u2026<\/span><\/p>\n<p style=\"text-align: justify;\"><span style=\"font-family: 'times new roman', times, serif; font-size: 17px;\">\u2022 H\u01b0 ngu\u1ed3n: khi kh\u1edfi \u0111\u1ed9ng \u0111\u00e8n tr\u00ean codec v\u1eabn s\u00e1ng nh\u01b0ng kh\u00f4ng l\u00ean m\u00e0n h\u00ecnh.<\/span><\/p>\n<p style=\"text-align: justify;\"><span style=\"font-family: 'times new roman', times, serif; font-size: 17px;\">\u2022 Nh\u1eefng h\u1ecfng h\u00f3c v\u1ec1 camera nh\u01b0: camera kh\u00f4ng l\u00ean h\u00ecnh ho\u1eb7c b\u1ecb g\u00e3y c\u1ed5\u2026<\/span><\/p>\n<p style=\"text-align: justify;\"><span style=\"font-family: 'times new roman', times, serif; font-size: 17px;\">\u2022 C\u00e1c l\u1ed7i v\u1ec1 ph\u1ea7n m\u1ec1m.<\/span><\/p>\n<p style=\"text-align: justify;\"><span style=\"font-family: 'times new roman', times, serif; font-size: 17px;\">\u2022 Thi\u1ebft b\u1ecb khi kh\u1edfi \u0111\u1ed9ng hi\u1ec7n l\u00ean logo Polycom nh\u01b0ng sau \u0111\u00f3 thi\u1ebft b\u1ecb t\u1ef1 kh\u1edfi \u0111\u1ed9ng l\u1ea1i v\u00e0 kh\u00f4ng v\u00e0o menu \u0111i\u1ec1u khi\u1ec3n \u0111\u01b0\u1ee3c.<\/span><\/p>\n<p style=\"text-align: justify;\"><span style=\"font-family: 'times new roman', times, serif; font-size: 17px;\">&#8211; B\u1ea1n mu\u1ed1n c\u1eadp nh\u1eadt t\u00ednh n\u0103ng m\u1edbi hay update l\u00ean firmware m\u1edbi nh\u1ea5t.<\/span><\/p>\n<p style=\"text-align: justify;\"><span style=\"font-family: 'times new roman', times, serif; font-size: 17px;\">&#8211; Thi\u1ebft b\u1ecb c\u1ee7a b\u1ea1n \u0111\u00e3 h\u1ebft h\u1ea1n b\u1ea3o h\u00e0nh v\u00e0 b\u1ea1n mu\u1ed1n mua g\u00f3i d\u1ecbch v\u1ee5 b\u1ea3o h\u00e0nh &#8211; b\u1ea3o tr\u00ec cho thi\u1ebft b\u1ecb trong th\u1eddi gian 1 n\u0103m, 2 n\u0103m ho\u1eb7c 3 n\u0103m\u2026.<\/span><\/p>\n<h2 style=\"text-align: justify;\"><span style=\"font-family: 'times new roman', times, serif; font-size: 19px; color: #3366ff;\"><strong>Nh\u1eefng y\u1ebfu t\u1ed1 d\u1ecbch v\u1ee5 s\u1eeda ch\u1eefa thi\u1ebft b\u1ecb h\u1ed9i ngh\u1ecb truy\u1ec1n h\u00ecnh b\u1ea1n c\u1ea7n?<\/strong><\/span><\/h2>\n<p style=\"text-align: justify;\"><span style=\"font-family: 'times new roman', times, serif; font-size: 17px;\">\u2022 Trung t\u00e2m cung c\u1ea5p d\u1ecbch v\u1ee5 s\u1eeda ch\u1eefa thi\u1ebft b\u1ecb Polycom uy t\u00edn nh\u1ea5t t\u1ea1i Vi\u1ec7t Nam.<\/span><\/p>\n<p style=\"text-align: justify;\"><span style=\"font-family: 'times new roman', times, serif; font-size: 17px;\">\u2022 Trung t\u00e2m \u2013 d\u1ecbch v\u1ee5 b\u1ea3o h\u00e0nh, b\u1ea3o tr\u00ec thi\u1ebft b\u1ecb Polycom t\u1ea1i Vi\u1ec7t Nam.<\/span><\/p>\n<p style=\"text-align: justify;\"><span style=\"font-family: 'times new roman', times, serif; font-size: 17px;\">\u2022 \u0110\u1ed9i ng\u0169 nh\u00e2n vi\u00ean k\u1ef9 thu\u1eadt chuy\u00ean nghi\u1ec7p, gi\u00e0u kinh nghi\u1ec7m v\u00e0 c\u00f3 s\u1ef1 am hi\u1ec3u s\u00e2u v\u1ec1 thi\u1ebft b\u1ecb.<\/span><\/p>\n<p style=\"text-align: justify;\"><span style=\"font-family: 'times new roman', times, serif; font-size: 17px;\">\u2022 D\u1ecbch v\u1ee5 s\u1eeda ch\u1eefa thi\u1ebft b\u1ecb nhanh ch\u00f3ng v\u00e0 ch\u1ea5t l\u01b0\u1ee3ng.<\/span><\/p>\n<p style=\"text-align: justify;\"><span style=\"font-family: 'times new roman', times, serif; font-size: 17px;\">\u2022 Cung c\u1ea5p d\u1ecbch v\u1ee5 cho m\u01b0\u1ee3n thi\u1ebft b\u1ecb thay th\u1ebf trong qu\u00e1 tr\u00ecnh s\u1eeda ch\u1eefa, \u0111\u1ec3 \u0111\u1ea3m b\u1ea3o cho c\u00e1c cu\u1ed9c h\u1ecdp, c\u00e1c h\u1ed9i ngh\u1ecb s\u1ebd kh\u00f4ng b\u1ecb gi\u00e1n \u0111o\u1ea1n.<\/span><\/p>\n<p style=\"text-align: center;\"><span style=\"font-family: 'times new roman', times, serif; font-size: 17px;\"><a href=\"http:\/\/thietbihoinghi.com.vn\/wp-content\/uploads\/2006\/10\/sua-chua-thiet-bi-hoi-nghi-truyen-hinh-thiet-bi-polycom.jpg\"><img loading=\"lazy\" decoding=\"async\" class=\"aligncenter size-full wp-image-6421\" src=\"http:\/\/thietbihoinghi.com.vn\/wp-content\/uploads\/2006\/10\/sua-chua-thiet-bi-hoi-nghi-truyen-hinh-thiet-bi-polycom.jpg\" alt=\"d\u1ecbch v\u1ee5 s\u1eeda ch\u1eefa thi\u1ebft b\u1ecb h\u1ed9i ngh\u1ecb truy\u1ec1n h\u00ecnh\" width=\"550\" height=\"400\" srcset=\"https:\/\/thietbihoinghi.com.vn\/wp-content\/uploads\/2006\/10\/sua-chua-thiet-bi-hoi-nghi-truyen-hinh-thiet-bi-polycom.jpg 550w, https:\/\/thietbihoinghi.com.vn\/wp-content\/uploads\/2006\/10\/sua-chua-thiet-bi-hoi-nghi-truyen-hinh-thiet-bi-polycom-300x218.jpg 300w, https:\/\/thietbihoinghi.com.vn\/wp-content\/uploads\/2006\/10\/sua-chua-thiet-bi-hoi-nghi-truyen-hinh-thiet-bi-polycom-24x17.jpg 24w, https:\/\/thietbihoinghi.com.vn\/wp-content\/uploads\/2006\/10\/sua-chua-thiet-bi-hoi-nghi-truyen-hinh-thiet-bi-polycom-36x26.jpg 36w, https:\/\/thietbihoinghi.com.vn\/wp-content\/uploads\/2006\/10\/sua-chua-thiet-bi-hoi-nghi-truyen-hinh-thiet-bi-polycom-48x35.jpg 48w\" sizes=\"auto, (max-width: 550px) 100vw, 550px\" \/><\/a><span style=\"font-size: 14px;\"><em>D\u1ecbch v\u1ee5 s\u1eeda ch\u1eefa thi\u1ebft b\u1ecb h\u1ed9i ngh\u1ecb truy\u1ec1n h\u00ecnh<\/em><\/span><\/span><\/p>\n<p style=\"text-align: justify;\"><span style=\"font-family: 'times new roman', times, serif; font-size: 17px;\">Savitel cung c\u1ea5p d\u1ecbch v\u1ee5 s\u1eeda ch\u1eefa thi\u1ebft b\u1ecb <strong><a href=\"http:\/\/thietbihoinghi.com.vn\/\">h\u1ed9i ngh\u1ecb truy\u1ec1n h\u00ecnh<\/a><\/strong>, thi\u1ebft b\u1ecb Polycom chuy\u00ean nghi\u1ec7p. H\u00e3y li\u00ean h\u1ec7 ngay v\u1edbi ch\u00fang t\u00f4i theo s\u1ed1 hotline: 0938 053 816 n\u1ebfu b\u1ea1n \u0111ang g\u1eb7p ph\u1ea3i nh\u1eefng v\u1ea5n \u0111\u1ec1 v\u1ec1 thi\u1ebft b\u1ecb h\u1ed9i ngh\u1ecb truy\u1ec1n h\u00ecnh \u0111\u1ec3 nh\u1eadn \u0111\u01b0\u1ee3c s\u1ef1 h\u1ed7 tr\u1ee3 nhanh nh\u1ea5t.<\/span><\/p>\n<h2 style=\"text-align: justify;\"><span style=\"font-family: 'times new roman', times, serif; font-size: 19px; color: #3366ff;\"><strong>V\u00ec sao n\u00ean ch\u1ecdn d\u1ecbch v\u1ee5 s\u1eeda ch\u1eefa thi\u1ebft b\u1ecb h\u1ed9i ngh\u1ecb truy\u1ec1n h\u00ecnh c\u1ee7a SAVITEL?<\/strong><\/span><\/h2>\n<p><span style=\"font-family: 'times new roman', times, serif; font-size: 17px;\">\u2022 Lu\u00f4n c\u00f3 m\u1eb7t t\u1ea1i n\u01a1i thi\u1ebft b\u1ecb c\u1ee7a b\u1ea1n g\u1eb7p s\u1ef1 c\u1ed1 trong v\u00f2ng 02 gi\u1edd (n\u1ed9i th\u00e0nh TP.HCM v\u00e0 H\u00e0 N\u1ed9i).<\/span><\/p>\n<p><span style=\"font-family: 'times new roman', times, serif; font-size: 17px;\">\u2022 T\u01b0 v\u1ea5n, h\u1ed7 tr\u1ee3 qua \u0111i\u1ec7n tho\u1ea1i 24\/7.<\/span><\/p>\n<p><span style=\"font-family: 'times new roman', times, serif; font-size: 17px;\">\u2022 Ki\u1ec3m tra, x\u00e1c \u0111\u1ecbnh t\u00ecnh tr\u1ea1ng l\u1ed7i c\u1ee7a thi\u1ebft b\u1ecb v\u00e0 \u0111\u01b0a ra ph\u01b0\u01a1ng \u00e1n s\u1eeda ch\u1eefa nhanh ch\u00f3ng, k\u1ecbp th\u1eddi.<\/span><\/p>\n<p><span style=\"font-family: 'times new roman', times, serif; font-size: 17px;\">\u2022 H\u1ed7 tr\u1ee3, cho kh\u00e1ch h\u00e0ng m\u01b0\u1ee3n t\u1ea1m thi\u1ebft b\u1ecb thay th\u1ebf.<\/span><\/p>\n<p><span style=\"font-family: 'times new roman', times, serif; font-size: 17px;\">\u2022 Th\u1eddi gian s\u1eeda ch\u1eefa nhanh ch\u00f3ng.<\/span><\/p>\n<p><span style=\"font-family: 'times new roman', times, serif; font-size: 17px;\">\u2022 H\u1ed7 tr\u1ee3 m\u1edf r\u1ed9ng, n\u00e2ng c\u1ea5p thi\u1ebft b\u1ecb theo y\u00eau c\u1ea7u c\u1ee7a kh\u00e1ch h\u00e0ng.<\/span><\/p>\n<p><span style=\"font-family: 'times new roman', times, serif; font-size: 17px;\">\u2022 Ki\u1ec3m tra \u0111\u1ecbnh k\u1ef3 h\u00e0ng th\u00e1ng ho\u1eb7c h\u00e0ng qu\u00fd, v\u1ec7 sinh thi\u1ebft b\u1ecb\u2026 theo y\u00eau c\u1ea7u c\u1ee7a kh\u00e1ch h\u00e0ng.<\/span><\/p>\n<p><span style=\"font-family: 'times new roman', times, serif; font-size: 17px;\">\u2022 Gi\u00e1 th\u00e0nh h\u1ee3p l\u00fd.<\/span><\/p>\n<p>Xem th\u00eam:\u00a0<a href=\"\/?page_id=24\">D\u1ecbch v\u1ee5 t\u01b0 v\u1ea5n, demo thi\u1ebft b\u1ecb tr\u1ef1c tuy\u1ebfn<\/a><\/p>\n","protected":false},"excerpt":{"rendered":"<p>Ng\u00e0y nay gi\u1ea3i ph\u00e1p h\u1ed9i ngh\u1ecb truy\u1ec1n h\u00ecnh \u0111\u01b0\u1ee3c \u1ee9ng d\u1ee5ng r\u1ea5t \u0111a d\u1ea1ng v\u00e0 h\u1ea7u nh\u01b0 \u0111\u01b0\u1ee3c s\u1eed d\u1ee5ng cho t\u1ea5t c\u1ea3 c\u00e1c ng\u00e0nh, nh\u1ea5t l\u00e0 trong l\u0129nh v\u1ef1c kinh doanh, gi\u00e1o d\u1ee5c, y t\u1ebf hay t\u00e0i ch\u00ednh ng\u00e2n h\u00e0ng\u2026 C\u00f3 th\u1ec3 n\u00f3i h\u1ed9i ngh\u1ecb truy\u1ec1n h\u00ecnh th\u1eadt s\u1ef1 l\u00e0 m\u1ed9t gi\u1ea3i ph\u00e1p tuy\u1ec7t &hellip; <\/p>\n<p class=\"link-more\"><a href=\"https:\/\/thietbihoinghi.com.vn\/en\/sua-chua-thiet-bi-hoi-nghi-truyen-hinh-polycom\" class=\"more-link\">Continue reading<span class=\"screen-reader-text\"> &#8220;Repair equipment Polycom videoconferencing&#8221;<\/span><\/a><\/p>\n","protected":false},"author":1,"featured_media":0,"parent":0,"menu_order":0,"comment_status":"open","ping_status":"open","template":"","meta":{"footnotes":""},"class_list":["post-96","page","type-page","status-publish","hentry"],"_links":{"self":[{"href":"https:\/\/thietbihoinghi.com.vn\/en\/wp-json\/wp\/v2\/pages\/96","targetHints":{"allow":["GET"]}}],"collection":[{"href":"https:\/\/thietbihoinghi.com.vn\/en\/wp-json\/wp\/v2\/pages"}],"about":[{"href":"https:\/\/thietbihoinghi.com.vn\/en\/wp-json\/wp\/v2\/types\/page"}],"author":[{"embeddable":true,"href":"https:\/\/thietbihoinghi.com.vn\/en\/wp-json\/wp\/v2\/users\/1"}],"replies":[{"embeddable":true,"href":"https:\/\/thietbihoinghi.com.vn\/en\/wp-json\/wp\/v2\/comments?post=96"}],"version-history":[{"count":55,"href":"https:\/\/thietbihoinghi.com.vn\/en\/wp-json\/wp\/v2\/pages\/96\/revisions"}],"predecessor-version":[{"id":10915,"href":"https:\/\/thietbihoinghi.com.vn\/en\/wp-json\/wp\/v2\/pages\/96\/revisions\/10915"}],"wp:attachment":[{"href":"https:\/\/thietbihoinghi.com.vn\/en\/wp-json\/wp\/v2\/media?parent=96"}],"curies":[{"name":"wp","href":"https:\/\/api.w.org\/{rel}","templated":true}]}}