{"id":94,"date":"2006-10-11T06:00:00","date_gmt":"2006-10-11T06:00:00","guid":{"rendered":"http:\/\/thietbihoinghi.com.vn\/hnth\/?p=94"},"modified":"2015-10-30T10:31:19","modified_gmt":"2015-10-30T03:31:19","slug":"bao-hanh-va-bao-tri-thiet-bi-truyen-hinh-hoi-nghi","status":"publish","type":"page","link":"https:\/\/thietbihoinghi.com.vn\/en\/bao-hanh-va-bao-tri-thiet-bi-truyen-hinh-hoi-nghi","title":{"rendered":"Warranty and Maintenance Equipment Video Conferencing"},"content":{"rendered":"<p style=\"text-align: justify;\"><span style=\"font-family: 'times new roman', times, serif; font-size: 17px;\"><strong><a href=\"\/?page_id=94\">B\u1ea3o h\u00e0nh v\u00e0 b\u1ea3o tr\u1ecb thi\u1ebft b\u1ecb truy\u1ec1n h\u00ecnh h\u1ed9i ngh\u1ecb<\/a><\/strong> l\u00e0 m\u1ed9t trong nh\u1eefng v\u1ea5n \u0111\u1ec1 nh\u1eadn \u0111\u01b0\u1ee3c r\u1ea5t nhi\u1ec1u s\u1ef1 quan t\u00e2m t\u1eeb kh\u00e1ch h\u00e0ng. \u0110\u1eb7c bi\u1ec7t l\u00e0 khi d\u1ecbch v\u1ee5 b\u1ea3o tr\u00ec, b\u1ea3o h\u00e0nh \u0111\u01b0\u1ee3c th\u1ef1c hi\u1ec7n t\u1ed1t th\u00ec thi\u1ebft b\u1ecb m\u1edbi l\u00e2u b\u1ec1n v\u00e0 mang l\u1ea1i hi\u1ec7u qu\u1ea3 cao cho kh\u00e1ch h\u00e0ng. V\u1edbi nh\u1eefng \u0111\u01a1n h\u00e0ng c\u00f2n trong th\u1eddi gian b\u1ea3o h\u00e0nh th\u00ec vi\u1ec7c b\u1ea3o h\u00e0nh, b\u1ea3o tr\u00ec s\u1ebd \u0111\u01b0\u1ee3c th\u1ef1c hi\u1ec7n ra sao? Hay c\u00e1c \u0111\u01a1n h\u00e0ng \u0111\u00e3 h\u1ebft h\u1ea1n b\u1ea3o h\u00e0nh, b\u1ea3o tr\u00ec m\u00e0 kh\u00e1ch h\u00e0ng c\u00f3 nhu c\u1ea7u th\u00ec c\u1ea7n gi\u1ea3i quy\u1ebft v\u1ea5n \u0111\u1ec1 n\u00e0y nh\u01b0 th\u1ebf n\u00e0o?<\/span><\/p>\n<p style=\"text-align: justify;\">\u00a0<\/p>\n<p style=\"text-align: justify;\"><span style=\"font-family: 'times new roman', times, serif; font-size: 17px;\">Xem th\u00eam:\u00a0<a href=\"\/?page_id=24\">D\u1ecbch v\u1ee5 t\u01b0 v\u1ea5n, demo thi\u1ebft b\u1ecb tr\u1ef1c tuy\u1ebfn<\/a><\/span><\/p>\n<p style=\"text-align: justify;\">\u00a0<\/p>\n<p style=\"text-align: center;\"><span style=\"font-family: 'times new roman', times, serif; font-size: 17px;\"><a href=\"http:\/\/thietbihoinghi.com.vn\/wp-content\/uploads\/2006\/10\/dich-vu-bao-hanh-va-bao-tri-thiet-bi-truyen-hinh-hoi-nghi.jpg\"><img loading=\"lazy\" decoding=\"async\" class=\"aligncenter size-full wp-image-6401\" src=\"http:\/\/thietbihoinghi.com.vn\/wp-content\/uploads\/2006\/10\/dich-vu-bao-hanh-va-bao-tri-thiet-bi-truyen-hinh-hoi-nghi.jpg\" alt=\"B\u1ea3o h\u00e0nh v\u00e0 b\u1ea3o tr\u1ecb thi\u1ebft b\u1ecb truy\u1ec1n h\u00ecnh h\u1ed9i ngh\u1ecb\" width=\"538\" height=\"538\" srcset=\"https:\/\/thietbihoinghi.com.vn\/wp-content\/uploads\/2006\/10\/dich-vu-bao-hanh-va-bao-tri-thiet-bi-truyen-hinh-hoi-nghi.jpg 538w, https:\/\/thietbihoinghi.com.vn\/wp-content\/uploads\/2006\/10\/dich-vu-bao-hanh-va-bao-tri-thiet-bi-truyen-hinh-hoi-nghi-150x150.jpg 150w, https:\/\/thietbihoinghi.com.vn\/wp-content\/uploads\/2006\/10\/dich-vu-bao-hanh-va-bao-tri-thiet-bi-truyen-hinh-hoi-nghi-300x300.jpg 300w, https:\/\/thietbihoinghi.com.vn\/wp-content\/uploads\/2006\/10\/dich-vu-bao-hanh-va-bao-tri-thiet-bi-truyen-hinh-hoi-nghi-24x24.jpg 24w, https:\/\/thietbihoinghi.com.vn\/wp-content\/uploads\/2006\/10\/dich-vu-bao-hanh-va-bao-tri-thiet-bi-truyen-hinh-hoi-nghi-36x36.jpg 36w, https:\/\/thietbihoinghi.com.vn\/wp-content\/uploads\/2006\/10\/dich-vu-bao-hanh-va-bao-tri-thiet-bi-truyen-hinh-hoi-nghi-48x48.jpg 48w\" sizes=\"auto, (max-width: 538px) 100vw, 538px\" \/><\/a><span style=\"font-size: 14px;\"><em>B\u1ea3o h\u00e0nh v\u00e0 b\u1ea3o tr\u1ecb thi\u1ebft b\u1ecb truy\u1ec1n h\u00ecnh h\u1ed9i ngh\u1ecb<\/em><\/span><\/span><\/p>\n<p style=\"text-align: center;\">\u00a0<\/p>\n<h2 style=\"text-align: justify;\"><span style=\"font-family: 'times new roman', times, serif; font-size: 19px; color: #3366ff;\"><strong>SAVITEL cung c\u1ea5p d\u1ecbch v\u1ee5 b\u1ea3o h\u00e0nh, b\u1ea3o tr\u00ec thi\u1ebft b\u1ecb truy\u1ec1n h\u00ecnh h\u1ed9i ngh\u1ecb!<\/strong><\/span><\/h2>\n<p style=\"text-align: justify;\">\u00a0<\/p>\n<p style=\"text-align: justify;\"><span style=\"font-family: 'times new roman', times, serif; font-size: 17px;\">Hi\u1ec3u \u0111\u01b0\u1ee3c s\u1ef1 quan t\u00e2m v\u00e0 nh\u1eefng kh\u00f3 kh\u0103n m\u00e0 kh\u00e1ch h\u00e0ng th\u01b0\u1eddng g\u1eb7p ph\u1ea3i trong vi\u1ec7c b\u1ea3o tr\u00ec c\u0169ng nh\u01b0 <strong>b\u1ea3o h\u00e0nh thi\u1ebft b\u1ecb truy\u1ec1n h\u00ecnh tr\u1ef1c tuy\u1ebfn<\/strong>. C\u00f4ng ty <strong>SAVITEL<\/strong> tri\u1ec3n khai cung c\u1ea5p d\u1ecbch v\u1ee5 b\u1ea3o h\u00e0nh v\u00e0 b\u1ea3o tr\u00ec cho t\u1ea5t c\u1ea3 c\u00e1c kh\u00e1ch h\u00e0ng nh\u01b0 sau:<\/span><\/p>\n<p style=\"text-align: justify;\">\u00a0<\/p>\n<p style=\"text-align: justify;\"><span style=\"font-family: 'times new roman', times, serif; font-size: 17px;\"><u>Tr\u01b0\u1eddng h\u1ee3p b\u1ea3o h\u00e0nh, b\u1ea3o tr\u00ec thi\u1ebft b\u1ecb v\u1edbi nh\u1eefng \u0111\u01a1n h\u00e0ng c\u00f2n b\u1ea3o h\u00e0nh<\/u>:<\/span><\/p>\n<p style=\"text-align: justify;\"><span style=\"font-family: 'times new roman', times, serif; font-size: 17px;\">Song song v\u1edbi nh\u1eefng ti\u00eau chu\u1ea9n b\u1ea3o h\u00e0nh t\u1eeb nh\u00e0 s\u1ea3n xu\u1ea5t th\u00ec c\u00f4ng ty Savitel c\u00f2n \u00e1p d\u1ee5ng th\u00eam ch\u01b0\u01a1ng tr\u00ecnh h\u1ed7 tr\u1ee3 k\u1ef9 thu\u1eadt d\u00e0nh cho kh\u00e1ch h\u00e0ng:<\/span><\/p>\n<p style=\"text-align: justify;\"><span style=\"font-family: 'times new roman', times, serif; font-size: 17px;\">\u2022 H\u1ed7 tr\u1ee3 ki\u1ec3m tra, c\u00e0i \u0111\u1eb7t v\u00e0 c\u1ea5u h\u00ecnh l\u1ea1i thi\u1ebft b\u1ecb khi h\u1ec7 th\u1ed1ng b\u1ecb l\u1ed7i.<\/span><\/p>\n<p style=\"text-align: justify;\"><span style=\"font-family: 'times new roman', times, serif; font-size: 17px;\">\u2022 H\u1ed7 tr\u1ee3 k\u1ebft n\u1ed1i, gi\u00fap kh\u00e1ch h\u00e0ng test thi\u1ebft b\u1ecb v\u1edbi c\u00e1c ph\u00f2ng h\u1ecdp truy\u1ec1n h\u00ecnh tr\u1ef1c tuy\u1ebfn tr\u00ean to\u00e0n qu\u1ed1c c\u1ee7a c\u00f4ng ty Savitel.<\/span><\/p>\n<p style=\"text-align: justify;\"><span style=\"font-family: 'times new roman', times, serif; font-size: 17px;\">\u2022 H\u1ed7 tr\u1ee3 kh\u00e1ch h\u00e0ng v\u1eadn h\u00e0nh nh\u1eefng cu\u1ed9c h\u1ecdp quan tr\u1ecdng ho\u1eb7c \u0111\u00f2i h\u1ecfi y\u00eau c\u1ea7u k\u1ef9 thu\u1eadt cao.<\/span><\/p>\n<p style=\"text-align: justify;\"><span style=\"font-family: 'times new roman', times, serif; font-size: 17px;\">\u2022 Lu\u00f4n h\u1ed7 tr\u1ee3 v\u1ec1 k\u1ef9 thu\u1eadt 24\/7.<\/span><\/p>\n<p style=\"text-align: justify;\">\u00a0<\/p>\n<p style=\"text-align: center;\"><span style=\"font-family: 'times new roman', times, serif; font-size: 17px;\"><a href=\"http:\/\/thietbihoinghi.com.vn\/wp-content\/uploads\/2006\/10\/dich-vu-bao-hanh-va-bao-tri-thiet-bi-truyen-hinh-hoi-nghi-ho-tro.jpg\"><img loading=\"lazy\" decoding=\"async\" class=\"aligncenter size-full wp-image-6402\" src=\"http:\/\/thietbihoinghi.com.vn\/wp-content\/uploads\/2006\/10\/dich-vu-bao-hanh-va-bao-tri-thiet-bi-truyen-hinh-hoi-nghi-ho-tro.jpg\" alt=\"Lu\u00f4n h\u1ed7 tr\u1ee3 v\u1ec1 k\u1ef9 thu\u1eadt 24\/7\" width=\"600\" height=\"318\" srcset=\"https:\/\/thietbihoinghi.com.vn\/wp-content\/uploads\/2006\/10\/dich-vu-bao-hanh-va-bao-tri-thiet-bi-truyen-hinh-hoi-nghi-ho-tro.jpg 600w, https:\/\/thietbihoinghi.com.vn\/wp-content\/uploads\/2006\/10\/dich-vu-bao-hanh-va-bao-tri-thiet-bi-truyen-hinh-hoi-nghi-ho-tro-300x159.jpg 300w, https:\/\/thietbihoinghi.com.vn\/wp-content\/uploads\/2006\/10\/dich-vu-bao-hanh-va-bao-tri-thiet-bi-truyen-hinh-hoi-nghi-ho-tro-24x13.jpg 24w, https:\/\/thietbihoinghi.com.vn\/wp-content\/uploads\/2006\/10\/dich-vu-bao-hanh-va-bao-tri-thiet-bi-truyen-hinh-hoi-nghi-ho-tro-36x19.jpg 36w, https:\/\/thietbihoinghi.com.vn\/wp-content\/uploads\/2006\/10\/dich-vu-bao-hanh-va-bao-tri-thiet-bi-truyen-hinh-hoi-nghi-ho-tro-48x25.jpg 48w\" sizes=\"auto, (max-width: 600px) 100vw, 600px\" \/><\/a><span style=\"font-size: 14px;\"><em>Lu\u00f4n h\u1ed7 tr\u1ee3 v\u1ec1 k\u1ef9 thu\u1eadt 24\/7<\/em><\/span><\/span><\/p>\n<p style=\"text-align: justify;\">\u00a0<\/p>\n<p style=\"text-align: justify;\"><span style=\"font-family: 'times new roman', times, serif; font-size: 17px;\"><u>Tr\u01b0\u1eddng h\u1ee3p b\u1ea3o h\u00e0nh, b\u1ea3o tr\u00ec thi\u1ebft b\u1ecb v\u1edbi nh\u1eefng \u0111\u01a1n h\u00e0ng h\u1ebft h\u1ea1n b\u1ea3o h\u00e0nh:<\/u><\/span><\/p>\n<p style=\"text-align: justify;\"><span style=\"font-family: 'times new roman', times, serif; font-size: 17px;\">Hi\u1ec7n C\u00f4ng ty <strong>SAVITEL\u00a0<\/strong>c\u0169ng tri\u1ec3n khai cung c\u1ea5p g\u00f3i d\u1ecbch v\u1ee5 b\u1ea3o h\u00e0nh, b\u1ea3o tr\u00ec. Tr\u01b0\u1eddng h\u1ee3p \u0111\u01a1n h\u00e0ng \u0111\u00e3 h\u1ebft h\u1ea1n b\u1ea3o h\u00e0nh ho\u1eb7c b\u1ea3o tr\u00ec th\u00ec kh\u00e1ch h\u00e0ng c\u00f3 th\u1ec3 mua g\u00f3i d\u1ecbch v\u1ee5 n\u00e0y v\u00e0 s\u1ebd \u0111\u01b0\u1ee3c h\u1ed7 tr\u1ee3 theo \u0111\u00fang nh\u1eefng ti\u00eau chu\u1ea9n t\u1eeb nh\u00e0 s\u1ea3n xu\u1ea5t nh\u01b0:<\/span><\/p>\n<p style=\"text-align: justify;\">\u00a0<\/p>\n<p style=\"text-align: justify;\"><span style=\"font-family: 'times new roman', times, serif; font-size: 17px;\">\u2022 H\u1ed7 tr\u1ee3 k\u1ef9 thu\u1eadt qua \u0111i\u1ec7n tho\u1ea1i: gi\u00fap kh\u00e1ch h\u00e0ng c\u00f3 th\u1ec3 li\u00ean h\u1ec7 nhanh ch\u00f3ng v\u00e0 tr\u1ef1c ti\u1ebfp khi c\u1ea7n b\u1eb1ng \u0111i\u1ec7n tho\u1ea1i v\u1edbi c\u00e1c k\u1ef9 s\u01b0 c\u1ee7a h\u00e3ng \u0111\u1ec3 nh\u1eadn \u0111\u01b0\u1ee3c s\u1ef1 h\u1ed7 tr\u1ee3, t\u01b0 v\u1ea5n m\u1ed9t c\u00e1ch c\u1ee5 th\u1ec3 v\u00e0 k\u1ecbp th\u1eddi v\u1ec1 nh\u1eefng v\u1ea5n \u0111\u1ec1 k\u1ef9 thu\u1eadt.<\/span><\/p>\n<p style=\"text-align: justify;\">\u00a0<\/p>\n<p style=\"text-align: justify;\"><span style=\"font-family: 'times new roman', times, serif; font-size: 17px;\">\u2022 H\u1ed7 tr\u1ee3 k\u1ef9 thu\u1eadt qua m\u1ea1ng: gi\u00fap kh\u00e1ch h\u00e0ng c\u00f3 th\u1ec3 truy c\u1eadp v\u00e0o website c\u1ee7a h\u00e3ng \u0111\u1ec3 c\u1eadp nh\u1eadt \u0111\u01b0\u1ee3c nhi\u1ec1u h\u01a1n nh\u1eefng ki\u1ebfn th\u1ee9c m\u1edf r\u1ed9ng v\u1ec1 nh\u1eefng k\u1ef9 n\u0103ng hay nh\u1eefng ch\u1ee9c n\u0103ng, gi\u00fap kh\u00e1ch h\u00e0ng download nh\u1eefng ph\u1ea7n m\u1ec1m ho\u1eb7c \u1ee9ng d\u1ee5ng c\u1ee7a h\u00e3ng.<\/span><\/p>\n<p style=\"text-align: justify;\">\u00a0<\/p>\n<p style=\"text-align: justify;\"><span style=\"font-family: 'times new roman', times, serif; font-size: 17px;\">\u2022 H\u1ed7 tr\u1ee3 n\u00e2ng c\u1ea5p v\u00e0 c\u1eadp nh\u1eadt ph\u1ea7n m\u1ec1m (firmware): gi\u00fap kh\u1eafc ph\u1ee5c c\u00e1c l\u1ed7i v\u1ec1 ph\u1ea7n m\u1ec1m, c\u0169ng nh\u01b0 cung c\u1ea5p nh\u1eefng t\u00ednh n\u0103ng, ch\u1ee9c n\u0103ng m\u1edbi cho kh\u00e1ch h\u00e0ng.<\/span><\/p>\n<p style=\"text-align: justify;\">\u00a0<\/p>\n<p style=\"text-align: justify;\"><span style=\"font-family: 'times new roman', times, serif; font-size: 17px;\">\u2022 H\u1ed7 tr\u1ee3 thay th\u1ebf nh\u1eefng th\u00e0nh ph\u1ea7n, thi\u1ebft b\u1ecb h\u01b0 h\u1ecfng kh\u1ea9n c\u1ea5p khi h\u1ec7 th\u1ed1ng khi b\u1ecb l\u1ed7i. Tr\u01b0\u1eddng h\u1ee3p trung t\u00e2m h\u1ed7 tr\u1ee3 k\u1ef9 thu\u1eadt qua \u0111i\u1ec7n tho\u1ea1i nh\u1eadn th\u1ea5y thi\u1ebft b\u1ecb c\u1ee7a kh\u00e1ch h\u00e0ng b\u1ecb l\u1ed7i ho\u1eb7c b\u1ecb h\u1ecfng ph\u1ea7n c\u1ee9ng hay m\u1ed9t th\u00e0nh ph\u1ea7n n\u00e0o \u0111\u00f3 trong h\u1ec7 th\u1ed1ng g\u1eb7p s\u1ef1 c\u1ed1, tr\u1ee5c tr\u1eb7c nghi\u00eam tr\u1ecdng th\u00ec thi\u1ebft b\u1ecb thay th\u1ebf m\u1edbi s\u1ebd l\u1eadp t\u1ee9c \u0111\u01b0\u1ee3c g\u1eedi ngay \u0111\u1ebfn cho kh\u00e1ch h\u00e0ng trong tu\u1ea7n k\u1ebf ti\u1ebfp. Tuy nhi\u00ean th\u1eddi gian giao h\u00e0ng th\u1ef1c t\u1ebf s\u1ebd t\u00f9y thu\u1ed9c v\u00e0o nh\u1eefng y\u1ebfu t\u1ed1 kh\u00e1ch quan kh\u00e1c nh\u01b0: th\u1ee7 t\u1ee5c h\u1ea3i quan ho\u1eb7c g\u1eedi h\u00e0ng\u2026<\/span><\/p>\n<p style=\"text-align: justify;\"><span style=\"font-family: 'times new roman', times, serif; font-size: 17px;\">Xem th\u00eam:\u00a0<a href=\"\/?page_id=92\">C\u1ea5u h\u00ecnh v\u00e0 c\u00e0i \u0111\u1eb7t thi\u1ebft b\u1ecb h\u1ed9i ngh\u1ecb truy\u1ec1n h\u00ecnh<\/a><\/span><\/p>\n","protected":false},"excerpt":{"rendered":"<p>B\u1ea3o h\u00e0nh v\u00e0 b\u1ea3o tr\u1ecb thi\u1ebft b\u1ecb truy\u1ec1n h\u00ecnh h\u1ed9i ngh\u1ecb l\u00e0 m\u1ed9t trong nh\u1eefng v\u1ea5n \u0111\u1ec1 nh\u1eadn \u0111\u01b0\u1ee3c r\u1ea5t nhi\u1ec1u s\u1ef1 quan t\u00e2m t\u1eeb kh\u00e1ch h\u00e0ng. \u0110\u1eb7c bi\u1ec7t l\u00e0 khi d\u1ecbch v\u1ee5 b\u1ea3o tr\u00ec, b\u1ea3o h\u00e0nh \u0111\u01b0\u1ee3c th\u1ef1c hi\u1ec7n t\u1ed1t th\u00ec thi\u1ebft b\u1ecb m\u1edbi l\u00e2u b\u1ec1n v\u00e0 mang l\u1ea1i hi\u1ec7u qu\u1ea3 cao cho kh\u00e1ch &hellip; <\/p>\n<p class=\"link-more\"><a href=\"https:\/\/thietbihoinghi.com.vn\/en\/bao-hanh-va-bao-tri-thiet-bi-truyen-hinh-hoi-nghi\" class=\"more-link\">Continue reading<span class=\"screen-reader-text\"> &#8220;Warranty and Maintenance Equipment Video Conferencing&#8221;<\/span><\/a><\/p>\n","protected":false},"author":1,"featured_media":0,"parent":0,"menu_order":0,"comment_status":"open","ping_status":"open","template":"other-page.php","meta":{"footnotes":""},"class_list":["post-94","page","type-page","status-publish","hentry"],"_links":{"self":[{"href":"https:\/\/thietbihoinghi.com.vn\/en\/wp-json\/wp\/v2\/pages\/94","targetHints":{"allow":["GET"]}}],"collection":[{"href":"https:\/\/thietbihoinghi.com.vn\/en\/wp-json\/wp\/v2\/pages"}],"about":[{"href":"https:\/\/thietbihoinghi.com.vn\/en\/wp-json\/wp\/v2\/types\/page"}],"author":[{"embeddable":true,"href":"https:\/\/thietbihoinghi.com.vn\/en\/wp-json\/wp\/v2\/users\/1"}],"replies":[{"embeddable":true,"href":"https:\/\/thietbihoinghi.com.vn\/en\/wp-json\/wp\/v2\/comments?post=94"}],"version-history":[{"count":36,"href":"https:\/\/thietbihoinghi.com.vn\/en\/wp-json\/wp\/v2\/pages\/94\/revisions"}],"predecessor-version":[{"id":8031,"href":"https:\/\/thietbihoinghi.com.vn\/en\/wp-json\/wp\/v2\/pages\/94\/revisions\/8031"}],"wp:attachment":[{"href":"https:\/\/thietbihoinghi.com.vn\/en\/wp-json\/wp\/v2\/media?parent=94"}],"curies":[{"name":"wp","href":"https:\/\/api.w.org\/{rel}","templated":true}]}}