{"id":92,"date":"2006-10-11T06:00:00","date_gmt":"2006-10-11T06:00:00","guid":{"rendered":"http:\/\/thietbihoinghi.com.vn\/hnth\/?p=92"},"modified":"2015-10-30T10:30:58","modified_gmt":"2015-10-30T03:30:58","slug":"cau-hinh-va-cai-dat-thiet-bi-hoi-nghi-truyen-hinh","status":"publish","type":"page","link":"https:\/\/thietbihoinghi.com.vn\/en\/cau-hinh-va-cai-dat-thiet-bi-hoi-nghi-truyen-hinh","title":{"rendered":"Configuring and installing videoconferencing equipment"},"content":{"rendered":"<p style=\"text-align: justify;\"><span style=\"font-family: 'times new roman', times, serif; font-size: 17px;\">Ph\u01b0\u01a1ng th\u1ee9c t\u1ed5 ch\u1ee9c h\u1ed9i ngh\u1ecb, giao ti\u1ebfp hay t\u1ed5 ch\u1ee9c h\u1ed9i h\u1ecdp th\u00f4ng qua thi\u1ebft b\u1ecb h\u1ed9i ngh\u1ecb truy\u1ec1n h\u00ecnh l\u00e0 xu h\u01b0\u1edbng ch\u00ednh hi\u1ec7n nay m\u00e0 c\u00e1c doanh nghi\u1ec7p, t\u1ed5 ch\u1ee9c l\u1ef1a ch\u1ecdn nh\u1eb1m t\u0103ng hi\u1ec7u qu\u1ea3 ho\u1ea1t \u0111\u1ed9ng v\u00e0 gi\u1ea3m thi\u1ec3u chi ph\u00ed. \u0110\u1ec3 b\u1ed1 tr\u00ed \u0111\u01b0\u1ee3c h\u1ec7 th\u1ed1ng h\u1ed9i ngh\u1ecb truy\u1ec1n h\u00ecnh chuy\u00ean nghi\u1ec7p th\u00ec vi\u1ec7c l\u1eafp \u0111\u1eb7t, <strong><a href=\"\/?page_id=92\">c\u1ea5u h\u00ecnh v\u00e0 c\u00e0i \u0111\u1eb7t thi\u1ebft b\u1ecb h\u1ed9i ngh\u1ecb truy\u1ec1n h\u00ecnh<\/a><\/strong> \u0111\u00f3ng vai tr\u00f2 r\u1ea5t quan tr\u1ecdng.<\/span><\/p>\n<p style=\"text-align: justify;\"><span style=\"font-family: 'times new roman', times, serif;\">\u00a0<\/span><\/p>\n<p style=\"text-align: justify;\"><span style=\"font-family: 'times new roman', times, serif; font-size: 17px;\">Xem th\u00eam:\u00a0<a href=\"\/?page_id=98\">D\u1ecbch v\u1ee5 c\u00e0i \u0111\u1eb7t v\u00e0 c\u1ea5u h\u00ecnh network<\/a><\/span><\/p>\n<p style=\"text-align: justify;\"><span style=\"font-family: 'times new roman', times, serif; font-size: 17px;\">\u00a0<\/span><\/p>\n<h2 style=\"text-align: justify;\"><span style=\"font-family: 'times new roman', times, serif; font-size: 19px; color: #3366ff;\"><strong>\u0110\u1ec3 c\u1ea5u h\u00ecnh v\u00e0 c\u00e0i \u0111\u1eb7t thi\u1ebft b\u1ecb truy\u1ec1n h\u00ecnh c\u1ea7n nh\u1eefng y\u1ebfu t\u1ed1 g\u00ec?<\/strong><\/span><\/h2>\n<p style=\"text-align: justify;\"><span style=\"font-family: 'times new roman', times, serif; font-size: 17px;\">\u00a0<\/span><\/p>\n<p style=\"text-align: center;\"><span style=\"font-family: 'times new roman', times, serif; font-size: 17px;\"><a href=\"http:\/\/thietbihoinghi.com.vn\/wp-content\/uploads\/2006\/10\/dich-vu-cau-hinh-va-cai-dat-thiet-bi-hoi-nghi-truyen-hinh-chuyen-nghiep.jpg\"><img loading=\"lazy\" decoding=\"async\" class=\"aligncenter size-full wp-image-6405\" src=\"http:\/\/thietbihoinghi.com.vn\/wp-content\/uploads\/2006\/10\/dich-vu-cau-hinh-va-cai-dat-thiet-bi-hoi-nghi-truyen-hinh-chuyen-nghiep.jpg\" alt=\"c\u1ea5u h\u00ecnh v\u00e0 c\u00e0i \u0111\u1eb7t thi\u1ebft b\u1ecb truy\u1ec1n h\u00ecnh\" width=\"527\" height=\"392\" srcset=\"https:\/\/thietbihoinghi.com.vn\/wp-content\/uploads\/2006\/10\/dich-vu-cau-hinh-va-cai-dat-thiet-bi-hoi-nghi-truyen-hinh-chuyen-nghiep.jpg 527w, https:\/\/thietbihoinghi.com.vn\/wp-content\/uploads\/2006\/10\/dich-vu-cau-hinh-va-cai-dat-thiet-bi-hoi-nghi-truyen-hinh-chuyen-nghiep-300x223.jpg 300w, https:\/\/thietbihoinghi.com.vn\/wp-content\/uploads\/2006\/10\/dich-vu-cau-hinh-va-cai-dat-thiet-bi-hoi-nghi-truyen-hinh-chuyen-nghiep-24x18.jpg 24w, https:\/\/thietbihoinghi.com.vn\/wp-content\/uploads\/2006\/10\/dich-vu-cau-hinh-va-cai-dat-thiet-bi-hoi-nghi-truyen-hinh-chuyen-nghiep-36x27.jpg 36w, https:\/\/thietbihoinghi.com.vn\/wp-content\/uploads\/2006\/10\/dich-vu-cau-hinh-va-cai-dat-thiet-bi-hoi-nghi-truyen-hinh-chuyen-nghiep-48x36.jpg 48w\" sizes=\"auto, (max-width: 527px) 100vw, 527px\" \/><\/a><span style=\"font-size: 14px;\"><em>C\u1ea5u h\u00ecnh v\u00e0 c\u00e0i \u0111\u1eb7t thi\u1ebft b\u1ecb truy\u1ec1n h\u00ecnh<\/em><\/span><\/span><\/p>\n<p style=\"text-align: justify;\"><span style=\"font-family: 'times new roman', times, serif;\">\u00a0<\/span><\/p>\n<p style=\"text-align: justify;\"><span style=\"font-family: 'times new roman', times, serif; font-size: 17px;\">Kh\u00f4ng ch\u1ec9 \u0111\u00f2i h\u1ecfi nh\u1eefng ti\u00eau chu\u1ea9n ch\u00ednh x\u00e1c cao m\u00e0 \u0111\u1ec3 c\u1ea5u h\u00ecnh v\u00e0 c\u00e0i \u0111\u1eb7t <strong><a href=\"http:\/\/thietbihoinghi.com.vn\/\">thi\u1ebft b\u1ecb h\u1ed9i ngh\u1ecb truy\u1ec1n h\u00ecnh<\/a><\/strong> c\u00f2n c\u1ea7n ng\u01b0\u1eddi th\u1ef1c hi\u1ec7n ph\u1ea3i \u00e2m hi\u1ec3u s\u00e2u v\u1ec1 thi\u1ebft b\u1ecb, c\u0169ng nh\u01b0 ph\u1ea3i c\u00f3 kinh nghi\u1ec7m th\u1ef1c t\u1ebf trong vi\u1ec7c tri\u1ec3n khai, th\u1ef1c hi\u1ec7n c\u00e1c d\u1ef1 \u00e1n. Tr\u01b0\u1eddng h\u1ee3p khi c\u1ea7n b\u1ed1 tr\u00ed, l\u1eafp \u0111\u1eb7t cho nh\u1eefng d\u1ef1 \u00e1n c\u00f3 quy m\u00f4 l\u1edbn th\u00ec \u0111\u1ec3 vi\u1ec7c c\u00e0i \u0111\u1eb7t, c\u1ea5u h\u00ecnh c\u00f2n \u0111\u00f2i h\u1ecfi ph\u1ea3i ph\u1ed1i h\u1ee3p v\u1edbi nh\u1eefng chuy\u00ean gia c\u1ee7a c\u00e1c h\u00e3ng chuy\u00ean v\u1ec1 h\u1ed9i ngh\u1ecb truy\u1ec1n h\u00ecnh th\u00ec m\u1edbi c\u00f3 th\u1ec3 b\u1ed1 tr\u00ed, l\u1eafp \u0111\u1eb7t v\u00e0 c\u1ea5u h\u00ecnh h\u1ec7 th\u1ed1ng thi\u1ebft b\u1ecb cho kh\u00e1ch h\u00e0ng sao cho t\u1ed1i \u01b0u nh\u1ea5t.<\/span><\/p>\n<p style=\"text-align: justify;\"><span style=\"font-family: 'times new roman', times, serif; font-size: 17px;\">\u00a0<\/span><\/p>\n<h2 style=\"text-align: justify;\"><span style=\"font-family: 'times new roman', times, serif; font-size: 19px; color: #3366ff;\"><strong>\u01afu \u0111i\u1ec3m d\u1ecbch v\u1ee5 c\u1ea5u h\u00ecnh v\u00e0 c\u00e0i \u0111\u1eb7t thi\u1ebft b\u1ecb truy\u1ec1n h\u00ecnh C\u00f4ng ty SAVITEL!<\/strong><\/span><\/h2>\n<p style=\"text-align: justify;\"><span style=\"font-family: 'times new roman', times, serif; font-size: 17px;\">\u00a0<\/span><\/p>\n<p style=\"text-align: center;\"><span style=\"font-family: 'times new roman', times, serif; font-size: 17px;\"><a href=\"http:\/\/thietbihoinghi.com.vn\/wp-content\/uploads\/2006\/10\/dich-vu-cau-hinh-va-cai-dat-thiet-bi-hoi-nghi-truyen-hinh-e1437641153215.jpg\"><img loading=\"lazy\" decoding=\"async\" class=\"aligncenter size-full wp-image-6404\" src=\"http:\/\/thietbihoinghi.com.vn\/wp-content\/uploads\/2006\/10\/dich-vu-cau-hinh-va-cai-dat-thiet-bi-hoi-nghi-truyen-hinh-e1437641153215.jpg\" alt=\"\u01afu \u0111i\u1ec3m d\u1ecbch v\u1ee5 c\u1ea5u h\u00ecnh v\u00e0 c\u00e0i \u0111\u1eb7t thi\u1ebft b\u1ecb truy\u1ec1n h\u00ecnh C\u00f4ng ty SAVITEL\" width=\"600\" height=\"355\" \/><\/a><span style=\"font-size: 14px;\"><em>\u01afu \u0111i\u1ec3m d\u1ecbch v\u1ee5 c\u1ea5u h\u00ecnh v\u00e0 c\u00e0i \u0111\u1eb7t thi\u1ebft b\u1ecb truy\u1ec1n h\u00ecnh C\u00f4ng ty SAVITEL<\/em><\/span><\/span><\/p>\n<p style=\"text-align: justify;\"><span style=\"font-family: 'times new roman', times, serif;\">\u00a0<\/span><\/p>\n<p style=\"text-align: justify;\"><span style=\"font-family: 'times new roman', times, serif; font-size: 17px;\">\u2022 D\u1ecbch v\u1ee5 c\u00e0i \u0111\u1eb7t, c\u1ea5u h\u00ecnh chuy\u00ean nghi\u1ec7p v\u00e0 uy t\u00edn.<\/span><\/p>\n<p style=\"text-align: justify;\"><span style=\"font-family: 'times new roman', times, serif; font-size: 17px;\">\u2022 Nh\u00e2n vi\u00ean c\u00f3 tr\u00ecnh \u0111\u1ed9 chuy\u00ean m\u00f4n cao.<\/span><\/p>\n<p style=\"text-align: justify;\"><span style=\"font-family: 'times new roman', times, serif; font-size: 17px;\">\u2022 Tr\u1ea3i qua qu\u00e1 tr\u00ecnh \u0111\u00e0o t\u1ea1o chuy\u00ean nghi\u1ec7p t\u1eeb trong v\u00e0 ngo\u00e0i n\u01b0\u1edbc.<\/span><\/p>\n<p style=\"text-align: justify;\"><span style=\"font-family: 'times new roman', times, serif; font-size: 17px;\">\u2022 K\u1ef9 s\u01b0 \u0111\u01b0\u1ee3c c\u1ea5p ch\u1ee9ng nh\u1eadn t\u1eeb c\u00e1c h\u00e3ng thi\u1ebft b\u1ecb h\u1ed9i ngh\u1ecb truy\u1ec1n h\u00ecnh.<\/span><\/p>\n<p style=\"text-align: justify;\"><span style=\"font-family: 'times new roman', times, serif; font-size: 17px;\">\u2022 Gi\u00e0u kinh nghi\u1ec7m th\u1ef1c t\u1ebf trong vi\u1ec7c c\u00e0i \u0111\u1eb7t, c\u1ea5u h\u00ecnh thi\u1ebft b\u1ecb.<\/span><\/p>\n<p style=\"text-align: justify;\"><span style=\"font-family: 'times new roman', times, serif; font-size: 17px;\">\u2022 Qu\u00e1 tr\u00ecnh l\u1eafp \u0111\u1eb7t, c\u1ea5u h\u00ecnh, c\u00e0i \u0111\u1eb7t thi\u1ebft b\u1ecb nhanh ch\u00f3ng.<\/span><\/p>\n<p style=\"text-align: justify;\"><span style=\"font-family: 'times new roman', times, serif; font-size: 17px;\">\u2022 Thi\u1ebft b\u1ecb \u0111\u01b0\u1ee3c c\u00e0i \u0111\u1eb7t, c\u1ea7u h\u00ecnh ho\u00e0n h\u1ea3o, t\u1ed1i \u01b0u nh\u1ea5t.<\/span><\/p>\n<p style=\"text-align: justify;\"><span style=\"font-family: 'times new roman', times, serif; font-size: 17px;\">\u2022 \u0110\u1ed9i ng\u0169 nh\u00e2n vi\u00ean, k\u1ef9 s\u01b0 lu\u00f4n h\u1ed7 tr\u1ee3 t\u01b0 v\u1ea5n 24\/7.<\/span><\/p>\n<p style=\"text-align: justify;\"><span style=\"font-family: 'times new roman', times, serif; font-size: 17px;\">\u2022 Gi\u00e1 th\u00e0nh \u01b0u \u0111\u00e3i.<\/span><\/p>\n<p style=\"text-align: justify;\"><span style=\"font-family: 'times new roman', times, serif; font-size: 17px;\">\u00a0<\/span><\/p>\n<p style=\"text-align: justify;\"><span style=\"font-family: 'times new roman', times, serif; font-size: 17px;\">Xem th\u00eam:\u00a0<a href=\"\/?page_id=90\">Cho thu\u00ea thi\u1ebft b\u1ecb h\u1ed9i ngh\u1ecb truy\u1ec1n h\u00ecnh<\/a><\/span><\/p>\n","protected":false},"excerpt":{"rendered":"<p>Ph\u01b0\u01a1ng th\u1ee9c t\u1ed5 ch\u1ee9c h\u1ed9i ngh\u1ecb, giao ti\u1ebfp hay t\u1ed5 ch\u1ee9c h\u1ed9i h\u1ecdp th\u00f4ng qua thi\u1ebft b\u1ecb h\u1ed9i ngh\u1ecb truy\u1ec1n h\u00ecnh l\u00e0 xu h\u01b0\u1edbng ch\u00ednh hi\u1ec7n nay m\u00e0 c\u00e1c doanh nghi\u1ec7p, t\u1ed5 ch\u1ee9c l\u1ef1a ch\u1ecdn nh\u1eb1m t\u0103ng hi\u1ec7u qu\u1ea3 ho\u1ea1t \u0111\u1ed9ng v\u00e0 gi\u1ea3m thi\u1ec3u chi ph\u00ed. \u0110\u1ec3 b\u1ed1 tr\u00ed \u0111\u01b0\u1ee3c h\u1ec7 th\u1ed1ng h\u1ed9i ngh\u1ecb truy\u1ec1n &hellip; <\/p>\n<p class=\"link-more\"><a href=\"https:\/\/thietbihoinghi.com.vn\/en\/cau-hinh-va-cai-dat-thiet-bi-hoi-nghi-truyen-hinh\" class=\"more-link\">Continue reading<span class=\"screen-reader-text\"> &#8220;Configuring and installing videoconferencing equipment&#8221;<\/span><\/a><\/p>\n","protected":false},"author":1,"featured_media":0,"parent":0,"menu_order":0,"comment_status":"open","ping_status":"open","template":"other-page.php","meta":{"footnotes":""},"class_list":["post-92","page","type-page","status-publish","hentry"],"_links":{"self":[{"href":"https:\/\/thietbihoinghi.com.vn\/en\/wp-json\/wp\/v2\/pages\/92","targetHints":{"allow":["GET"]}}],"collection":[{"href":"https:\/\/thietbihoinghi.com.vn\/en\/wp-json\/wp\/v2\/pages"}],"about":[{"href":"https:\/\/thietbihoinghi.com.vn\/en\/wp-json\/wp\/v2\/types\/page"}],"author":[{"embeddable":true,"href":"https:\/\/thietbihoinghi.com.vn\/en\/wp-json\/wp\/v2\/users\/1"}],"replies":[{"embeddable":true,"href":"https:\/\/thietbihoinghi.com.vn\/en\/wp-json\/wp\/v2\/comments?post=92"}],"version-history":[{"count":38,"href":"https:\/\/thietbihoinghi.com.vn\/en\/wp-json\/wp\/v2\/pages\/92\/revisions"}],"predecessor-version":[{"id":8030,"href":"https:\/\/thietbihoinghi.com.vn\/en\/wp-json\/wp\/v2\/pages\/92\/revisions\/8030"}],"wp:attachment":[{"href":"https:\/\/thietbihoinghi.com.vn\/en\/wp-json\/wp\/v2\/media?parent=92"}],"curies":[{"name":"wp","href":"https:\/\/api.w.org\/{rel}","templated":true}]}}