{"id":90,"date":"2006-10-11T06:00:00","date_gmt":"2006-10-11T06:00:00","guid":{"rendered":"http:\/\/thietbihoinghi.com.vn\/hnth\/?p=90"},"modified":"2020-10-30T09:25:13","modified_gmt":"2020-10-30T02:25:13","slug":"cho-thue-thiet-bi-hoi-nghi-truyen-hinh","status":"publish","type":"page","link":"https:\/\/thietbihoinghi.com.vn\/en\/cho-thue-thiet-bi-hoi-nghi-truyen-hinh","title":{"rendered":"Rental equipment videoconferencing"},"content":{"rendered":"<p><\/p>\n<p style=\"text-align: justify;\"><span style=\"font-family: 'times new roman', times, serif; font-size: 17px;\"><strong>SAVITEL<\/strong> cung c\u1ea5p <strong><a href=\"\/?page_id=90\">d\u1ecbch v\u1ee5 cho thu\u00ea thi\u1ebft b\u1ecb h\u1ed9i ngh\u1ecb truy\u1ec1n h\u00ecnh<\/a><\/strong> v\u00e0 cho thu\u00ea ph\u00f2ng h\u1ecdp nh\u1eb1m \u0111\u1ec3 ph\u1ee5c v\u1ee5 nh\u1eefng kh\u00e1ch h\u00e0ng c\u00f3 nhu c\u1ea7u tri\u1ec3n khai h\u1ed9i ngh\u1ecb truy\u1ec1n h\u00ecnh m\u00e0 kh\u00f4ng c\u1ea7n ph\u1ea3i cam k\u1ebft v\u1ec1 chi ph\u00ed v\u1ed1n. Hi\u1ec7n nay c\u00f4ng ty ch\u00fang t\u00f4i nh\u1eadn th\u1ea5y r\u1eb1ng c\u00f3 r\u1ea5t nhi\u1ec1u kh\u00e1ch h\u00e0ng \u0111ang r\u1ea5t c\u1ea7n \u1ee9ng d\u1ee5ng d\u1ecbch v\u1ee5 thu\u00ea thi\u1ebft b\u1ecb h\u1ed9i ngh\u1ecb truy\u1ec1n h\u00ecnh c\u0169ng nh\u01b0 thu\u00ea thu\u00ea ph\u00f2ng h\u1ecdp. Khi \u0111\u00e2y \u0111\u01b0\u1ee3c xem l\u00e0 m\u1ed9t gi\u1ea3i ph\u00e1p mang l\u1ea1i hi\u1ec7u qu\u1ea3 cao v\u00e0 t\u1ee9c th\u1eddi \u0111\u1ec3 kh\u00e1ch h\u00e0ng c\u00f3 th\u1ec3 tr\u1ea3i nghi\u1ec7m nh\u1eefng l\u1ee3i \u00edch t\u1eeb h\u1ec7 th\u1ed1ng h\u1ed9i ngh\u1ecb truy\u1ec1n h\u00ecnh c\u0169ng nh\u01b0 c\u00f3 th\u1ec3 ti\u1ebft ki\u1ec7m chi ph\u00ed cho vi\u1ec7c \u0111\u1ea7u t\u01b0 thi\u1ebft b\u1ecb.<\/span><\/p>\n<p style=\"text-align: justify;\">\u00a0<\/p>\n<p style=\"text-align: center;\"><span style=\"font-family: 'times new roman', times, serif; font-size: 17px;\"><a href=\"http:\/\/thietbihoinghi.com.vn\/wp-content\/uploads\/2006\/10\/cho-thue-thiet-bi-hoi-nghi-truyen-hinh-loi-ich.jpg\"><img loading=\"lazy\" decoding=\"async\" class=\"aligncenter size-full wp-image-6411\" src=\"http:\/\/thietbihoinghi.com.vn\/wp-content\/uploads\/2006\/10\/cho-thue-thiet-bi-hoi-nghi-truyen-hinh-loi-ich.jpg\" alt=\"thi\u1ebft b\u1ecb h\u1ed9i ngh\u1ecb truy\u1ec1n h\u00ecnh\" width=\"490\" height=\"326\" srcset=\"https:\/\/thietbihoinghi.com.vn\/wp-content\/uploads\/2006\/10\/cho-thue-thiet-bi-hoi-nghi-truyen-hinh-loi-ich.jpg 490w, https:\/\/thietbihoinghi.com.vn\/wp-content\/uploads\/2006\/10\/cho-thue-thiet-bi-hoi-nghi-truyen-hinh-loi-ich-300x200.jpg 300w, https:\/\/thietbihoinghi.com.vn\/wp-content\/uploads\/2006\/10\/cho-thue-thiet-bi-hoi-nghi-truyen-hinh-loi-ich-24x16.jpg 24w, https:\/\/thietbihoinghi.com.vn\/wp-content\/uploads\/2006\/10\/cho-thue-thiet-bi-hoi-nghi-truyen-hinh-loi-ich-36x24.jpg 36w, https:\/\/thietbihoinghi.com.vn\/wp-content\/uploads\/2006\/10\/cho-thue-thiet-bi-hoi-nghi-truyen-hinh-loi-ich-48x32.jpg 48w\" sizes=\"auto, (max-width: 490px) 100vw, 490px\" \/><\/a><span style=\"font-size: 14px;\"><em>Thi\u1ebft b\u1ecb h\u1ed9i ngh\u1ecb truy\u1ec1n h\u00ecnh<\/em><\/span><\/span><\/p>\n<p style=\"text-align: justify;\">\u00a0<\/p>\n<p style=\"text-align: justify;\"><span style=\"font-family: 'times new roman', times, serif; font-size: 17px;\">D\u1ecbch v\u1ee5 cho thu\u00ea thi\u1ebft b\u1ecb <strong><a href=\"http:\/\/thietbihoinghi.com.vn\/\">h\u1ed9i ngh\u1ecb truy\u1ec1n h\u00ecnh<\/a><\/strong> c\u0169ng nh\u01b0 d\u1ecbch v\u1ee5 cho thu\u00ea ph\u00f2ng h\u1ecdp l\u00e0 l\u1ef1a ch\u1ecdn thay th\u1ebf t\u1ed1i \u01b0u cho c\u00e1c t\u1ed5 ch\u1ee9c, c\u00e1c doanh nghi\u1ec7p hay c\u00f4ng ty g\u1eb7p nh\u1eefng kh\u00f3 kh\u0103n trong vi\u1ec7c x\u00e2y d\u1ef1ng h\u1ec7 th\u1ed1ng h\u1ed9i ngh\u1ecb truy\u1ec1n h\u00ecnh. V\u1edbi chi ph\u00ed h\u00e0ng th\u00e1ng v\u00f4 c\u00f9ng h\u1ee3p l\u00fd, c\u00e1c t\u1ed5 ch\u1ee9c, doanh nghi\u1ec7p s\u1ebd nh\u1eadn \u0111\u01b0\u1ee3c ch\u1ea5t l\u01b0\u1ee3ng d\u1ecbch v\u1ee5 t\u1ed1t nh\u1ea5t b\u1edfi Savitel t\u1eeb vi\u1ec7c cung c\u1ea5p c\u00e1c h\u1ec7 th\u1ed1ng, c\u01a1 s\u1edf h\u1ea1 t\u1ea7ng, cho \u0111\u1ebfn vi\u1ec7c k\u1ebft n\u1ed1i, cung c\u1ea5p thi\u1ebft b\u1ecb hi\u1ec3n th\u1ecb h\u00ecnh \u1ea3nh hay c\u00e0i \u0111\u1eb7t, duy tr\u00ec v\u00e0 qu\u1ea3n l\u00fd.<\/span><\/p>\n<p style=\"text-align: justify;\">\u00a0<\/p>\n<p style=\"text-align: justify;\"><span style=\"font-family: 'times new roman', times, serif; font-size: 17px;\">Xem th\u00eam:\u00a0<a href=\"\/?page_id=96\">S\u1eeda ch\u1eefa thi\u1ebft b\u1ecb h\u1ed9i ngh\u1ecb truy\u1ec1n h\u00ecnh Polycom<\/a><\/span><\/p>\n<p style=\"text-align: justify;\">\u00a0<\/p>\n<h2 style=\"text-align: justify;\"><span style=\"font-family: 'times new roman', times, serif; font-size: 19px; color: #3366ff;\"><strong>D\u1ecbch v\u1ee5 thu\u00ea thi\u1ebft b\u1ecb h\u1ed9i ngh\u1ecb truy\u1ec1n h\u00ecnh, thu\u00ea ph\u00f2ng h\u1ecdp c\u00f3 nh\u1eefng l\u1ee3i \u00edch g\u00ec?<\/strong><\/span><\/h2>\n<p style=\"text-align: justify;\">\u00a0<\/p>\n<p style=\"text-align: justify;\"><span style=\"font-family: 'times new roman', times, serif; font-size: 17px;\">\u2022 D\u1ecbch v\u1ee5 cung c\u1ea5p \u0111\u1ea7y \u0111\u1ee7 c\u00e1c thi\u1ebft b\u1ecb h\u1ed9i ngh\u1ecb truy\u1ec1n h\u00ecnh ch\u1ea5t l\u01b0\u1ee3ng t\u1eeb c\u00e1c h\u00e3ng Polycom, Aver, Tivi LCD\u2026<\/span><\/p>\n<p style=\"text-align: justify;\"><span style=\"font-family: 'times new roman', times, serif; font-size: 17px;\">\u2022 Kh\u00e1ch h\u00e0ng d\u1ec5 d\u00e0ng k\u1ebft n\u1ed1i v\u1edbi nhi\u1ec1u \u0111i\u1ec3m c\u00f9ng l\u00fac, h\u1ec9nh \u1ea3nh chu\u1ea9n HD, \u00e2m thanh ch\u00e2n th\u1ef1c gi\u00fap cu\u1ed9c h\u1ecdp hay h\u1ed9i ngh\u1ecb, h\u1ed9i th\u1ea3o \u0111\u1ea1t hi\u1ec7u qu\u1ea3 cao.<\/span><\/p>\n<p style=\"text-align: justify;\"><span style=\"font-family: 'times new roman', times, serif; font-size: 17px;\">\u2022 H\u1ec7 th\u1ed1ng ph\u00f2ng h\u1ecdp hi\u1ec7n \u0111\u1ea1i, r\u1ed9ng r\u00e3i v\u00e0 sang tr\u1ecdng.<\/span><\/p>\n<p style=\"text-align: justify;\"><span style=\"font-family: 'times new roman', times, serif; font-size: 17px;\">\u2022 \u0110\u1ed9i ng\u0169 k\u1ef9 thu\u1eadt chuy\u00ean nghi\u1ec7p, h\u1ed5 tr\u1ee3 24\/24, \u0111\u00e1p \u1ee9ng nhu c\u1ea7u s\u1eed d\u1ee5ng thi\u1ebft b\u1ecb c\u00f9ng s\u1eed d\u1ee5ng ph\u00f2ng h\u1ee3p m\u1ecdi l\u00fac.<\/span><\/p>\n<p style=\"text-align: justify;\"><span style=\"font-family: 'times new roman', times, serif; font-size: 17px;\">\u2022 T\u01b0 v\u1ea5n mi\u1ec5n ph\u00ed cho t\u1ea5t c\u1ea3 c\u00e1c kh\u00e1c h\u00e0ng v\u1ec1 nh\u1eefng th\u1eafc m\u1eafc li\u00ean quan \u0111\u1ebfn d\u1ecbch v\u1ee5 v\u00e0 thi\u1ebft b\u1ecb.<\/span><\/p>\n<p style=\"text-align: justify;\"><span style=\"font-family: 'times new roman', times, serif; font-size: 17px;\">\u2022 Thu\u00ea ph\u00f2ng h\u1ecdp hay thi\u1ebft b\u1ecb truy\u1ec1n h\u00ecnh h\u1ed9i ngh\u1ecb c\u00f2n gi\u00fap kh\u00e1ch h\u00e0ng ti\u1ebft ki\u1ec7m \u0111\u01b0\u1ee3c t\u1ed1i \u0111a c\u1ea3 v\u1ec1 th\u1eddi gian c\u0169ng nh\u01b0 v\u1ec1 chi ph\u00ed.<\/span><\/p>\n<p style=\"text-align: justify;\"><span style=\"font-family: 'times new roman', times, serif; font-size: 17px;\">\u2022 Kh\u00f4ng t\u1ed1n chi ph\u00ed \u0111\u1ea7u t\u01b0 ban \u0111\u1ea7u v\u1ec1 thi\u1ebft b\u1ecb, c\u01a1 s\u1edf v\u1eadt ch\u1ea5t.<\/span><\/p>\n<p style=\"text-align: justify;\"><span style=\"font-family: 'times new roman', times, serif; font-size: 17px;\">\u2022 Kh\u00f4ng t\u1ed1n k\u00e9m trong vi\u1ec7c b\u1ea3o tr\u00ec, n\u00e2ng c\u1ea5p, s\u1eeda ch\u1eefa thi\u1ebft b\u1ecb.<\/span><\/p>\n<p style=\"text-align: justify;\"><span style=\"font-family: 'times new roman', times, serif; font-size: 17px;\">\u2022 Gi\u1ea3i ph\u00e1p t\u1ed5ng th\u1ec3 v\u00e0 ho\u00e0n h\u1ea3o mang l\u1ea1i hi\u1ec7u qu\u1ea3 cao cho kh\u00e1ch h\u00e0ng.<\/span><\/p>\n<p style=\"text-align: justify;\">\u00a0<\/p>\n<p style=\"text-align: center;\"><span style=\"font-family: 'times new roman', times, serif; font-size: 17px;\"><a href=\"http:\/\/thietbihoinghi.com.vn\/wp-content\/uploads\/2006\/10\/cho-thue-thiet-bi-hoi-nghi-truyen-hinh.jpg\"><img loading=\"lazy\" decoding=\"async\" class=\"aligncenter size-full wp-image-6410\" src=\"http:\/\/thietbihoinghi.com.vn\/wp-content\/uploads\/2006\/10\/cho-thue-thiet-bi-hoi-nghi-truyen-hinh.jpg\" alt=\"D\u1ecbch v\u1ee5 thu\u00ea thi\u1ebft b\u1ecb h\u1ed9i ngh\u1ecb truy\u1ec1n h\u00ecnh\" width=\"600\" height=\"400\" srcset=\"https:\/\/thietbihoinghi.com.vn\/wp-content\/uploads\/2006\/10\/cho-thue-thiet-bi-hoi-nghi-truyen-hinh.jpg 600w, https:\/\/thietbihoinghi.com.vn\/wp-content\/uploads\/2006\/10\/cho-thue-thiet-bi-hoi-nghi-truyen-hinh-300x200.jpg 300w, https:\/\/thietbihoinghi.com.vn\/wp-content\/uploads\/2006\/10\/cho-thue-thiet-bi-hoi-nghi-truyen-hinh-24x16.jpg 24w, https:\/\/thietbihoinghi.com.vn\/wp-content\/uploads\/2006\/10\/cho-thue-thiet-bi-hoi-nghi-truyen-hinh-36x24.jpg 36w, https:\/\/thietbihoinghi.com.vn\/wp-content\/uploads\/2006\/10\/cho-thue-thiet-bi-hoi-nghi-truyen-hinh-48x32.jpg 48w\" sizes=\"auto, (max-width: 600px) 100vw, 600px\" \/><\/a><span style=\"font-size: 14px;\"><em>D\u1ecbch v\u1ee5 thu\u00ea thi\u1ebft b\u1ecb h\u1ed9i ngh\u1ecb truy\u1ec1n h\u00ecnh<\/em><\/span><\/span><\/p>\n<p style=\"text-align: justify;\">\u00a0<\/p>\n<h2 style=\"text-align: justify;\"><span style=\"font-family: 'times new roman', times, serif; font-size: 19px; color: #3366ff;\"><strong>V\u00ec sao n\u00ean ch\u1ecdn thu\u00ea thi\u1ebft b\u1ecb h\u1ed9i ngh\u1ecb truy\u1ec1n h\u00ecnh c\u1ee7a Savitel?<\/strong><\/span><\/h2>\n<p style=\"text-align: justify;\">\u00a0<\/p>\n<p style=\"text-align: justify;\"><span style=\"font-family: 'times new roman', times, serif; font-size: 17px;\">\u2022 <strong>SAVITEL<\/strong> nh\u00e0 cung c\u1ea5p d\u1ecbch v\u1ee5 thi\u1ebft b\u1ecb truy\u1ec1n h\u00ecnh h\u1ed9i ngh\u1ecb uy t\u00edn v\u00e0 chuy\u00ean nghi\u1ec7p<\/span><\/p>\n<p style=\"text-align: justify;\"><span style=\"font-family: 'times new roman', times, serif; font-size: 17px;\">\u2022 Cung c\u1ea5p \u0111\u1ea7y \u0111\u1ee7 thi\u1ebft b\u1ecb h\u1ed9i ngh\u1ecb truy\u1ec1n h\u00ecnh ph\u00f9 h\u1ee3p v\u1edbi y\u00eau c\u1ea7u c\u1ee7a b\u1ea1n.<\/span><\/p>\n<p style=\"text-align: justify;\"><span style=\"font-family: 'times new roman', times, serif; font-size: 17px;\">\u2022 \u0110\u1ed9i ng\u0169 nh\u00e2n vi\u00ean k\u1ef9 thu\u1eadt \u0111\u01b0\u1ee3c \u0111\u00e0o t\u1ea1o chuy\u00ean nghi\u1ec7p, gi\u00e0u kinh nghi\u1ec7m, h\u1ed7 tr\u1ee3 kh\u00e1ch h\u00e0ng 24\/7.<\/span><\/p>\n<p style=\"text-align: justify;\"><span style=\"font-family: 'times new roman', times, serif; font-size: 17px;\">\u2022 Kh\u00e1ch h\u00e0ng \u0111\u01b0\u1ee3c truy c\u1eadp \u0111\u01b0\u1ee3c internet c\u00f3 t\u1ed1c \u0111\u1ed9 cao v\u1edbi k\u1ebft n\u1ed1i Wi-Fi.<\/span><\/p>\n<p style=\"text-align: justify;\"><span style=\"font-family: 'times new roman', times, serif; font-size: 17px;\">\u2022 D\u1ecbch v\u1ee5 c\u00f3 gi\u00e1 c\u1ea3 c\u1ea1nh tranh v\u00e0 nhi\u1ec1u ch\u01b0\u01a1ng tr\u00ecnh khuy\u1ebfn m\u00e3i h\u1ea5p d\u1eabn.<\/span><\/p>\n<p style=\"text-align: justify;\"><span style=\"font-family: 'times new roman', times, serif; font-size: 17px;\">\u2022 D\u1ecbch v\u1ee5 \u0111\u1eb7t tr\u01b0\u1edbc d\u1ec5 d\u00e0ng, thu\u1eadn ti\u1ec7n v\u00e0 nhanh ch\u00f3ng.<\/span><\/p>\n<p style=\"text-align: justify;\"><span style=\"font-family: 'times new roman', times, serif; font-size: 17px;\">\u2022 T\u01b0 v\u1ea5n v\u00e0 c\u00e0i \u0111\u1eb7t thi\u1ebft b\u1ecb khi kh\u00e1ch h\u00e0ng c\u00f3 nhu c\u1ea7u.<\/span><\/p>\n<p style=\"text-align: justify;\"><span style=\"font-family: 'times new roman', times, serif; font-size: 17px;\">\u2022 H\u1ed7 tr\u1ee3 c\u00e0i \u0111\u1eb7t ph\u1ea7n m\u1ec1m h\u1ed9i ngh\u1ecb truy\u1ec1n h\u00ecnh c\u01a1 b\u1ea3n.<\/span><\/p>\n<p style=\"text-align: justify;\"><span style=\"font-family: 'times new roman', times, serif; font-size: 17px;\">\u2022 \u0110\u1ed5i m\u00e1y thi\u1ebft b\u1ecb kh\u00e1c cho kh\u00e1ch h\u00e0ng khi c\u00f3 s\u1ef1 c\u1ed1.<\/span><\/p>\n<p style=\"text-align: justify;\"><span style=\"font-family: 'times new roman', times, serif; font-size: 17px;\">\u2022 Giao h\u00e0ng v\u00e0 l\u1eafp \u0111\u1eb7t thi\u1ebft b\u1ecb t\u1eadn n\u01a1i nhanh ch\u00f3ng.<\/span><\/p>\n<p style=\"text-align: justify;\">\u00a0<\/p>\n<p style=\"text-align: justify;\"><span style=\"font-family: 'times new roman', times, serif; font-size: 17px;\"><strong>SAVITEL<\/strong> \u2013 C\u00f4ng ty cung c\u1ea5p d\u1ecbch v\u1ee5 cho thu\u00ea thi\u1ebft b\u1ecb h\u1ed9i ngh\u1ecb truy\u1ec1n h\u00ecnh, cho thu\u00ea ph\u00f2ng h\u1ecdp chuy\u00ean nghi\u1ec7p v\u1edbi chi ph\u00ed h\u1ee3p l\u00fd nh\u1ea5t!<\/span><\/p>\n<p style=\"text-align: justify;\">\u00a0<\/p>\n<p style=\"text-align: justify;\"><span style=\"font-family: 'times new roman', times, serif; font-size: 17px;\">Xem th\u00eam:\u00a0<a href=\"\/?page_id=94\">B\u1ea3o h\u00e0nh v\u00e0 b\u1ea3o tr\u00ec thi\u1ebft b\u1ecb truy\u1ec1n h\u00ecnh h\u1ed9i ngh\u1ecb<\/a><\/span><\/p>\n<p><\/p>","protected":false},"excerpt":{"rendered":"<p>SAVITEL cung c\u1ea5p d\u1ecbch v\u1ee5 cho thu\u00ea thi\u1ebft b\u1ecb h\u1ed9i ngh\u1ecb truy\u1ec1n h\u00ecnh v\u00e0 cho thu\u00ea ph\u00f2ng h\u1ecdp nh\u1eb1m \u0111\u1ec3 ph\u1ee5c v\u1ee5 nh\u1eefng kh\u00e1ch h\u00e0ng c\u00f3 nhu c\u1ea7u tri\u1ec3n khai h\u1ed9i ngh\u1ecb truy\u1ec1n h\u00ecnh m\u00e0 kh\u00f4ng c\u1ea7n ph\u1ea3i cam k\u1ebft v\u1ec1 chi ph\u00ed v\u1ed1n. Hi\u1ec7n nay c\u00f4ng ty ch\u00fang t\u00f4i nh\u1eadn th\u1ea5y r\u1eb1ng c\u00f3 r\u1ea5t &hellip; <\/p>\n<p class=\"link-more\"><a href=\"https:\/\/thietbihoinghi.com.vn\/en\/cho-thue-thiet-bi-hoi-nghi-truyen-hinh\" class=\"more-link\">Continue reading<span class=\"screen-reader-text\"> &#8220;Rental equipment videoconferencing&#8221;<\/span><\/a><\/p>\n","protected":false},"author":1,"featured_media":0,"parent":0,"menu_order":0,"comment_status":"open","ping_status":"open","template":"","meta":{"footnotes":""},"class_list":["post-90","page","type-page","status-publish","hentry"],"_links":{"self":[{"href":"https:\/\/thietbihoinghi.com.vn\/en\/wp-json\/wp\/v2\/pages\/90","targetHints":{"allow":["GET"]}}],"collection":[{"href":"https:\/\/thietbihoinghi.com.vn\/en\/wp-json\/wp\/v2\/pages"}],"about":[{"href":"https:\/\/thietbihoinghi.com.vn\/en\/wp-json\/wp\/v2\/types\/page"}],"author":[{"embeddable":true,"href":"https:\/\/thietbihoinghi.com.vn\/en\/wp-json\/wp\/v2\/users\/1"}],"replies":[{"embeddable":true,"href":"https:\/\/thietbihoinghi.com.vn\/en\/wp-json\/wp\/v2\/comments?post=90"}],"version-history":[{"count":51,"href":"https:\/\/thietbihoinghi.com.vn\/en\/wp-json\/wp\/v2\/pages\/90\/revisions"}],"predecessor-version":[{"id":9133,"href":"https:\/\/thietbihoinghi.com.vn\/en\/wp-json\/wp\/v2\/pages\/90\/revisions\/9133"}],"wp:attachment":[{"href":"https:\/\/thietbihoinghi.com.vn\/en\/wp-json\/wp\/v2\/media?parent=90"}],"curies":[{"name":"wp","href":"https:\/\/api.w.org\/{rel}","templated":true}]}}