{"id":7232,"date":"2015-08-10T18:43:07","date_gmt":"2015-08-10T11:43:07","guid":{"rendered":"http:\/\/thietbihoinghi.com.vn\/?page_id=7232"},"modified":"2025-04-19T22:17:32","modified_gmt":"2025-04-19T15:17:32","slug":"gioi-thieu-savitel","status":"publish","type":"page","link":"https:\/\/thietbihoinghi.com.vn\/en\/gioi-thieu-savitel","title":{"rendered":"SAVITEL"},"content":{"rendered":"<p><\/p>\n<p style=\"text-align: justify;\"><span style=\"font-family: 'times new roman', times, serif; font-size: 17px;\">L\u00e0 nh\u00e0 cung c\u1ea5p h\u00e0ng \u0111\u1ea7u v\u1ec1 thi\u1ebft b\u1ecb <strong><a href=\"http:\/\/thietbihoinghi.com.vn\/\">h\u1ed9i ngh\u1ecb truy\u1ec1n h\u00ecnh<\/a><\/strong> (Video Conferencing) t\u1ea1i Vi\u1ec7t Nam, \u0111\u1ed3ng th\u1eddi c\u0169ng l\u00e0 \u0111\u1ed1i t\u00e1c c\u1ee7a c\u00e1c h\u00e3ng thi\u1ebft b\u1ecb h\u1ed9i ngh\u1ecb truy\u1ec1n h\u00ecnh l\u1edbn nh\u01b0 Polycom, Aver, Sony, Cisco, Radvision v\u00e0 LifeSize. <span style=\"color: #3366ff;\"><strong>SAVITEL<\/strong><\/span> lu\u00f4n cam k\u1ebft mang \u0111\u1ebfn nh\u1eefng gi\u1ea3i ph\u00e1p t\u1ed1i \u01b0u nh\u1ea5t v\u1ec1 s\u1ea3n ph\u1ea9m v\u00e0 d\u1ecbch v\u1ee5 cho t\u1ea5t c\u1ea3 c\u00e1c kh\u00e1ch h\u00e0ng.<\/span><\/p>\n<p style=\"text-align: center;\">\u00a0<span style=\"font-family: 'times new roman', times, serif; font-size: 17px;\"><a href=\"http:\/\/thietbihoinghi.com.vn\/wp-content\/uploads\/2015\/08\/hdx-8000-17.jpg\"><br \/>\n<\/a><img loading=\"lazy\" decoding=\"async\" class=\"aligncenter wp-image-7442 size-large\" src=\"http:\/\/thietbihoinghi.com.vn\/wp-content\/uploads\/2015\/08\/hdx-8000-17-1024x683.jpg\" alt=\"H\u1ed9i ngh\u1ecb truy\u1ec1n h\u00ecnh (Video Conferencing)\" width=\"640\" height=\"427\" srcset=\"https:\/\/thietbihoinghi.com.vn\/wp-content\/uploads\/2015\/08\/hdx-8000-17-1024x683.jpg 1024w, https:\/\/thietbihoinghi.com.vn\/wp-content\/uploads\/2015\/08\/hdx-8000-17-300x200.jpg 300w, https:\/\/thietbihoinghi.com.vn\/wp-content\/uploads\/2015\/08\/hdx-8000-17-24x16.jpg 24w, https:\/\/thietbihoinghi.com.vn\/wp-content\/uploads\/2015\/08\/hdx-8000-17-36x24.jpg 36w, https:\/\/thietbihoinghi.com.vn\/wp-content\/uploads\/2015\/08\/hdx-8000-17-48x32.jpg 48w\" sizes=\"auto, (max-width: 640px) 100vw, 640px\" \/><span style=\"font-size: 14px;\"><em>H\u1ed9i ngh\u1ecb truy\u1ec1n h\u00ecnh (Video Conferencing)<\/em><\/span><br \/>\n<\/span><\/p>\n<p style=\"text-align: justify;\"><span style=\"font-family: 'times new roman', times, serif; font-size: 17px;\">V\u1edbi quan \u0111i\u1ec3m v\u00e0 \u0111\u1ecbnh h\u01b0\u1edbng kinh doanh d\u1ef1a tr\u00ean uy t\u00edn, ch\u1ea5t l\u01b0\u1ee3ng l\u00e2u d\u00e0i v\u00e0 xuy\u00ean su\u1ed1t. <strong><a href=\"\/?page_id=7232\">SAVITEL<\/a><\/strong> t\u1ef1 h\u00e0o l\u00e0 \u0111\u01a1n v\u1ecb cung c\u1ea5p thi\u1ebft b\u1ecb h\u1ed9i ngh\u1ecb truy\u1ec1n h\u00ecnh h\u00e0ng \u0111\u1ea7u v\u00e0 chuy\u00ean nghi\u1ec7p nh\u1ea5t. \u0110\u1ed3ng th\u1eddi cung c\u1ea5p nh\u1eefng gi\u1ea3i ph\u00e1p, c\u00f4ng ngh\u1ec7 ti\u00ean ti\u1ebfn nh\u1ea5t k\u1ebft h\u1ee3p c\u00f9ng d\u1ecbch v\u1ee5 h\u1ed7 tr\u1ee3 uy t\u00edn, s\u1ebd lu\u00f4n h\u1ed7 tr\u1ee3 cho vi\u1ec7c kinh doanh, v\u1eadn h\u00e0nh doanh nghi\u1ec7p c\u1ee7a b\u1ea1n nhanh ch\u00f3ng, n\u00e2ng cao v\u1ec1 hi\u1ec7u su\u1ea5t v\u00e0 g\u1eb7t h\u00e1i \u0111\u01b0\u1ee3c nhi\u1ec1u th\u00e0nh c\u00f4ng.<\/span><\/p>\n<p style=\"text-align: justify;\">\u00a0<a href=\"http:\/\/thietbihoinghi.com.vn\/wp-content\/uploads\/2015\/08\/hdx-8000-17.jpg\"><br \/>\n<\/a><\/p>\n<h2 style=\"text-align: justify;\"><span style=\"color: #3366ff; font-family: 'times new roman', times, serif; font-size: 19px;\"><strong>V\u1ec1 s\u1ea3n ph\u1ea9m<\/strong><\/span><\/h2>\n<p style=\"text-align: justify;\"><span style=\"font-family: 'times new roman', times, serif; font-size: 17px;\">Ch\u00fang t\u00f4i lu\u00f4n cam k\u1ebft cung c\u1ea5p cho kh\u00e1ch h\u00e0ng nh\u1eefng s\u1ea3n ph\u1ea9m c\u00f3 ch\u1ea5t l\u01b0\u1ee3ng t\u1ed1t nh\u1ea5t, nh\u1eefng gi\u1ea3i ph\u00e1p \u0111\u01b0\u1ee3c x\u00e2y d\u1ef1ng ri\u00eang cho t\u1eebng kh\u00e1ch h\u00e0ng \u0111\u1ec3 c\u00f3 th\u1ec3 \u0111\u00e1p \u1ee9ng t\u1ed1t nh\u1ea5t, \u0111\u1ea7y \u0111\u1ee7 nh\u1ea5t nh\u1eefng nhu c\u1ea7u th\u1ef1c t\u1ebf. Kh\u00e1ch h\u00e0ng ho\u00e0n to\u00e0n kh\u00f4ng ph\u1ea3i b\u1ecf chi ph\u00ed ra \u0111\u1ec3 mua nh\u1eefng nh\u1eefng t\u00ednh n\u0103ng d\u01b0 th\u1eeba ho\u1eb7c kh\u00f4ng c\u1ea7n thi\u1ebft. V\u1edbi s\u1ea3n ph\u1ea9m v\u00e0 gi\u1ea3i ph\u00e1p chuy\u00ean nghi\u1ec7p, \u0111\u1ebfn v\u1edbi C\u00f4ng ty <span style=\"color: #3366ff;\">SAVITEL<\/span> kh\u00e1ch h\u00e0ng s\u1ebd lu\u00f4n nh\u1eadn \u0111\u01b0\u1ee3c nh\u1eefng l\u1ee3i \u00edch t\u1ed1t nh\u1ea5t trong vi\u1ec7c k\u1ebft n\u1ed1i hay t\u1ed5 ch\u1ee9c nh\u1eefng bu\u1ed5i h\u1ed9i ngh\u1ecb, h\u1ed9i h\u1ecdp m\u1ed9t c\u00e1ch nhanh ch\u00f3ng v\u00e0 ho\u00e0n to\u00e0n kh\u00f4ng ph\u1ea3i ph\u1ee5 thu\u1ed9c v\u00e0o m\u00f4i tr\u01b0\u1eddng ho\u1eb7c v\u1ecb tr\u00ed \u0111\u1ecba l\u00fd, cho ph\u00e9p kh\u00e1ch h\u00e0ng c\u00f3 th\u1ec3 h\u1ee3p nh\u1ea5t ho\u1ea1t \u0111\u1ed9ng c\u1ee7a doanh nghi\u1ec7p.<\/span><\/p>\n<p style=\"text-align: center;\"><span style=\"font-family: 'times new roman', times, serif; font-size: 17px;\"><a href=\"http:\/\/thietbihoinghi.com.vn\/wp-content\/uploads\/2015\/08\/gioi-thi\u1eb9u-savitel-san-pham.jpg\"><img loading=\"lazy\" decoding=\"async\" class=\"aligncenter size-full wp-image-7282\" src=\"http:\/\/thietbihoinghi.com.vn\/wp-content\/uploads\/2015\/08\/gioi-thi\u1eb9u-savitel-san-pham.jpg\" alt=\"nh\u1eefng s\u1ea3n ph\u1ea9m c\u00f3 ch\u1ea5t l\u01b0\u1ee3ng t\u1ed1t nh\u1ea5t\" width=\"600\" height=\"399\" srcset=\"https:\/\/thietbihoinghi.com.vn\/wp-content\/uploads\/2015\/08\/gioi-thi\u1eb9u-savitel-san-pham.jpg 600w, https:\/\/thietbihoinghi.com.vn\/wp-content\/uploads\/2015\/08\/gioi-thi\u1eb9u-savitel-san-pham-300x200.jpg 300w, https:\/\/thietbihoinghi.com.vn\/wp-content\/uploads\/2015\/08\/gioi-thi\u1eb9u-savitel-san-pham-24x16.jpg 24w, https:\/\/thietbihoinghi.com.vn\/wp-content\/uploads\/2015\/08\/gioi-thi\u1eb9u-savitel-san-pham-36x24.jpg 36w, https:\/\/thietbihoinghi.com.vn\/wp-content\/uploads\/2015\/08\/gioi-thi\u1eb9u-savitel-san-pham-48x32.jpg 48w\" sizes=\"auto, (max-width: 600px) 100vw, 600px\" \/><\/a><span style=\"font-size: 14px;\"><em>Nh\u1eefng s\u1ea3n ph\u1ea9m c\u00f3 ch\u1ea5t l\u01b0\u1ee3ng t\u1ed1t nh\u1ea5t<\/em><\/span><\/span><\/p>\n<h3 style=\"text-align: justify;\"><\/h3>\n<h3 style=\"text-align: justify;\"><span style=\"color: #3366ff; font-family: 'times new roman', times, serif; font-size: 19px;\"><strong>V\u1ec1 d\u1ecbch v\u1ee5 <\/strong><\/span><\/h3>\n<p style=\"text-align: justify;\"><span style=\"font-family: 'times new roman', times, serif; font-size: 17px;\">Ch\u00fang t\u00f4i t\u1ef1 h\u00e0o l\u00e0 m\u1ed9t trong nh\u1eefng doanh nghi\u1ec7p c\u00f3 d\u1ecbch v\u1ee5 h\u1ed7 tr\u1ee3 t\u1ed1t nh\u1ea5t lu\u00f4n \u0111\u01b0\u1ee3c kh\u00e1ch h\u00e0ng \u0111\u00e1nh gi\u00e1 cao trong su\u1ed1t th\u1eddi gian qua. H\u1ed7 tr\u1ee3 kh\u00e1ch h\u00e0ng tr\u01b0\u1edbc \u2013 trong v\u00e0 sau b\u00e1n h\u00e0ng l\u00e0 nhi\u1ec7m v\u1ee5 quan tr\u1ecdng \u0111\u00e3 \u0111\u01b0\u1ee3c c\u00f4ng ty ch\u00fang t\u00f4i x\u00e1c \u0111\u1ecbnh ngay t\u1eeb \u0111\u1ea7u th\u00e0nh l\u1eadp. V\u1edbi \u0111\u1ed9i k\u1ef9 t\u01b0 v\u1ea5n v\u00e0 k\u1ef9 thu\u1eadt c\u00f3 nhi\u1ec1u n\u0103m kinh nghi\u1ec7m trong vi\u1ec7c tri\u1ec3n khai h\u1ec7 th\u1ed1ng h\u1ed9i ngh\u1ecb truy\u1ec1n h\u00ecnh, \u0111\u01b0\u1ee3c c\u1ea5p c\u00e1c ch\u1ee9ng nh\u1eadn c\u1ee7a c\u00e1c h\u00e3ng, \u0111\u1ed3ng th\u1eddi lu\u00f4n t\u00ecm t\u00f2i h\u1ecdc h\u1ecfi ti\u1ebfp thu ki\u1ebfn th\u1ee9c m\u1edbi, lu\u00f4n tham d\u1ef1 c\u00e1c kh\u00f3a h\u1ecdc c\u1eadp nh\u1eadt s\u1ea3n ph\u1ea9m v\u00e0 gi\u1ea3i ph\u00e1p ti\u00ean ti\u1ebfn. <span style=\"color: #3366ff;\">SAVITEL<\/span> t\u1ef1 tin c\u00f3 \u0111\u1ea7y \u0111\u1ee7 k\u1ef9 n\u0103ng, kinh nghi\u1ec7m h\u1ed7 tr\u1ee3 \u0111\u1ea7y \u0111\u1ee7 cho b\u1ea1n b\u1ea5t c\u1ee9 v\u1ea5n \u0111\u1ec1 n\u00e0o li\u00ean quan \u0111\u1ebfn thi\u1ebft b\u1ecb h\u1ed9i ngh\u1ecb truy\u1ec1n h\u00ecnh.<\/span><\/p>\n<p style=\"text-align: center;\"><span style=\"font-family: 'times new roman', times, serif; font-size: 17px;\"><a href=\"http:\/\/thietbihoinghi.com.vn\/wp-content\/uploads\/2015\/08\/gioi-thi\u1eb9u-savitel-dich-vu.jpg\"><img loading=\"lazy\" decoding=\"async\" class=\"aligncenter size-full wp-image-7281\" src=\"http:\/\/thietbihoinghi.com.vn\/wp-content\/uploads\/2015\/08\/gioi-thi\u1eb9u-savitel-dich-vu.jpg\" alt=\"H\u1ed7 tr\u1ee3 kh\u00e1ch h\u00e0ng tr\u01b0\u1edbc, trong v\u00e0 sau b\u00e1n h\u00e0ng\" width=\"600\" height=\"400\" srcset=\"https:\/\/thietbihoinghi.com.vn\/wp-content\/uploads\/2015\/08\/gioi-thi\u1eb9u-savitel-dich-vu.jpg 600w, https:\/\/thietbihoinghi.com.vn\/wp-content\/uploads\/2015\/08\/gioi-thi\u1eb9u-savitel-dich-vu-300x200.jpg 300w, https:\/\/thietbihoinghi.com.vn\/wp-content\/uploads\/2015\/08\/gioi-thi\u1eb9u-savitel-dich-vu-24x16.jpg 24w, https:\/\/thietbihoinghi.com.vn\/wp-content\/uploads\/2015\/08\/gioi-thi\u1eb9u-savitel-dich-vu-36x24.jpg 36w, https:\/\/thietbihoinghi.com.vn\/wp-content\/uploads\/2015\/08\/gioi-thi\u1eb9u-savitel-dich-vu-48x32.jpg 48w\" sizes=\"auto, (max-width: 600px) 100vw, 600px\" \/><\/a><span style=\"font-size: 14px;\"><em>H\u1ed7 tr\u1ee3 kh\u00e1ch h\u00e0ng tr\u01b0\u1edbc, trong v\u00e0 sau b\u00e1n h\u00e0ng<\/em><\/span><\/span><\/p>\n<p style=\"text-align: justify;\"><span style=\"font-family: 'times new roman', times, serif; font-size: 17px;\">Ch\u00fang t\u00f4i l\u00e0m vi\u1ec7c \u0111\u1ee9ng tr\u00ean quan \u0111i\u1ec3m l\u00e0 c\u1ed9ng s\u1ef1 c\u1ee7a b\u1ea1n, c\u00f9ng v\u1edbi b\u1ea1n \u0111\u01b0a ra gi\u1ea3i ph\u00e1p t\u1ed1i \u01b0u v\u00e0 thi\u1ebft th\u1ef1c nh\u1ea5t v\u1edbi doanh nghi\u1ec7p c\u1ee7a b\u1ea1n. Khi c\u00f3 b\u1ea5t c\u1ee9 y\u00eau c\u1ea7u n\u00e0o li\u00ean quan \u0111\u1ebfn h\u1ed9i ngh\u1ecb truy\u1ec1n h\u00ecnh h\u00e3y li\u00ean h\u1ec7 ngay v\u1edbi ch\u00fang t\u00f4i theo s\u1ed1 <span style=\"color: #ff0000;\"><strong>hotline 0938 053 816<\/strong><\/span>\u00a0ho\u1eb7c g\u1eedi y\u00eau c\u1ea7u qua email info@savitel.com.vn ngay l\u1eadp t\u1ee9c nh\u1eefng v\u1ea5n \u0111\u1ec1 c\u1ee7a b\u1ea1n s\u1ebd \u0111\u01b0\u1ee3c gi\u1ea3i quy\u1ebft nhanh ch\u00f3ng.<\/span><\/p>\n<h4 style=\"text-align: justify;\"><\/h4>\n<h4 style=\"text-align: justify;\"><span style=\"color: #3366ff; font-family: 'times new roman', times, serif; font-size: 19px;\"><strong>Li\u00ean h\u1ec7<\/strong><\/span><\/h4>\n<p style=\"text-align: justify;\"><span style=\"font-family: 'times new roman', times, serif; font-size: 17px;\">T\u1eadp th\u1ec3 SAVITEL ch\u00e2n th\u00e0nh c\u1ea3m \u01a1n Qu\u00fd kh\u00e1ch h\u00e0ng, \u0111\u1ed1i t\u00e1c \u0111\u00e3 quan t\u00e2m \u0111\u1ebfn s\u1ea3n ph\u1ea9m, gi\u1ea3i ph\u00e1p v\u00e0 d\u1ecbch v\u1ee5 c\u1ee7a ch\u00fang t\u00f4i. V\u1edbi \u0111\u1ed9i ng\u0169 nh\u00e2n vi\u00ean nhi\u1ec7t t\u00ecnh, \u0111\u1ea7y nhi\u1ec7t quy\u1ebft, ch\u00fang t\u00f4i lu\u00f4n lu\u00f4n s\u1eb5n s\u00e0ng l\u1eafng nghe v\u00e0 h\u1ed7 tr\u1ee3 b\u1ea1n m\u1ecdi l\u00fac m\u1ecdi n\u01a1i.<\/span><\/p>\n<p style=\"text-align: justify;\"><span style=\"font-family: 'times new roman', times, serif; font-size: 17px;\">Li\u00ean h\u1ec7 ngay v\u1edbi ch\u00fang t\u00f4i \u0111\u1ec3 \u0111\u01b0\u1ee3c t\u01b0 v\u1ea5n v\u00e0 nh\u1eadn \u0111\u01b0\u1ee3c h\u1ed7 tr\u1ee3 t\u1ed1t nh\u1ea5t!<\/span><\/p>\n<p style=\"text-align: justify;\"><span style=\"font-family: 'times new roman', times, serif; font-size: 17px;\">\u00a0<\/span><\/p>\n<p><\/p>","protected":false},"excerpt":{"rendered":"<p>L\u00e0 nh\u00e0 cung c\u1ea5p h\u00e0ng \u0111\u1ea7u v\u1ec1 thi\u1ebft b\u1ecb h\u1ed9i ngh\u1ecb truy\u1ec1n h\u00ecnh (Video Conferencing) t\u1ea1i Vi\u1ec7t Nam, \u0111\u1ed3ng th\u1eddi c\u0169ng l\u00e0 \u0111\u1ed1i t\u00e1c c\u1ee7a c\u00e1c h\u00e3ng thi\u1ebft b\u1ecb h\u1ed9i ngh\u1ecb truy\u1ec1n h\u00ecnh l\u1edbn nh\u01b0 Polycom, Aver, Sony, Cisco, Radvision v\u00e0 LifeSize. SAVITEL lu\u00f4n cam k\u1ebft mang \u0111\u1ebfn nh\u1eefng gi\u1ea3i ph\u00e1p t\u1ed1i \u01b0u nh\u1ea5t v\u1ec1 &hellip; <\/p>\n<p class=\"link-more\"><a href=\"https:\/\/thietbihoinghi.com.vn\/en\/gioi-thieu-savitel\" class=\"more-link\">Continue reading<span class=\"screen-reader-text\"> &#8220;SAVITEL&#8221;<\/span><\/a><\/p>\n","protected":false},"author":2,"featured_media":0,"parent":0,"menu_order":0,"comment_status":"closed","ping_status":"open","template":"","meta":{"footnotes":""},"class_list":["post-7232","page","type-page","status-publish","hentry"],"_links":{"self":[{"href":"https:\/\/thietbihoinghi.com.vn\/en\/wp-json\/wp\/v2\/pages\/7232","targetHints":{"allow":["GET"]}}],"collection":[{"href":"https:\/\/thietbihoinghi.com.vn\/en\/wp-json\/wp\/v2\/pages"}],"about":[{"href":"https:\/\/thietbihoinghi.com.vn\/en\/wp-json\/wp\/v2\/types\/page"}],"author":[{"embeddable":true,"href":"https:\/\/thietbihoinghi.com.vn\/en\/wp-json\/wp\/v2\/users\/2"}],"replies":[{"embeddable":true,"href":"https:\/\/thietbihoinghi.com.vn\/en\/wp-json\/wp\/v2\/comments?post=7232"}],"version-history":[{"count":16,"href":"https:\/\/thietbihoinghi.com.vn\/en\/wp-json\/wp\/v2\/pages\/7232\/revisions"}],"predecessor-version":[{"id":11191,"href":"https:\/\/thietbihoinghi.com.vn\/en\/wp-json\/wp\/v2\/pages\/7232\/revisions\/11191"}],"wp:attachment":[{"href":"https:\/\/thietbihoinghi.com.vn\/en\/wp-json\/wp\/v2\/media?parent=7232"}],"curies":[{"name":"wp","href":"https:\/\/api.w.org\/{rel}","templated":true}]}}