{"id":7199,"date":"2015-08-10T15:27:01","date_gmt":"2015-08-10T08:27:01","guid":{"rendered":"http:\/\/thietbihoinghi.com.vn\/?page_id=7199"},"modified":"2025-04-16T16:25:54","modified_gmt":"2025-04-16T09:25:54","slug":"gioi-thieu-hoi-nghi-truyen-hinh","status":"publish","type":"page","link":"https:\/\/thietbihoinghi.com.vn\/en\/gioi-thieu-hoi-nghi-truyen-hinh","title":{"rendered":"Introduction Videoconferencing"},"content":{"rendered":"<p style=\"text-align: justify;\"><span style=\"font-family: 'times new roman', times, serif; font-size: 17px;\">Trao \u0111\u1ed5i th\u00f4ng tin hay giao ti\u1ebfp l\u00e0 nhu c\u1ea7u chung c\u1ee7a t\u1ea5t c\u1ea3 m\u1ecdi ng\u01b0\u1eddi, trong m\u1ecdi l\u0129nh v\u1ef1c, tuy nhi\u00ean trong th\u1eddi \u0111\u1ea1i m\u00e0 th\u00f4ng tin quy\u1ebft \u0111\u1ecbnh \u0111\u1ebfn s\u1ef1 ph\u00e1t tri\u1ec3n nh\u01b0 hi\u1ec7n nay th\u00ec nhu c\u1ea7u n\u00e0y l\u1ea1i \u0111\u01b0\u1ee3c n\u00e2ng l\u00ean m\u1ed9t t\u1ea7m cao h\u01a1n v\u1edbi gi\u1ea3i ph\u00e1p h\u1ed9i ngh\u1ecb truy\u1ec1n h\u00ecnh. Kh\u00f4ng ch\u1ec9 \u0111\u00e1p \u1ee9ng t\u1ed1t nh\u1eefng \u0111\u00f2i h\u1ecfi cao h\u01a1n c\u1ee7a m\u1ecdi ng\u01b0\u1eddi v\u1ec1 vi\u1ec7c giao ti\u1ebfp hay trao \u0111\u1ed5i th\u00f4ng tin, h\u1ed9i ngh\u1ecb truy\u1ec1n h\u00ecnh c\u00f2n l\u00e0 gi\u1ea3i ph\u00e1p t\u1ed1i \u01b0u gi\u00fap n\u00e2ng cao hi\u1ec7u qu\u1ea3 ho\u1ea1t \u0111\u1ed9ng c\u1ee7a r\u1ea5t nhi\u1ec1u l\u0129nh v\u1ef1c v\u00e0 hi\u1ec7n \u0111ang nh\u1eadn \u0111\u01b0\u1ee3c s\u1ef1 quan t\u00e2m r\u1ea5t l\u1edbn t\u1eeb c\u1ed9ng \u0111\u1ed3ng.<\/span><\/p>\n<p style=\"text-align: justify;\">\u00a0<\/p>\n<p style=\"text-align: center;\"><span style=\"font-family: 'times new roman', times, serif; font-size: 17px;\"><a href=\"http:\/\/thietbihoinghi.com.vn\/wp-content\/uploads\/2015\/08\/gioi-thieu-hoi-nghi-truyen-hinh-khai-niem.jpg\"><img loading=\"lazy\" decoding=\"async\" class=\"aligncenter size-full wp-image-7288\" src=\"http:\/\/thietbihoinghi.com.vn\/wp-content\/uploads\/2015\/08\/gioi-thieu-hoi-nghi-truyen-hinh-khai-niem.jpg\" alt=\"H\u1ed9i ngh\u1ecb Truy\u1ec1n h\u00ecnh (Video Conference)\" width=\"600\" height=\"250\" srcset=\"https:\/\/thietbihoinghi.com.vn\/wp-content\/uploads\/2015\/08\/gioi-thieu-hoi-nghi-truyen-hinh-khai-niem.jpg 600w, https:\/\/thietbihoinghi.com.vn\/wp-content\/uploads\/2015\/08\/gioi-thieu-hoi-nghi-truyen-hinh-khai-niem-300x125.jpg 300w, https:\/\/thietbihoinghi.com.vn\/wp-content\/uploads\/2015\/08\/gioi-thieu-hoi-nghi-truyen-hinh-khai-niem-24x10.jpg 24w, https:\/\/thietbihoinghi.com.vn\/wp-content\/uploads\/2015\/08\/gioi-thieu-hoi-nghi-truyen-hinh-khai-niem-36x15.jpg 36w, https:\/\/thietbihoinghi.com.vn\/wp-content\/uploads\/2015\/08\/gioi-thieu-hoi-nghi-truyen-hinh-khai-niem-48x20.jpg 48w\" sizes=\"auto, (max-width: 600px) 100vw, 600px\" \/><\/a><span style=\"font-size: 14px;\"><em>H\u1ed9i ngh\u1ecb Truy\u1ec1n h\u00ecnh (Video Conference)<\/em><\/span><\/span><\/p>\n<p style=\"text-align: justify;\">\u00a0<\/p>\n<h2 style=\"text-align: justify;\"><span style=\"font-family: 'times new roman', times, serif; font-size: 19px; color: #3366ff;\"><strong>H\u1ed9i ngh\u1ecb truy\u1ec1n h\u00ecnh l\u00e0 g\u00ec?<\/strong><\/span><\/h2>\n<p style=\"text-align: justify;\">\u00a0<\/p>\n<p style=\"text-align: justify;\"><span style=\"font-family: 'times new roman', times, serif; font-size: 17px;\">H\u1ed9i ngh\u1ecb Truy\u1ec1n h\u00ecnh (Video Conference) l\u00e0 h\u1ec7 th\u1ed1ng th\u00f4ng tin \u0111a ph\u01b0\u01a1ng ti\u1ec7n theo th\u1eddi gian th\u1ef1c (Real time). H\u1ec7 th\u1ed1ng n\u00e0y cung c\u1ea5p kh\u1ea3 n\u0103ng giao ti\u1ebfp, truy\u1ec1n t\u1ea3i h\u00ecnh \u1ea3nh, \u00e2m thanh m\u1ed9t c\u00e1ch tr\u1ef1c tuy\u1ebfn t\u1eeb nhi\u1ec1u \u0111i\u1ec3m kh\u00e1c nhau c\u00f9ng l\u00fac, gi\u00fap trao \u0111\u1ed5i th\u00f4ng tin, t\u0103ng c\u01b0\u1eddng kh\u1ea3 n\u0103ng giao ti\u1ebfp, c\u00f9ng s\u1ef1 t\u01b0\u01a1ng t\u00e1c gi\u1eefa c\u00e1c c\u00e1 nh\u00e2n ho\u1eb7c nh\u00f3m th\u00e0nh vi\u00ean trong cu\u1ed9c h\u1ecdp hay trong h\u1ed9i ngh\u1ecb v\u1edbi nhau. H\u1ed9i ngh\u1ecb truy\u1ec1n h\u00ecnh \u0111\u01b0\u1ee3c tri\u1ec3n khai v\u00e0 s\u1eed d\u1ee5ng d\u1ef1a tr\u00ean c\u00e1c c\u00f4ng ngh\u1ec7 m\u1ea1ng truy\u1ec1n th\u00f4ng ti\u00ean ti\u1ebfn nh\u01b0 m\u1ea1ng IP (Internet Protocol), m\u1ea1ng ISDN hay ATM.<\/span><\/p>\n<p style=\"text-align: justify;\">\u00a0<\/p>\n<p style=\"text-align: justify;\"><span style=\"font-family: 'times new roman', times, serif; font-size: 17px;\">Th\u00f4ng qua ph\u01b0\u01a1ng th\u1ee9c tr\u00ecnh chi\u1ebfu, h\u1ed9i ngh\u1ecb truy\u1ec1n h\u00ecnh c\u00f2n cho ph\u00e9p hi\u1ec3n th\u1ecb c\u00e1c b\u1ea3ng bi\u1ec3u, c\u00e1c t\u00e0i li\u1ec7u\u2026 b\u1eb1ng c\u00e1ch k\u1ebft n\u1ed1i h\u1ec7 th\u1ed1ng n\u00e0y v\u1edbi nh\u1eefng thi\u1ebft b\u1ecb \u0111\u1ea7u v\u00e0o nh\u01b0 m\u00e1y t\u00ednh \u0111\u1ec3 b\u00e0n (PC), laptop, \u0111i\u1ec7n tho\u1ea1i di \u0111\u1ed9ng ho\u1eb7c c\u00e1c thi\u1ebft b\u1ecb kh\u00e1c nh\u01b0 b\u1ea3ng tr\u1eafng k\u1ef9 thu\u1eadt s\u1ed1\u2026 c\u00f9ng c\u00e1c \u0111\u1ea7u ra nh\u01b0 m\u00e0n h\u00ecnh, loa\u2026<\/span><\/p>\n<p style=\"text-align: justify;\">\u00a0<\/p>\n<h3 style=\"text-align: justify;\"><span style=\"font-family: 'times new roman', times, serif; font-size: 19px; color: #3366ff;\"><strong>Nh\u1eefng l\u0129nh v\u1ef1c \u1ee9ng d\u1ee5ng h\u1ed9i ngh\u1ecb truy\u1ec1n h\u00ecnh<\/strong><\/span><\/h3>\n<p style=\"text-align: justify;\">\u00a0<\/p>\n<p style=\"text-align: center;\"><span style=\"font-family: 'times new roman', times, serif; font-size: 17px;\"><a href=\"http:\/\/thietbihoinghi.com.vn\/wp-content\/uploads\/2015\/08\/gioi-thieu-hoi-nghi-truyen-hinh-loi-ich.jpg\"><img loading=\"lazy\" decoding=\"async\" class=\"aligncenter size-full wp-image-7289\" src=\"http:\/\/thietbihoinghi.com.vn\/wp-content\/uploads\/2015\/08\/gioi-thieu-hoi-nghi-truyen-hinh-loi-ich.jpg\" alt=\"Nh\u1eefng l\u0129nh v\u1ef1c \u1ee9ng d\u1ee5ng h\u1ed9i ngh\u1ecb truy\u1ec1n h\u00ecnh\" width=\"640\" height=\"400\" srcset=\"https:\/\/thietbihoinghi.com.vn\/wp-content\/uploads\/2015\/08\/gioi-thieu-hoi-nghi-truyen-hinh-loi-ich.jpg 640w, https:\/\/thietbihoinghi.com.vn\/wp-content\/uploads\/2015\/08\/gioi-thieu-hoi-nghi-truyen-hinh-loi-ich-300x188.jpg 300w, https:\/\/thietbihoinghi.com.vn\/wp-content\/uploads\/2015\/08\/gioi-thieu-hoi-nghi-truyen-hinh-loi-ich-320x200.jpg 320w, https:\/\/thietbihoinghi.com.vn\/wp-content\/uploads\/2015\/08\/gioi-thieu-hoi-nghi-truyen-hinh-loi-ich-24x15.jpg 24w, https:\/\/thietbihoinghi.com.vn\/wp-content\/uploads\/2015\/08\/gioi-thieu-hoi-nghi-truyen-hinh-loi-ich-36x23.jpg 36w, https:\/\/thietbihoinghi.com.vn\/wp-content\/uploads\/2015\/08\/gioi-thieu-hoi-nghi-truyen-hinh-loi-ich-48x30.jpg 48w\" sizes=\"auto, (max-width: 640px) 100vw, 640px\" \/><\/a><span style=\"font-size: 14px;\"><em>Nh\u1eefng l\u0129nh v\u1ef1c \u1ee9ng d\u1ee5ng h\u1ed9i ngh\u1ecb truy\u1ec1n h\u00ecnh<\/em><\/span><\/span><\/p>\n<p style=\"text-align: justify;\">\u00a0<\/p>\n<p style=\"text-align: justify;\"><span style=\"font-family: 'times new roman', times, serif; font-size: 17px;\">Hi\u1ec7n nay h\u1ed9i ngh\u1ecb truy\u1ec1n h\u00ecnh c\u00f3 3 h\u00ecnh th\u1ee9c ch\u00ednh g\u1ed3m: ph\u00f2ng h\u1ecdp h\u1ed9i ngh\u1ecb truy\u1ec1n h\u00ecnh, h\u1ed9i ngh\u1ecb truy\u1ec1n h\u00ecnh d\u00e0nh cho c\u00e1 nh\u00e2n v\u00e0 h\u1ed9i ngh\u1ecb truy\u1ec1n h\u00ecnh di \u0111\u1ed9ng, \u0111\u01b0\u1ee3c \u1ee9ng d\u1ee5ng r\u1ea5t r\u1ed9ng r\u00e3i cho nhi\u1ec1u l\u0129nh v\u1ef1c kh\u00e1c nhau nh\u01b0:<\/span><\/p>\n<p><span style=\"font-family: 'times new roman', times, serif; font-size: 17px;\">\u2022 L\u0129nh v\u1ef1c th\u01b0\u01a1ng m\u1ea1i<\/span><\/p>\n<p><span style=\"font-family: 'times new roman', times, serif; font-size: 17px;\">\u2022 Gi\u00e1o d\u1ee5c, \u0111\u00e0o t\u1ea1o t\u1eeb xa<\/span><\/p>\n<p><span style=\"font-family: 'times new roman', times, serif; font-size: 17px;\">\u2022 Y t\u1ebf, h\u1ed9i chu\u1ea9n, ch\u0103m s\u00f3c s\u1ee9c kh\u1ecfe t\u1eeb xa<\/span><\/p>\n<p><span style=\"font-family: 'times new roman', times, serif; font-size: 17px;\">\u2022 H\u1ed9i h\u1ecdp giao b\u1ea1n c\u1ee7a c\u00e1c c\u01a1 quan ch\u00ednh ph\u1ee7<\/span><\/p>\n<p><span style=\"font-family: 'times new roman', times, serif; font-size: 17px;\">\u2022 T\u00e0i ch\u00ednh ng\u00e2n h\u00e0ng<\/span><\/p>\n<p><span style=\"font-family: 'times new roman', times, serif; font-size: 17px;\">\u2022 S\u1ea3n xu\u1ea5t<\/span><\/p>\n<p style=\"text-align: justify;\">\u00a0<\/p>\n<p style=\"text-align: justify;\"><span style=\"font-family: 'times new roman', times, serif; font-size: 17px;\">Vi\u1ec7c \u1ee9ng d\u1ee5ng h\u1ed9i ngh\u1ecb truy\u1ec1n h\u00ecnh gi\u00fap c\u00e1c ng\u00e0nh n\u00e2ng cao \u0111\u01b0\u1ee3c ch\u1ea5t l\u01b0\u1ee3ng c\u00f4ng vi\u1ec7c nh\u1edd vi\u1ec7c gi\u1ea3m thi\u1ec3u \u0111\u01b0\u1ee3c th\u1eddi gian v\u00e0 chi ph\u00ed. Gi\u00fap x\u00f3a b\u1ecf m\u1ecdi kho\u1ea3ng c\u00e1ch v\u1ec1 m\u1eb7t \u0111\u1ecba l\u00fd \u0111\u1ec3 c\u00e1c doanh nghi\u1ec7p, c\u01a1 quan, t\u1ed5 ch\u1ee9c g\u1eb7t h\u00e1i \u0111\u01b0\u1ee3c nh\u1eefng th\u00e0nh t\u1ef1u cao h\u01a1n.<\/span><\/p>\n<p style=\"text-align: justify;\">\u00a0<\/p>\n<h4 style=\"text-align: justify;\"><span style=\"font-family: 'times new roman', times, serif; font-size: 19px; color: #3366ff;\"><strong>L\u1ee3i \u00edch m\u00e0 gi\u1ea3i ph\u00e1p h\u1ed9i ngh\u1ecb truy\u1ec1n h\u00ecnh mang l\u1ea1i<\/strong><\/span><\/h4>\n<p style=\"text-align: justify;\">\u00a0<\/p>\n<p style=\"text-align: center;\"><span style=\"font-family: 'times new roman', times, serif; font-size: 17px;\"><a href=\"http:\/\/thietbihoinghi.com.vn\/wp-content\/uploads\/2015\/08\/gioi-thieu-hoi-nghi-truyen-hinh.jpg\"><img loading=\"lazy\" decoding=\"async\" class=\"aligncenter size-full wp-image-7287\" src=\"http:\/\/thietbihoinghi.com.vn\/wp-content\/uploads\/2015\/08\/gioi-thieu-hoi-nghi-truyen-hinh.jpg\" alt=\"L\u1ee3i \u00edch m\u00e0 gi\u1ea3i ph\u00e1p h\u1ed9i ngh\u1ecb truy\u1ec1n h\u00ecnh mang l\u1ea1i\" width=\"640\" height=\"400\" srcset=\"https:\/\/thietbihoinghi.com.vn\/wp-content\/uploads\/2015\/08\/gioi-thieu-hoi-nghi-truyen-hinh.jpg 640w, https:\/\/thietbihoinghi.com.vn\/wp-content\/uploads\/2015\/08\/gioi-thieu-hoi-nghi-truyen-hinh-300x188.jpg 300w, https:\/\/thietbihoinghi.com.vn\/wp-content\/uploads\/2015\/08\/gioi-thieu-hoi-nghi-truyen-hinh-320x200.jpg 320w, https:\/\/thietbihoinghi.com.vn\/wp-content\/uploads\/2015\/08\/gioi-thieu-hoi-nghi-truyen-hinh-24x15.jpg 24w, https:\/\/thietbihoinghi.com.vn\/wp-content\/uploads\/2015\/08\/gioi-thieu-hoi-nghi-truyen-hinh-36x23.jpg 36w, https:\/\/thietbihoinghi.com.vn\/wp-content\/uploads\/2015\/08\/gioi-thieu-hoi-nghi-truyen-hinh-48x30.jpg 48w\" sizes=\"auto, (max-width: 640px) 100vw, 640px\" \/><\/a><span style=\"font-size: 14px;\"><em>L\u1ee3i \u00edch m\u00e0 gi\u1ea3i ph\u00e1p h\u1ed9i ngh\u1ecb truy\u1ec1n h\u00ecnh mang l\u1ea1i<\/em><\/span><\/span><\/p>\n<p style=\"text-align: center;\">\u00a0<\/p>\n<p><span style=\"font-family: 'times new roman', times, serif; font-size: 17px;\">\u2022 Nhu c\u1ea7u trao \u0111\u1ed5i th\u00f4ng tin lu\u00f4n \u0111\u01b0\u1ee3c \u0111\u00e1p \u1ee9ng t\u1ed1t, th\u1ef1c hi\u1ec7n m\u1ed9t c\u00e1ch \u0111\u1ed3ng th\u1eddi v\u00e0 tr\u1ef1c ti\u1ebfp gi\u1eefa hai hay nhi\u1ec1u \u0111\u1ecba \u0111i\u1ec3m c\u00e1ch xa nhau.<\/span><\/p>\n<p><span style=\"font-family: 'times new roman', times, serif; font-size: 17px;\">\u2022 H\u1ed9i h\u1ecdp ho\u1eb7c trao \u0111\u1ed5i th\u00f4ng tin m\u1ecdi l\u00fac m\u1ecdi n\u01a1i.<\/span><\/p>\n<p><span style=\"font-family: 'times new roman', times, serif; font-size: 17px;\">\u2022 Th\u00f4ng tin cu\u1ed9c h\u1ecdp hay h\u1ed9i ngh\u1ecb \u0111\u1ea3m b\u1ea3o trong su\u1ed1t, li\u00ean t\u1ee5c v\u00e0 to\u00e0n c\u1ea7u.<\/span><\/p>\n<p><span style=\"font-family: 'times new roman', times, serif; font-size: 17px;\">\u2022 H\u00ecnh \u1ea3nh \u0111\u1eb9p, \u00e2m thanh trung th\u1ef1c.<\/span><\/p>\n<p><span style=\"font-family: 'times new roman', times, serif; font-size: 17px;\">\u2022 Gi\u00fap gi\u1ea3m thi\u1ec3u \u0111\u01b0\u1ee3c th\u1eddi gian, chi ph\u00ed \u0111i l\u1ea1i c\u0169ng nh\u01b0 sinh ho\u1ea1t.<\/span><\/p>\n<p><span style=\"font-family: 'times new roman', times, serif; font-size: 17px;\">\u2022 Kh\u1ea3 n\u0103ng v\u1ec1 b\u1ea3o m\u1eadt cao h\u01a1n, khi t\u01b0\u01a1ng th\u00edch v\u1edbi nhi\u1ec1u chu\u1ea9n b\u1ea3o m\u1eadt kh\u00e1c nhau.<\/span><\/p>\n<p><span style=\"font-family: 'times new roman', times, serif; font-size: 17px;\">\u2022 L\u01b0u l\u1ea1i to\u00e0n b\u1ed9 n\u1ed9i dung c\u1ee7a cu\u1ed9c h\u1ecdp hay h\u1ed9i ngh\u1ecb\u2026<\/span><\/p>\n<p><span style=\"font-family: 'times new roman', times, serif; font-size: 17px;\">\u2022 T\u1eadn d\u1ee5ng t\u1ed1i \u0111a \u0111\u01b0\u1ee3c nh\u1eefng c\u01a1 s\u1edf h\u1ea1 t\u1ea7ng kh\u00e1c nhau.<\/span><\/p>\n<p><span style=\"font-family: 'times new roman', times, serif; font-size: 17px;\">\u2022 D\u1ec5 d\u00e0ng trong vi\u1ec7c tri\u1ec3n khai h\u01b0\u1edbng d\u1eabn b\u1eb1ng v\u0103n b\u1ea3n cho nhi\u1ec1u v\u0103n ph\u00f2ng c\u00f9ng l\u00fac trong m\u1ed9t l\u1ea7n h\u1ecdp.<\/span><\/p>\n<p><span style=\"font-family: 'times new roman', times, serif; font-size: 17px;\">\u2022 Gi\u00fap n\u00e2ng cao hi\u1ec7u qu\u1ea3 cho vi\u1ec7c ki\u1ec3m so\u00e1t v\u00e0 qu\u00e1 tr\u00ecnh th\u1ef1c thi v\u0103n b\u1ea3n.<\/span><\/p>\n<p><span style=\"font-family: 'times new roman', times, serif; font-size: 17px;\">\u2022 T\u0103ng c\u01b0\u1eddng m\u1ed1i quan h\u1ec7 h\u1ee3p t\u00e1c, mang l\u1ea1i kh\u1ea3 n\u0103ng \u1ee9ng bi\u1ebfn t\u1ee9c th\u1eddi v\u00e0 quy\u1ebft \u0111\u1ecbnh nhanh ch\u00f3ng, k\u1ecbp th\u1eddi.<\/span><\/p>\n<p><span style=\"font-family: 'times new roman', times, serif; font-size: 17px;\">\u2022 K\u1ebft h\u1ee3p \u0111\u01b0\u1ee3c s\u1ee9c m\u1ea1nh t\u1eadp th\u1ec3 v\u00e0 d\u1ec5 d\u00e0ng l\u00e0m vi\u1ec7c theo nh\u00f3m.<\/span><\/p>\n<p><span style=\"font-family: 'times new roman', times, serif; font-size: 17px;\">\u2022 N\u00e2ng cao h\u00ecnh \u1ea3nh c\u1ee7a t\u1ed5 ch\u1ee9c, doanh nghi\u1ec7p m\u1ed9t c\u00e1ch chuy\u00ean nghi\u1ec7p h\u01a1n.<\/span><\/p>\n<p style=\"text-align: justify;\">\u00a0<\/p>\n<p style=\"text-align: justify;\"><span style=\"font-family: 'times new roman', times, serif; font-size: 17px;\">N\u1eafm b\u1eaft \u0111\u01b0\u1ee3c c\u00e1c l\u1ee3i \u00edch m\u1ea1nh m\u1ebd c\u1ee7a c\u00f4ng ngh\u1ec7 Video Conferencing hay h\u1ed9i ngh\u1ecb truy\u1ec1n h\u00ecnh, c\u0169ng nh\u01b0 xu\u1ea5t ph\u00e1t t\u1eeb nhu c\u1ea7u th\u1ef1c ti\u1ec5n c\u1ee7a kh\u00e1ch h\u00e0ng. SAVITEL h\u00e2n h\u1ea1nh l\u00e0 nh\u00e0 cung c\u1ea5p gi\u1ea3i ph\u00e1p h\u1ed9i ngh\u1ecb truy\u1ec1n h\u00ecnh chuy\u00ean nghi\u1ec7p, gi\u00fap k\u1ebft n\u1ed1i gi\u1eefa tr\u1ee5 s\u1edf ch\u00ednh v\u00e0 c\u00e1c chi nh\u00e1nh. Nh\u1eb1m th\u1ef1c hi\u1ec7n t\u1ed1t nh\u1ea5t m\u1ee5c ti\u00eau v\u00e0 nhu c\u1ea7u trao \u0111\u1ed5i th\u00f4ng tin, h\u1ed9i h\u1ecdp giao ban tr\u1ef1c tuy\u1ebfn, ph\u1ee5c v\u1ee5 c\u00f4ng t\u00e1c h\u1ed9i h\u1ecdp, qu\u1ea3n l\u00fd, \u0111i\u1ec1u h\u00e0nh, khai th\u00e1c c\u1ee7a c\u00e1c doanh nghi\u1ec7p, c\u01a1 quan, t\u1ed5 ch\u1ee9c th\u00f4ng qua m\u00f4i tr\u01b0\u1eddng m\u1ea1ng m\u1ed9t c\u00e1ch hi\u1ec7u qu\u1ea3 nh\u1ea5t, ti\u1ebft ki\u1ec7m chi ph\u00ed, gi\u1ea3m thi\u1ec3u t\u1ed1i \u0111a th\u1eddi gian \u0111i l\u1ea1i.<\/span><\/p>\n<p style=\"text-align: justify;\">\u00a0<\/p>\n","protected":false},"excerpt":{"rendered":"<p>Trao \u0111\u1ed5i th\u00f4ng tin hay giao ti\u1ebfp l\u00e0 nhu c\u1ea7u chung c\u1ee7a t\u1ea5t c\u1ea3 m\u1ecdi ng\u01b0\u1eddi, trong m\u1ecdi l\u0129nh v\u1ef1c, tuy nhi\u00ean trong th\u1eddi \u0111\u1ea1i m\u00e0 th\u00f4ng tin quy\u1ebft \u0111\u1ecbnh \u0111\u1ebfn s\u1ef1 ph\u00e1t tri\u1ec3n nh\u01b0 hi\u1ec7n nay th\u00ec nhu c\u1ea7u n\u00e0y l\u1ea1i \u0111\u01b0\u1ee3c n\u00e2ng l\u00ean m\u1ed9t t\u1ea7m cao h\u01a1n v\u1edbi gi\u1ea3i ph\u00e1p h\u1ed9i ngh\u1ecb truy\u1ec1n &hellip; <\/p>\n<p class=\"link-more\"><a href=\"https:\/\/thietbihoinghi.com.vn\/en\/gioi-thieu-hoi-nghi-truyen-hinh\" class=\"more-link\">Continue reading<span class=\"screen-reader-text\"> &#8220;Introduction Videoconferencing&#8221;<\/span><\/a><\/p>\n","protected":false},"author":2,"featured_media":0,"parent":0,"menu_order":0,"comment_status":"closed","ping_status":"closed","template":"","meta":{"footnotes":""},"class_list":["post-7199","page","type-page","status-publish","hentry"],"_links":{"self":[{"href":"https:\/\/thietbihoinghi.com.vn\/en\/wp-json\/wp\/v2\/pages\/7199","targetHints":{"allow":["GET"]}}],"collection":[{"href":"https:\/\/thietbihoinghi.com.vn\/en\/wp-json\/wp\/v2\/pages"}],"about":[{"href":"https:\/\/thietbihoinghi.com.vn\/en\/wp-json\/wp\/v2\/types\/page"}],"author":[{"embeddable":true,"href":"https:\/\/thietbihoinghi.com.vn\/en\/wp-json\/wp\/v2\/users\/2"}],"replies":[{"embeddable":true,"href":"https:\/\/thietbihoinghi.com.vn\/en\/wp-json\/wp\/v2\/comments?post=7199"}],"version-history":[{"count":9,"href":"https:\/\/thietbihoinghi.com.vn\/en\/wp-json\/wp\/v2\/pages\/7199\/revisions"}],"predecessor-version":[{"id":10956,"href":"https:\/\/thietbihoinghi.com.vn\/en\/wp-json\/wp\/v2\/pages\/7199\/revisions\/10956"}],"wp:attachment":[{"href":"https:\/\/thietbihoinghi.com.vn\/en\/wp-json\/wp\/v2\/media?parent=7199"}],"curies":[{"name":"wp","href":"https:\/\/api.w.org\/{rel}","templated":true}]}}