{"id":339,"date":"2013-01-16T03:13:45","date_gmt":"2013-01-16T03:13:45","guid":{"rendered":"http:\/\/thietbihoinghi.com.vn\/hnth\/?page_id=339"},"modified":"2025-07-02T16:15:33","modified_gmt":"2025-07-02T09:15:33","slug":"thong-tin-lien-he","status":"publish","type":"page","link":"https:\/\/thietbihoinghi.com.vn\/en\/thong-tin-lien-he","title":{"rendered":"Contact Us"},"content":{"rendered":"\t\t<div data-elementor-type=\"wp-page\" data-elementor-id=\"339\" class=\"elementor elementor-339\" data-elementor-post-type=\"page\">\n\t\t\t\t\t\t\t\t\t<section class=\"elementor-section elementor-top-section elementor-element elementor-element-ec0dc0e elementor-section-boxed elementor-section-height-default elementor-section-height-default\" data-id=\"ec0dc0e\" data-element_type=\"section\">\n\t\t\t\t\t\t<div class=\"elementor-container elementor-column-gap-default\">\n\t\t\t\t\t<div class=\"elementor-column elementor-col-100 elementor-top-column elementor-element elementor-element-46ab327\" data-id=\"46ab327\" data-element_type=\"column\">\n\t\t\t<div class=\"elementor-widget-wrap elementor-element-populated\">\n\t\t\t\t\t\t\t\t<div class=\"elementor-element elementor-element-569a977 elementor-widget elementor-widget-text-editor\" data-id=\"569a977\" data-element_type=\"widget\" data-widget_type=\"text-editor.default\">\n\t\t\t\t<div class=\"elementor-widget-container\">\n\t\t\t<style>\/*! elementor - v3.15.0 - 09-08-2023 *\/\n.elementor-widget-text-editor.elementor-drop-cap-view-stacked .elementor-drop-cap{background-color:#69727d;color:#fff}.elementor-widget-text-editor.elementor-drop-cap-view-framed .elementor-drop-cap{color:#69727d;border:3px solid;background-color:transparent}.elementor-widget-text-editor:not(.elementor-drop-cap-view-default) .elementor-drop-cap{margin-top:8px}.elementor-widget-text-editor:not(.elementor-drop-cap-view-default) .elementor-drop-cap-letter{width:1em;height:1em}.elementor-widget-text-editor .elementor-drop-cap{float:left;text-align:center;line-height:1;font-size:50px}.elementor-widget-text-editor .elementor-drop-cap-letter{display:inline-block}<\/style>\t\t\t\t<p><span style=\"font-family: 'times new roman', times, serif; font-size: 14pt; color: #000000;\"><b>C\u00d4NG TY TNHH \u0110\u1ea6U T\u01af C\u00d4NG NGH\u1ec6 SAVITEL<\/b><\/span><\/p>\n<p><span style=\"font-family: 'times new roman', times, serif; font-size: 14pt; color: #000000;\"><strong>V\u0103n ph\u00f2ng TPHCM<br \/><\/strong>\u0110\u1ecba ch\u1ec9: T\u1ea7ng 09, Khu v\u0103n ph\u00f2ng Pearl Plaza, S\u1ed1 561A \u0110i\u1ec7n Bi\u00ean Ph\u1ee7, Ph\u01b0\u1eddng Th\u1ea1nh M\u1ef9 T\u00e2y, Th\u00e0nh ph\u1ed1 H\u1ed3 Ch\u00ed Minh, Vi\u1ec7t Nam<\/span><br \/><span style=\"font-family: 'times new roman', times, serif; font-size: 14pt; color: #000000;\">Hotline (Sales): 0938 053 816<\/span><br \/><span style=\"font-family: 'times new roman', times, serif; font-size: 14pt; color: #000000;\">Email: info@savitel.com.vn<\/span><br \/><span style=\"font-family: 'times new roman', times, serif; font-size: 14pt; color: #000000;\">Website<strong>:\u00a0<\/strong><a style=\"color: #000000;\" href=\"https:\/\/www.thietbihoinghi.com.vn\/\">www.thietbihoinghi.com.vn<\/a>\u00a0&#8211;\u00a0\u00a0<a style=\"color: #000000;\" href=\"https:\/\/www.savitel.com.vn\/\">www.savitel.com.vn<\/a><\/span><\/p>\t\t\t\t\t\t<\/div>\n\t\t\t\t<\/div>\n\t\t\t\t\t<\/div>\n\t\t<\/div>\n\t\t\t\t\t\t\t<\/div>\n\t\t<\/section>\n\t\t\t\t<section class=\"elementor-section elementor-top-section elementor-element elementor-element-1cd9b9c elementor-section-boxed elementor-section-height-default elementor-section-height-default\" data-id=\"1cd9b9c\" data-element_type=\"section\">\n\t\t\t\t\t\t<div class=\"elementor-container elementor-column-gap-default\">\n\t\t\t\t\t<div class=\"elementor-column elementor-col-100 elementor-top-column elementor-element elementor-element-9b021ba\" data-id=\"9b021ba\" data-element_type=\"column\">\n\t\t\t<div class=\"elementor-widget-wrap elementor-element-populated\">\n\t\t\t\t\t\t\t\t<div class=\"elementor-element elementor-element-b9f1cd0 elementor-widget elementor-widget-html\" data-id=\"b9f1cd0\" data-element_type=\"widget\" data-widget_type=\"html.default\">\n\t\t\t\t<div class=\"elementor-widget-container\">\n\t\t\t<iframe src=\"https:\/\/www.google.com\/maps\/embed?pb=!1m18!1m12!1m3!1d3919.147751447712!2d106.71395527560658!3d10.799993665813183!2m3!1f0!2f0!3f0!3m2!1i1024!2i768!4f13.1!3m3!1m2!1s0x317528cf4a2ac97f%3A0xce88d7f66ee8bfda!2zQ8OUTkcgVFkgVE5ISCDEkOG6plUgVMavIEPDlE5HIE5HSOG7hiBTQVZJVEVM!5e0!3m2!1svi!2s!4v1746869832133!5m2!1svi!2s\" width=\"600\" height=\"450\" style=\"border:0;\" allowfullscreen=\"\" loading=\"lazy\" referrerpolicy=\"no-referrer-when-downgrade\"><\/iframe>\t\t<\/div>\n\t\t\t\t<\/div>\n\t\t\t\t\t<\/div>\n\t\t<\/div>\n\t\t\t\t\t\t\t<\/div>\n\t\t<\/section>\n\t\t\t\t<section class=\"elementor-section elementor-top-section elementor-element elementor-element-8c1a692 elementor-section-boxed elementor-section-height-default elementor-section-height-default\" data-id=\"8c1a692\" data-element_type=\"section\">\n\t\t\t\t\t\t<div class=\"elementor-container elementor-column-gap-default\">\n\t\t\t\t\t<div class=\"elementor-column elementor-col-100 elementor-top-column elementor-element elementor-element-3c476e1\" data-id=\"3c476e1\" data-element_type=\"column\">\n\t\t\t<div class=\"elementor-widget-wrap elementor-element-populated\">\n\t\t\t\t\t\t\t\t<div class=\"elementor-element elementor-element-e0fe6e1 elementor-widget elementor-widget-text-editor\" data-id=\"e0fe6e1\" data-element_type=\"widget\" data-widget_type=\"text-editor.default\">\n\t\t\t\t<div class=\"elementor-widget-container\">\n\t\t\t\t\t\t\t<p><span style=\"white-space-collapse: preserve; color: rgb(0, 0, 0); font-size: 18px; text-align: start; font-family: &quot;times new roman&quot;, times, serif;\"><span style=\"font-weight: 600;\">V\u0103n ph\u00f2ng H\u00e0 N\u1ed9i<br data-rich-text-line-break=\"true\"><\/span>\u0110\u1ecba ch\u1ec9: BT L08-L15 Khu A &#8211; K\u0110T D\u01b0\u01a1ng N\u1ed9i, Ph\u01b0\u1eddng D\u01b0\u01a1ng N\u1ed9i, H\u00e0 N\u1ed9i<\/span><br data-rich-text-line-break=\"true\" style=\"white-space-collapse: preserve; color: rgb(0, 0, 0); font-family: -apple-system, &quot;system-ui&quot;, &quot;Segoe UI&quot;, Roboto, Oxygen-Sans, Ubuntu, Cantarell, &quot;Helvetica Neue&quot;, sans-serif; font-size: 18px; text-align: start;\"><span style=\"white-space-collapse: preserve; color: rgb(0, 0, 0); font-size: 18px; text-align: start; font-family: &quot;times new roman&quot;, times, serif;\">Hotline (Sales): &nbsp;0988 065 836<\/span><br data-rich-text-line-break=\"true\" style=\"white-space-collapse: preserve; color: rgb(0, 0, 0); font-family: -apple-system, &quot;system-ui&quot;, &quot;Segoe UI&quot;, Roboto, Oxygen-Sans, Ubuntu, Cantarell, &quot;Helvetica Neue&quot;, sans-serif; font-size: 18px; text-align: start;\"><span style=\"white-space-collapse: preserve; color: rgb(0, 0, 0); font-size: 18px; text-align: start; font-family: &quot;times new roman&quot;, times, serif;\">Email:&nbsp;info@savitel.com.vn<\/span><br data-rich-text-line-break=\"true\" style=\"white-space-collapse: preserve; color: rgb(0, 0, 0); font-family: -apple-system, &quot;system-ui&quot;, &quot;Segoe UI&quot;, Roboto, Oxygen-Sans, Ubuntu, Cantarell, &quot;Helvetica Neue&quot;, sans-serif; font-size: 18px; text-align: start;\"><span style=\"white-space-collapse: preserve; color: rgb(0, 0, 0); font-size: 18px; text-align: start; font-family: &quot;times new roman&quot;, times, serif;\">Website<span style=\"font-weight: 600;\">:<\/span>&nbsp;<a href=\"http:\/\/www.thietbihoinghi.com.vn\/\" style=\"color: rgb(34, 113, 177); transition: none; outline: 0px;\">www.thietbihoinghi.com.vn<\/a>&nbsp;&#8211;&nbsp;&nbsp;<a href=\"https:\/\/www.savitel.com.vn\/\" style=\"color: rgb(34, 113, 177); transition: none; outline: 0px;\">www.savitel.com.vn<\/a><\/span><\/p>\t\t\t\t\t\t<\/div>\n\t\t\t\t<\/div>\n\t\t\t\t\t<\/div>\n\t\t<\/div>\n\t\t\t\t\t\t\t<\/div>\n\t\t<\/section>\n\t\t\t\t\t\t\t<\/div>\n\t\t","protected":false},"excerpt":{"rendered":"<p>C\u00d4NG TY TNHH \u0110\u1ea6U T\u01af C\u00d4NG NGH\u1ec6 SAVITEL V\u0103n ph\u00f2ng TPHCM\u0110\u1ecba ch\u1ec9: T\u1ea7ng 09, Khu v\u0103n ph\u00f2ng Pearl Plaza, S\u1ed1 561A \u0110i\u1ec7n Bi\u00ean Ph\u1ee7, Ph\u01b0\u1eddng Th\u1ea1nh M\u1ef9 T\u00e2y, Th\u00e0nh ph\u1ed1 H\u1ed3 Ch\u00ed Minh, Vi\u1ec7t NamHotline (Sales): 0938 053 816Email: info@savitel.com.vnWebsite:\u00a0www.thietbihoinghi.com.vn\u00a0&#8211;\u00a0\u00a0www.savitel.com.vn V\u0103n ph\u00f2ng H\u00e0 N\u1ed9i\u0110\u1ecba ch\u1ec9: BT L08-L15 Khu A &#8211; K\u0110T D\u01b0\u01a1ng N\u1ed9i, Ph\u01b0\u1eddng D\u01b0\u01a1ng &hellip; <\/p>\n<p class=\"link-more\"><a href=\"https:\/\/thietbihoinghi.com.vn\/en\/thong-tin-lien-he\" class=\"more-link\">Continue reading<span class=\"screen-reader-text\"> &#8220;Contact Us&#8221;<\/span><\/a><\/p>\n","protected":false},"author":1,"featured_media":0,"parent":0,"menu_order":0,"comment_status":"open","ping_status":"open","template":"","meta":{"footnotes":""},"class_list":["post-339","page","type-page","status-publish","hentry"],"_links":{"self":[{"href":"https:\/\/thietbihoinghi.com.vn\/en\/wp-json\/wp\/v2\/pages\/339","targetHints":{"allow":["GET"]}}],"collection":[{"href":"https:\/\/thietbihoinghi.com.vn\/en\/wp-json\/wp\/v2\/pages"}],"about":[{"href":"https:\/\/thietbihoinghi.com.vn\/en\/wp-json\/wp\/v2\/types\/page"}],"author":[{"embeddable":true,"href":"https:\/\/thietbihoinghi.com.vn\/en\/wp-json\/wp\/v2\/users\/1"}],"replies":[{"embeddable":true,"href":"https:\/\/thietbihoinghi.com.vn\/en\/wp-json\/wp\/v2\/comments?post=339"}],"version-history":[{"count":136,"href":"https:\/\/thietbihoinghi.com.vn\/en\/wp-json\/wp\/v2\/pages\/339\/revisions"}],"predecessor-version":[{"id":11228,"href":"https:\/\/thietbihoinghi.com.vn\/en\/wp-json\/wp\/v2\/pages\/339\/revisions\/11228"}],"wp:attachment":[{"href":"https:\/\/thietbihoinghi.com.vn\/en\/wp-json\/wp\/v2\/media?parent=339"}],"curies":[{"name":"wp","href":"https:\/\/api.w.org\/{rel}","templated":true}]}}