{"id":24,"date":"2006-10-11T06:00:00","date_gmt":"2006-10-11T06:00:00","guid":{"rendered":"http:\/\/thietbihoinghi.com.vn\/hnth\/?p=24"},"modified":"2015-10-30T10:31:49","modified_gmt":"2015-10-30T03:31:49","slug":"dich-vu-tu-van-demo-thiet-bi-truc-tuyen","status":"publish","type":"page","link":"https:\/\/thietbihoinghi.com.vn\/en\/dich-vu-tu-van-demo-thiet-bi-truc-tuyen","title":{"rendered":"Consulting services, demo equipment"},"content":{"rendered":"<p><\/p>\n<p style=\"text-align: justify;\"><span style=\"font-family: 'times new roman', times, serif; font-size: 17px;\">\u00c1p d\u1ee5ng h\u1ec7 th\u1ed1ng h\u1ed9i ngh\u1ecb truy\u1ec1n h\u00ecnh tr\u1ef1c tuy\u1ebfn hi\u1ec7n nay \u0111\u01b0\u1ee3c xem l\u00e0 nhu c\u1ea7u c\u1ea5p thi\u1ebft v\u00e0 g\u1ea7n nh\u01b0 l\u00e0 b\u1eaft bu\u1ed9c v\u1edbi c\u00e1c doanh nghi\u1ec7p, t\u1ed5 ch\u1ee9c, c\u00f4ng ty. Song hi\u1ec7n nay vi\u1ec7c \u0111\u1ea7u t\u01b0 x\u00e2y d\u1ef1ng v\u00e0 v\u1eadn h\u00e0nh m\u1ed9t gi\u1ea3i ph\u00e1p h\u1ed9i ngh\u1ecb truy\u1ec1n h\u00ecnh c\u00f2n kh\u00e1 xa l\u1ea1 v\u1edbi nhi\u1ec1u ng\u01b0\u1eddi. Hi\u1ec3u \u0111\u01b0\u1ee3c nh\u1eefng v\u1ea5n \u0111\u1ec1 kh\u00f3 kh\u0103n n\u00e0y c\u00f4ng ty SAVITEL \u0111\u00e3 tri\u1ec3n khai <strong><a href=\"\/?page_id=24\">d\u1ecbch v\u1ee5 t\u01b0 v\u1ea5n, demo thi\u1ebft b\u1ecb h\u1ed9i ngh\u1ecb truy\u1ec1n h\u00ecnh tr\u1ef1c tuy\u1ebfn mi\u1ec5n ph\u00ed<\/a><\/strong> cho kh\u00e1ch h\u00e0ng.<\/span><\/p>\n<p style=\"text-align: justify;\">\u00a0<\/p>\n<p style=\"text-align: center;\"><span style=\"font-family: 'times new roman', times, serif; font-size: 17px;\"><a href=\"http:\/\/thietbihoinghi.com.vn\/wp-content\/uploads\/2006\/10\/dich-vu-tu-van-demo-thiet-bi-truc-tuyen-loi-ich.jpg\"><img loading=\"lazy\" decoding=\"async\" class=\"aligncenter size-full wp-image-6417\" src=\"http:\/\/thietbihoinghi.com.vn\/wp-content\/uploads\/2006\/10\/dich-vu-tu-van-demo-thiet-bi-truc-tuyen-loi-ich.jpg\" alt=\"d\u1ecbch v\u1ee5 t\u01b0 v\u1ea5n, demo thi\u1ebft b\u1ecb h\u1ed9i ngh\u1ecb truy\u1ec1n h\u00ecnh tr\u1ef1c tuy\u1ebfn mi\u1ec5n ph\u00ed \" width=\"600\" height=\"399\" srcset=\"https:\/\/thietbihoinghi.com.vn\/wp-content\/uploads\/2006\/10\/dich-vu-tu-van-demo-thiet-bi-truc-tuyen-loi-ich.jpg 600w, https:\/\/thietbihoinghi.com.vn\/wp-content\/uploads\/2006\/10\/dich-vu-tu-van-demo-thiet-bi-truc-tuyen-loi-ich-300x200.jpg 300w, https:\/\/thietbihoinghi.com.vn\/wp-content\/uploads\/2006\/10\/dich-vu-tu-van-demo-thiet-bi-truc-tuyen-loi-ich-24x16.jpg 24w, https:\/\/thietbihoinghi.com.vn\/wp-content\/uploads\/2006\/10\/dich-vu-tu-van-demo-thiet-bi-truc-tuyen-loi-ich-36x24.jpg 36w, https:\/\/thietbihoinghi.com.vn\/wp-content\/uploads\/2006\/10\/dich-vu-tu-van-demo-thiet-bi-truc-tuyen-loi-ich-48x32.jpg 48w\" sizes=\"auto, (max-width: 600px) 100vw, 600px\" \/><\/a><em>D\u1ecbch v\u1ee5 t\u01b0 v\u1ea5n, demo thi\u1ebft b\u1ecb h\u1ed9i ngh\u1ecb\u00a0<\/em><\/span><\/p>\n<p style=\"text-align: center;\">\u00a0<\/p>\n<h2 style=\"text-align: justify;\"><span style=\"font-family: 'times new roman', times, serif; font-size: 19px; color: #3366ff;\"><strong>Nh\u1eefng l\u1ee3i \u00edch t\u1eeb d\u1ecbch v\u1ee5 t\u01b0 v\u1ea5n, demo thi\u1ebft b\u1ecb!<\/strong><\/span><\/h2>\n<p style=\"text-align: justify;\">\u00a0<\/p>\n<p style=\"text-align: justify;\"><span style=\"font-family: 'times new roman', times, serif; font-size: 17px;\">\u2022 Gi\u00fap doanh nghi\u1ec7p, kh\u00e1ch h\u00e0ng hi\u1ec3u r\u00f5 h\u01a1n v\u1ec1 <strong><a href=\"http:\/\/thietbihoinghi.com.vn\/\">h\u1ec7 th\u1ed1ng h\u1ed9i ngh\u1ecb truy\u1ec1n h\u00ecnh<\/a><\/strong>.<\/span><\/p>\n<p style=\"text-align: justify;\"><span style=\"font-family: 'times new roman', times, serif; font-size: 17px;\">\u2022 \u0110\u01b0\u1ee3c tr\u1ea3i nghi\u1ec7m th\u1ef1c t\u1ebf v\u1ec1 nh\u1eefng l\u1ee3i \u00edch m\u00e0 h\u1ed9i ngh\u1ecb truy\u1ec1n h\u00ecnh mang l\u1ea1i.<\/span><\/p>\n<p style=\"text-align: justify;\"><span style=\"font-family: 'times new roman', times, serif; font-size: 17px;\">\u2022 \u0110\u01b0\u1ee3c h\u01b0\u1edbng d\u1eabn c\u1ee5 th\u1ec3 vi\u1ec7c v\u1eadn h\u00e0nh, s\u1eed d\u1ee5ng thi\u1ebft b\u1ecb.<\/span><\/p>\n<p style=\"text-align: justify;\"><span style=\"font-family: 'times new roman', times, serif; font-size: 17px;\">\u2022 \u0110\u01b0\u1ee3c th\u1eed nghi\u1ec7m th\u00f4ng qua vi\u1ec7c t\u1ed5 ch\u1ee9c c\u00e1c cu\u1ed9c h\u1ecdp th\u1ef1c t\u1ebf\u2026<\/span><\/p>\n<p style=\"text-align: justify;\">\u00a0<\/p>\n<p style=\"text-align: justify;\"><span style=\"font-family: 'times new roman', times, serif; font-size: 17px;\">Xem th\u00eam:\u00a0<a href=\"\/?page_id=92\">C\u1ea5u h\u00ecnh v\u00e0 c\u00e0i \u0111\u1eb7t thi\u1ebft b\u1ecb h\u1ed9i ngh\u1ecb truy\u1ec1n h\u00ecnh<\/a><\/span><\/p>\n<p style=\"text-align: justify;\">\u00a0<\/p>\n<h2 style=\"text-align: justify;\"><span style=\"font-family: 'times new roman', times, serif; font-size: 19px; color: #3366ff;\"><strong>D\u1ecbch v\u1ee5 t\u01b0 v\u1ea5n, demo thi\u1ebft b\u1ecb tr\u1ef1c tuy\u1ebfn C\u00f4ng ty SAVITEL v\u00e0 nh\u1eefng \u01b0u \u0111i\u1ec3m!<\/strong><\/span><\/h2>\n<p style=\"text-align: justify;\">\u00a0<\/p>\n<p style=\"text-align: center;\"><span style=\"font-family: 'times new roman', times, serif; font-size: 17px;\"><a href=\"http:\/\/thietbihoinghi.com.vn\/wp-content\/uploads\/2006\/10\/dich-vu-tu-van-demo-thiet-bi-truc-tuyen.jpg\"><img loading=\"lazy\" decoding=\"async\" class=\"aligncenter size-full wp-image-6416\" src=\"http:\/\/thietbihoinghi.com.vn\/wp-content\/uploads\/2006\/10\/dich-vu-tu-van-demo-thiet-bi-truc-tuyen.jpg\" alt=\"\u0110\u1ed9i ng\u0169 k\u1ef9 s\u01b0, nh\u00e2n vi\u00ean k\u1ef9 thu\u1eadt \u0111\u01b0\u1ee3c \u0111\u00e0o t\u1ea1o chuy\u00ean s\u00e2u\" width=\"550\" height=\"413\" srcset=\"https:\/\/thietbihoinghi.com.vn\/wp-content\/uploads\/2006\/10\/dich-vu-tu-van-demo-thiet-bi-truc-tuyen.jpg 550w, https:\/\/thietbihoinghi.com.vn\/wp-content\/uploads\/2006\/10\/dich-vu-tu-van-demo-thiet-bi-truc-tuyen-300x225.jpg 300w, https:\/\/thietbihoinghi.com.vn\/wp-content\/uploads\/2006\/10\/dich-vu-tu-van-demo-thiet-bi-truc-tuyen-24x18.jpg 24w, https:\/\/thietbihoinghi.com.vn\/wp-content\/uploads\/2006\/10\/dich-vu-tu-van-demo-thiet-bi-truc-tuyen-36x27.jpg 36w, https:\/\/thietbihoinghi.com.vn\/wp-content\/uploads\/2006\/10\/dich-vu-tu-van-demo-thiet-bi-truc-tuyen-48x36.jpg 48w\" sizes=\"auto, (max-width: 550px) 100vw, 550px\" \/><\/a><span style=\"font-size: 14px;\"><em>\u0110\u1ed9i ng\u0169 k\u1ef9 s\u01b0, nh\u00e2n vi\u00ean k\u1ef9 thu\u1eadt \u0111\u01b0\u1ee3c \u0111\u00e0o t\u1ea1o chuy\u00ean s\u00e2u<\/em><\/span><\/span><\/p>\n<p style=\"text-align: center;\">\u00a0<\/p>\n<p style=\"text-align: justify;\"><span style=\"font-family: 'times new roman', times, serif; font-size: 17px;\">\u2022 \u0110\u1ed9i ng\u0169 k\u1ef9 s\u01b0, nh\u00e2n vi\u00ean k\u1ef9 thu\u1eadt \u0111\u01b0\u1ee3c \u0111\u00e0o t\u1ea1o chuy\u00ean s\u00e2u, gi\u00e0u kinh nghi\u1ec7m khi tri\u1ec3n khai th\u00e0nh c\u00f4ng nhi\u1ec1u d\u1ef1 \u00e1n truy\u1ec1n h\u00ecnh h\u1ed9i ngh\u1ecb.<\/span><\/p>\n<p style=\"text-align: justify;\"><span style=\"font-family: 'times new roman', times, serif; font-size: 17px;\">\u2022 Kh\u00e1ch h\u00e0ng \u0111\u01b0\u1ee3c t\u01b0 v\u1ea5n th\u1eadt c\u1ee5 th\u1ec3 v\u1ec1 gi\u1ea3i ph\u00e1p h\u1ec7 th\u1ed1ng h\u1ed9i ngh\u1ecb truy\u1ec1n h\u00ecnh v\u00e0 c\u00e1c thi\u1ebft b\u1ecb d\u1ef1a theo nhu c\u1ea7u c\u1ee7a t\u1eebng kh\u00e1ch h\u00e0ng.<\/span><\/p>\n<p style=\"text-align: justify;\"><span style=\"font-family: 'times new roman', times, serif; font-size: 17px;\">\u2022 H\u1ed7 tr\u1ee3 t\u01b0 v\u1ea5n v\u1ec1 d\u1ecbch v\u1ee5, thi\u1ebft b\u1ecb 24\/24.<\/span><\/p>\n<p style=\"text-align: justify;\"><span style=\"font-family: 'times new roman', times, serif; font-size: 17px;\">\u2022 Ti\u1ebfn h\u00e0nh l\u1eafp \u0111\u1eb7t, demo thi\u1ebft b\u1ecb gi\u00fap kh\u00e1ch h\u00e0ng tr\u1ea3i nghi\u1ec7m th\u1ef1c t\u1ebf th\u00f4ng qua c\u00e1c cu\u1ed9c h\u1ed9i h\u1ecdp tr\u1ef1c tuy\u1ebfn.<\/span><\/p>\n<p style=\"text-align: justify;\"><span style=\"font-family: 'times new roman', times, serif; font-size: 17px;\">\u2022 Tri\u1ec3n khai d\u1ecbch v\u1ee5 nhanh ch\u00f3ng.<\/span><\/p>\n<p style=\"text-align: justify;\"><span style=\"font-family: 'times new roman', times, serif; font-size: 17px;\">\u2022 D\u1ecbch v\u1ee5 demo, t\u01b0 v\u1ea5n \u0111\u01b0\u1ee3c cung c\u1ea5p ho\u00e0n to\u00e0n mi\u1ec5n ph\u00ed.<\/span><\/p>\n<p style=\"text-align: justify;\">\u00a0<\/p>\n<p><span style=\"font-family: 'times new roman', times, serif; font-size: 17px;\">C\u00f4ng ty SAVITEL cam k\u1ebft s\u1ebd mang \u0111\u1ebfn cho Qu\u00fd kh\u00e1ch h\u00e0ng gi\u1ea3i ph\u00e1p h\u1ed9i ngh\u1ecb truy\u1ec1n h\u00ecnh tr\u1ef1c tuy\u1ebfn t\u1ed1i \u01b0u nh\u1ea5t v\u1edbi chi ph\u00ed \u0111\u1ea7u t\u01b0 h\u1ee3p l\u00fd nh\u1ea5t.<\/span><\/p>\n<p>&nbsp;<\/p>\n<p><span style=\"font-family: 'times new roman', times, serif; font-size: 17px;\">Xem th\u00eam:\u00a0<a href=\"\/?page_id=98\">D\u1ecbch v\u1ee5 c\u00e0i \u0111\u1eb7t v\u00e0 c\u1ea5u h\u00ecnh network<\/a><\/span><\/p>\n<p><\/p>","protected":false},"excerpt":{"rendered":"<p>\u00c1p d\u1ee5ng h\u1ec7 th\u1ed1ng h\u1ed9i ngh\u1ecb truy\u1ec1n h\u00ecnh tr\u1ef1c tuy\u1ebfn hi\u1ec7n nay \u0111\u01b0\u1ee3c xem l\u00e0 nhu c\u1ea7u c\u1ea5p thi\u1ebft v\u00e0 g\u1ea7n nh\u01b0 l\u00e0 b\u1eaft bu\u1ed9c v\u1edbi c\u00e1c doanh nghi\u1ec7p, t\u1ed5 ch\u1ee9c, c\u00f4ng ty. Song hi\u1ec7n nay vi\u1ec7c \u0111\u1ea7u t\u01b0 x\u00e2y d\u1ef1ng v\u00e0 v\u1eadn h\u00e0nh m\u1ed9t gi\u1ea3i ph\u00e1p h\u1ed9i ngh\u1ecb truy\u1ec1n h\u00ecnh c\u00f2n kh\u00e1 xa l\u1ea1 &hellip; <\/p>\n<p class=\"link-more\"><a href=\"https:\/\/thietbihoinghi.com.vn\/en\/dich-vu-tu-van-demo-thiet-bi-truc-tuyen\" class=\"more-link\">Continue reading<span class=\"screen-reader-text\"> &#8220;Consulting services, demo equipment&#8221;<\/span><\/a><\/p>\n","protected":false},"author":1,"featured_media":0,"parent":0,"menu_order":0,"comment_status":"open","ping_status":"open","template":"other-page.php","meta":{"footnotes":""},"class_list":["post-24","page","type-page","status-publish","hentry"],"_links":{"self":[{"href":"https:\/\/thietbihoinghi.com.vn\/en\/wp-json\/wp\/v2\/pages\/24","targetHints":{"allow":["GET"]}}],"collection":[{"href":"https:\/\/thietbihoinghi.com.vn\/en\/wp-json\/wp\/v2\/pages"}],"about":[{"href":"https:\/\/thietbihoinghi.com.vn\/en\/wp-json\/wp\/v2\/types\/page"}],"author":[{"embeddable":true,"href":"https:\/\/thietbihoinghi.com.vn\/en\/wp-json\/wp\/v2\/users\/1"}],"replies":[{"embeddable":true,"href":"https:\/\/thietbihoinghi.com.vn\/en\/wp-json\/wp\/v2\/comments?post=24"}],"version-history":[{"count":26,"href":"https:\/\/thietbihoinghi.com.vn\/en\/wp-json\/wp\/v2\/pages\/24\/revisions"}],"predecessor-version":[{"id":8032,"href":"https:\/\/thietbihoinghi.com.vn\/en\/wp-json\/wp\/v2\/pages\/24\/revisions\/8032"}],"wp:attachment":[{"href":"https:\/\/thietbihoinghi.com.vn\/en\/wp-json\/wp\/v2\/media?parent=24"}],"curies":[{"name":"wp","href":"https:\/\/api.w.org\/{rel}","templated":true}]}}