{"id":2288,"date":"2014-03-11T08:56:21","date_gmt":"2014-03-11T01:56:21","guid":{"rendered":"http:\/\/thietbihoinghi.com.vn\/?page_id=2288"},"modified":"2025-04-16T16:21:47","modified_gmt":"2025-04-16T09:21:47","slug":"hoi-nghi-truyen-hinh-phan-mem","status":"publish","type":"page","link":"https:\/\/thietbihoinghi.com.vn\/en\/hoi-nghi-truyen-hinh-phan-mem","title":{"rendered":"H\u1ed9i ngh\u1ecb truy\u1ec1n h\u00ecnh ph\u1ea7n m\u1ec1m"},"content":{"rendered":"<p style=\"text-align: justify;\">H\u1ed9i ngh\u1ecb truy\u1ec1n h\u00ecnh gi\u1edd \u0111\u00e2y kh\u00f4ng c\u00f2n xa l\u1ea1i v\u1edbi ch\u00fang ta, tuy nhi\u00ean \u0111\u1ec3 \u0111\u1ea7u t\u01b0 m\u1ed9t h\u1ec7 th\u1ed1ng h\u1ed9i ngh\u1ecb truy\u1ec1n h\u00ecnh b\u1eb1ng ph\u1ea7n c\u1ee9ng c\u1ee7a Polycom ho\u1eb7c c\u00e1c h\u00e3ng kh\u00e1c l\u00e0 c\u1ea3 m\u1ed9t v\u1ea5n \u0111\u1ec1 l\u1edbn. V\u1edbi nh\u1eefng doanh nghi\u1ec7p ch\u01b0a \u0111\u1ee7 kinh ph\u00ed \u0111\u1ea7u t\u01b0 h\u1ec7 th\u1ed1ng h\u1ed9i ngh\u1ecb truy\u1ec1n h\u00ecnh chuy\u00ean nghi\u1ec7p th\u00ec h\u1ed9i ngh\u1ecb truy\u1ec1n h\u00ecnh b\u1eb1ng ph\u1ea7n m\u1ec1m l\u00e0 gi\u1ea3i ph\u00e1p t\u1ea1m th\u1eddi \u0111\u1ec3 t\u1ed5 ch\u1ee9c c\u00e1c cu\u1ed9c h\u1ecdp d\u1ec5 d\u00e0ng v\u00e0 nhanh ch\u00f3ng, h\u1ed7 tr\u1ee3 t\u1ed1t cho vi\u1ec7c trao \u0111\u1ed5i th\u00f4ng tin nhanh ch\u00f3ng v\u00e0 ti\u1ec7n l\u1ee3i.<\/p>\n<p><a href=\"http:\/\/thietbihoinghi.com.vn\/phan-mem-hoi-nghi-truyen-hinh\/attachment\/hoi-nghi-truyen-hinh-phan-mem-2\" rel=\"attachment wp-att-2664\"><img loading=\"lazy\" decoding=\"async\" src=\"http:\/\/thietbihoinghi.com.vn\/wp-content\/uploads\/2014\/03\/Hoi-nghi-truyen-hinh-phan-mem1.jpg\" alt=\"Hoi nghi truyen hinh phan mem\" width=\"450\" height=\"300\" \/><\/a><\/p>\n<p><strong><span style=\"font-size: medium; color: #0000ff;\">Nh\u1eefng thi\u1ebft b\u1ecb c\u1ea7n thi\u1ebft \u0111\u1ec3 t\u1ea1o cu\u1ed9c h\u1ed9i ngh\u1ecb qua ph\u1ea7n m\u1ec1m:<\/span><\/strong><\/p>\n<p>&#8211; License ph\u1ea7n m\u1ec1m cho 02 \u0111i\u1ec3m (Ph\u1ea7n m\u1ec1m Polycom ho\u1eb7c h\u00e3ng kh\u00e1c).<br \/>\n&#8211; Laptop ho\u1eb7c PC<br \/>\n&#8211; Camera thu h\u00ecnh \u1ea3nh<br \/>\n<a href=\"http:\/\/thietbihoinghi.com.vn\/phan-mem-hoi-nghi-truyen-hinh\/attachment\/kato-camera\" rel=\"attachment wp-att-2666\"><img loading=\"lazy\" decoding=\"async\" class=\"alignnone  wp-image-2666\" src=\"http:\/\/thietbihoinghi.com.vn\/wp-content\/uploads\/2014\/03\/Kato-camera.jpg\" alt=\"Kato camera\" width=\"225\" height=\"145\" \/><\/a>\u00a0\u00a0<a href=\"http:\/\/thietbihoinghi.com.vn\/phan-mem-hoi-nghi-truyen-hinh\/attachment\/webcam-logitech\" rel=\"attachment wp-att-2668\"><img loading=\"lazy\" decoding=\"async\" class=\"alignnone  wp-image-2668\" src=\"http:\/\/thietbihoinghi.com.vn\/wp-content\/uploads\/2014\/03\/webcam-logitech.jpg\" alt=\"webcam logitech\" width=\"200\" height=\"150\" \/><\/a><\/p>\n<p>&#8211; \u00a0Micro \u0111a h\u01b0\u1edbng thu \u00e2m 360 \u0111\u1ed9 t\u00edch h\u1ee3p loa<br \/>\n<a href=\"http:\/\/thietbihoinghi.com.vn\/thiet-bi-hoi-nghi-truyen-hinh\/thiet-bi-hoi-nghi-am-thanh\/polycom-soundstation2-exp.html\/attachment\/polycom_soundsta_50b460a19cc46\" rel=\"attachment wp-att-458\"><img loading=\"lazy\" decoding=\"async\" class=\"alignnone  wp-image-458\" src=\"http:\/\/thietbihoinghi.com.vn\/wp-content\/uploads\/2013\/01\/Polycom_SoundSta_50b460a19cc46.jpg\" alt=\"Polycom_SoundSta_50b460a19cc46\" width=\"170\" height=\"130\" \/><\/a>\u00a0<a href=\"http:\/\/thietbihoinghi.com.vn\/phan-mem-hoi-nghi-truyen-hinh\/attachment\/kato-kt-m2\" rel=\"attachment wp-att-2669\"><img loading=\"lazy\" decoding=\"async\" class=\"alignnone  wp-image-2669\" src=\"http:\/\/thietbihoinghi.com.vn\/wp-content\/uploads\/2014\/03\/Kato-kt-m2.jpg\" alt=\"Kato kt-m2\" width=\"180\" height=\"140\" \/><\/a> <a href=\"http:\/\/thietbihoinghi.com.vn\/phan-mem-hoi-nghi-truyen-hinh\/attachment\/omni-directional_microphone_usb_desktop_microphone_skype_microphone_conference_m\" rel=\"attachment wp-att-2670\"><img loading=\"lazy\" decoding=\"async\" class=\"alignnone  wp-image-2670\" src=\"http:\/\/thietbihoinghi.com.vn\/wp-content\/uploads\/2014\/03\/Omni-directional_Microphone_usb_desktop_microphone_skype_microphone_conference_m.jpg\" alt=\"Omni-directional_Microphone_usb_desktop_microphone_skype_microphone_conference_m\" width=\"170\" height=\"120\" \/><\/a><\/p>\n<p><span style=\"color: #0000ff;\"><strong><br \/>\n<span style=\"font-size: 12pt;\">Li\u00ean h\u1ec7 ngay v\u1edbi ch\u00fang t\u00f4i \u0111\u1ec3 \u0111\u01b0\u1ee3c h\u1ed7 tr\u1ee3 t\u01b0 v\u1ea5n v\u00e0 b\u00e1o gi\u00e1 t\u1ed1t nh\u1ea5t.<\/span><\/strong><\/span><\/p>\n","protected":false},"excerpt":{"rendered":"<p>H\u1ed9i ngh\u1ecb truy\u1ec1n h\u00ecnh gi\u1edd \u0111\u00e2y kh\u00f4ng c\u00f2n xa l\u1ea1i v\u1edbi ch\u00fang ta, tuy nhi\u00ean \u0111\u1ec3 \u0111\u1ea7u t\u01b0 m\u1ed9t h\u1ec7 th\u1ed1ng h\u1ed9i ngh\u1ecb truy\u1ec1n h\u00ecnh b\u1eb1ng ph\u1ea7n c\u1ee9ng c\u1ee7a Polycom ho\u1eb7c c\u00e1c h\u00e3ng kh\u00e1c l\u00e0 c\u1ea3 m\u1ed9t v\u1ea5n \u0111\u1ec1 l\u1edbn. V\u1edbi nh\u1eefng doanh nghi\u1ec7p ch\u01b0a \u0111\u1ee7 kinh ph\u00ed \u0111\u1ea7u t\u01b0 h\u1ec7 th\u1ed1ng h\u1ed9i ngh\u1ecb truy\u1ec1n &hellip; <\/p>\n<p class=\"link-more\"><a href=\"https:\/\/thietbihoinghi.com.vn\/en\/hoi-nghi-truyen-hinh-phan-mem\" class=\"more-link\">Continue reading<span class=\"screen-reader-text\"> &#8220;H\u1ed9i ngh\u1ecb truy\u1ec1n h\u00ecnh ph\u1ea7n m\u1ec1m&#8221;<\/span><\/a><\/p>\n","protected":false},"author":1,"featured_media":0,"parent":0,"menu_order":0,"comment_status":"open","ping_status":"open","template":"","meta":{"footnotes":""},"class_list":["post-2288","page","type-page","status-publish","hentry"],"_links":{"self":[{"href":"https:\/\/thietbihoinghi.com.vn\/en\/wp-json\/wp\/v2\/pages\/2288","targetHints":{"allow":["GET"]}}],"collection":[{"href":"https:\/\/thietbihoinghi.com.vn\/en\/wp-json\/wp\/v2\/pages"}],"about":[{"href":"https:\/\/thietbihoinghi.com.vn\/en\/wp-json\/wp\/v2\/types\/page"}],"author":[{"embeddable":true,"href":"https:\/\/thietbihoinghi.com.vn\/en\/wp-json\/wp\/v2\/users\/1"}],"replies":[{"embeddable":true,"href":"https:\/\/thietbihoinghi.com.vn\/en\/wp-json\/wp\/v2\/comments?post=2288"}],"version-history":[{"count":12,"href":"https:\/\/thietbihoinghi.com.vn\/en\/wp-json\/wp\/v2\/pages\/2288\/revisions"}],"predecessor-version":[{"id":10952,"href":"https:\/\/thietbihoinghi.com.vn\/en\/wp-json\/wp\/v2\/pages\/2288\/revisions\/10952"}],"wp:attachment":[{"href":"https:\/\/thietbihoinghi.com.vn\/en\/wp-json\/wp\/v2\/media?parent=2288"}],"curies":[{"name":"wp","href":"https:\/\/api.w.org\/{rel}","templated":true}]}}