{"id":2283,"date":"2014-03-11T08:54:48","date_gmt":"2014-03-11T01:54:48","guid":{"rendered":"http:\/\/thietbihoinghi.com.vn\/?page_id=2283"},"modified":"2025-04-16T16:22:14","modified_gmt":"2025-04-16T09:22:14","slug":"hoi-nghi-truyen-hinh-sony","status":"publish","type":"page","link":"https:\/\/thietbihoinghi.com.vn\/en\/hoi-nghi-truyen-hinh-sony","title":{"rendered":"H\u1ed9i ngh\u1ecb truy\u1ec1n h\u00ecnh Sony"},"content":{"rendered":"<table>\n<tbody>\n<tr>\n<td>\n<p style=\"text-align: justify;\">Sony l\u00e0 h\u00e3ng \u0111i\u1ec7n t\u1eed l\u00e2u \u0111\u1eddi v\u00e0 n\u1ed5i ti\u1ebfng c\u1ee7a Nh\u1eadt B\u1ea3n, \u0111\u00e3 ph\u00e1t minh v\u00e0 s\u1ea3n xu\u1ea5t nhi\u1ec1u s\u1ea3n ph\u1ea9m ch\u1ea5t l\u01b0\u1ee3ng \u0111\u01b0\u1ee3c ng\u01b0\u1eddi ti\u00eau d\u00f9ng \u01b0u chu\u1ed9ng. Thi\u1ebft b\u1ecb h\u1ed9i ngh\u1ecb truy\u1ec1n h\u00ecnh Sony \u0111\u01b0\u1ee3c bi\u1ebft \u0111\u1ebfn v\u1edbi h\u00ecnh \u1ea3nh ch\u00e2n th\u1ef1c v\u00e0 \u0111\u1ed9 ph\u00e2n gi\u1ea3i t\u1ed1t nh\u1ea5t hi\u1ec7n nay.<br \/>\n<a href=\"http:\/\/thietbihoinghi.com.vn\/hoi-nghi-truyen-hinh-sony\/attachment\/sony-video-conferencing\" rel=\"attachment wp-att-2440\"><img loading=\"lazy\" decoding=\"async\" class=\"alignnone  wp-image-2440\" src=\"http:\/\/thietbihoinghi.com.vn\/wp-content\/uploads\/2014\/03\/Sony-video-conferencing.jpg\" alt=\"Sony video conferencing\" width=\"600\" height=\"305\" srcset=\"https:\/\/thietbihoinghi.com.vn\/wp-content\/uploads\/2014\/03\/Sony-video-conferencing.jpg 600w, https:\/\/thietbihoinghi.com.vn\/wp-content\/uploads\/2014\/03\/Sony-video-conferencing-588x300.jpg 588w, https:\/\/thietbihoinghi.com.vn\/wp-content\/uploads\/2014\/03\/Sony-video-conferencing-195x99.jpg 195w\" sizes=\"auto, (max-width: 600px) 100vw, 600px\" \/><\/a><\/p>\n<p><strong>T\u1ea1i sao b\u1ea1n n\u00ean ch\u1ecdn thi\u1ebft b\u1ecb Sony?<\/strong><\/p>\n<p>&#8211; C\u00f4ng ngh\u1ec7 v\u00e0 ch\u1ea5t l\u01b0\u1ee3ng Nh\u1eadt B\u1ea3n.<br \/>\n&#8211; H\u00ecnh \u1ea3nh Camera h\u1ed7 tr\u1ee3 Full HD, Zoom 35X.<br \/>\n&#8211; T\u00edch h\u1ee3p \u0111\u1ea7y \u0111\u1ee7 c\u00f4ng ngh\u1ec7 v\u00e0 t\u00ednh n\u0103ng h\u1ed9i ngh\u1ecb truy\u1ec1n h\u00ecnh<\/p>\n<p><span style=\"color: #ff0000;\"><strong>Li\u00ean h\u1ec7 ngay v\u1edbi ch\u00fang t\u00f4i \u0111\u1ec3 \u0111\u01b0\u1ee3c h\u1ed7 tr\u1ee3 t\u01b0 v\u1ea5n v\u00e0 b\u00e1o gi\u00e1 t\u1ed1t nh\u1ea5t.<\/strong><\/span><\/p>\n<p><strong><img loading=\"lazy\" decoding=\"async\" src=\"http:\/\/thietbihoinghi.com.vn\/wp-content\/uploads\/2014\/03\/illustration.png\" alt=\"illustration\" width=\"32\" height=\"32\" \/>\u00a0 D\u00f2ng s\u1ea3n ph\u1ea9m Sony ti\u00eau bi\u1ec3u<\/strong><\/p>\n<table>\n<tbody>\n<tr>\n<td style=\"text-align: center;\"><span style=\"color: #ff0000;\"><strong>Sony PCS-XG Series<\/strong><\/span><\/td>\n<td style=\"text-align: center;\"><span style=\"color: #ff0000;\"><strong><strong>MCU PCS-VCSH24<\/strong><\/strong><\/span><\/td>\n<\/tr>\n<tr>\n<td><a href=\"http:\/\/thietbihoinghi.com.vn\/thiet-bi-hoi-nghi-truyen-hinh\/hoi-nghi-truyen-hinh-sony\/sony-pcs-xg80.html\" rel=\"attachment wp-att-415\"><img loading=\"lazy\" decoding=\"async\" class=\"aligncenter wp-image-415\" style=\"border: 1px solid black; margin: 1px;\" src=\"http:\/\/thietbihoinghi.com.vn\/wp-content\/uploads\/2013\/01\/Sony_PCS_XG55_50b58599a6a77.jpg\" alt=\"Sony_PCS_XG55\" width=\"300\" height=\"229\" \/><\/a><\/td>\n<td><a href=\"http:\/\/thietbihoinghi.com.vn\/thiet-bi-hoi-nghi-truyen-hinh\/hoi-nghi-truyen-hinh-sony\/sony-pcs-xg55.html\" rel=\"attachment wp-att-2441\"><img loading=\"lazy\" decoding=\"async\" class=\"aligncenter wp-image-2441\" style=\"border: 1px solid black; margin: 1px;\" src=\"http:\/\/thietbihoinghi.com.vn\/wp-content\/uploads\/2014\/03\/PCS-VCSH24.jpg\" alt=\"PCS-VCSH24\" width=\"300\" height=\"236\" srcset=\"https:\/\/thietbihoinghi.com.vn\/wp-content\/uploads\/2014\/03\/PCS-VCSH24.jpg 600w, https:\/\/thietbihoinghi.com.vn\/wp-content\/uploads\/2014\/03\/PCS-VCSH24-381x300.jpg 381w, https:\/\/thietbihoinghi.com.vn\/wp-content\/uploads\/2014\/03\/PCS-VCSH24-195x153.jpg 195w\" sizes=\"auto, (max-width: 300px) 100vw, 300px\" \/><\/a><\/td>\n<\/tr>\n<\/tbody>\n<\/table>\n<p><strong><br \/>\n<span style=\"color: #ff0000; font-size: 12pt;\">\u0110\u1ec3 \u0111\u01b0\u1ee3c t\u01b0 v\u1ea5n v\u00e0 h\u1ed7 tr\u1ee3 t\u1ed1t nh\u1ea5t, vui l\u00f2ng li\u00ean h\u1ec7 SAVITEL<\/span><\/strong><\/td>\n<\/tr>\n<\/tbody>\n<\/table>\n","protected":false},"excerpt":{"rendered":"<p>Sony l\u00e0 h\u00e3ng \u0111i\u1ec7n t\u1eed l\u00e2u \u0111\u1eddi v\u00e0 n\u1ed5i ti\u1ebfng c\u1ee7a Nh\u1eadt B\u1ea3n, \u0111\u00e3 ph\u00e1t minh v\u00e0 s\u1ea3n xu\u1ea5t nhi\u1ec1u s\u1ea3n ph\u1ea9m ch\u1ea5t l\u01b0\u1ee3ng \u0111\u01b0\u1ee3c ng\u01b0\u1eddi ti\u00eau d\u00f9ng \u01b0u chu\u1ed9ng. Thi\u1ebft b\u1ecb h\u1ed9i ngh\u1ecb truy\u1ec1n h\u00ecnh Sony \u0111\u01b0\u1ee3c bi\u1ebft \u0111\u1ebfn v\u1edbi h\u00ecnh \u1ea3nh ch\u00e2n th\u1ef1c v\u00e0 \u0111\u1ed9 ph\u00e2n gi\u1ea3i t\u1ed1t nh\u1ea5t hi\u1ec7n nay. T\u1ea1i sao &hellip; <\/p>\n<p class=\"link-more\"><a href=\"https:\/\/thietbihoinghi.com.vn\/en\/hoi-nghi-truyen-hinh-sony\" class=\"more-link\">Continue reading<span class=\"screen-reader-text\"> &#8220;H\u1ed9i ngh\u1ecb truy\u1ec1n h\u00ecnh Sony&#8221;<\/span><\/a><\/p>\n","protected":false},"author":1,"featured_media":0,"parent":0,"menu_order":0,"comment_status":"open","ping_status":"open","template":"","meta":{"footnotes":""},"class_list":["post-2283","page","type-page","status-publish","hentry"],"_links":{"self":[{"href":"https:\/\/thietbihoinghi.com.vn\/en\/wp-json\/wp\/v2\/pages\/2283","targetHints":{"allow":["GET"]}}],"collection":[{"href":"https:\/\/thietbihoinghi.com.vn\/en\/wp-json\/wp\/v2\/pages"}],"about":[{"href":"https:\/\/thietbihoinghi.com.vn\/en\/wp-json\/wp\/v2\/types\/page"}],"author":[{"embeddable":true,"href":"https:\/\/thietbihoinghi.com.vn\/en\/wp-json\/wp\/v2\/users\/1"}],"replies":[{"embeddable":true,"href":"https:\/\/thietbihoinghi.com.vn\/en\/wp-json\/wp\/v2\/comments?post=2283"}],"version-history":[{"count":10,"href":"https:\/\/thietbihoinghi.com.vn\/en\/wp-json\/wp\/v2\/pages\/2283\/revisions"}],"predecessor-version":[{"id":10954,"href":"https:\/\/thietbihoinghi.com.vn\/en\/wp-json\/wp\/v2\/pages\/2283\/revisions\/10954"}],"wp:attachment":[{"href":"https:\/\/thietbihoinghi.com.vn\/en\/wp-json\/wp\/v2\/media?parent=2283"}],"curies":[{"name":"wp","href":"https:\/\/api.w.org\/{rel}","templated":true}]}}