{"id":2282,"date":"2014-03-11T08:54:31","date_gmt":"2014-03-11T01:54:31","guid":{"rendered":"http:\/\/thietbihoinghi.com.vn\/?page_id=2282"},"modified":"2025-04-19T22:13:38","modified_gmt":"2025-04-19T15:13:38","slug":"hoi-nghi-truyen-hinh-lifesize","status":"publish","type":"page","link":"https:\/\/thietbihoinghi.com.vn\/en\/hoi-nghi-truyen-hinh-lifesize","title":{"rendered":"H\u1ed9i ngh\u1ecb truy\u1ec1n h\u00ecnh  Lifesize"},"content":{"rendered":"\t\t<div data-elementor-type=\"wp-page\" data-elementor-id=\"2282\" class=\"elementor elementor-2282\" data-elementor-post-type=\"page\">\n\t\t\t\t\t\t\t\t\t<section class=\"elementor-section elementor-top-section elementor-element elementor-element-5f22c79c elementor-section-boxed elementor-section-height-default elementor-section-height-default\" data-id=\"5f22c79c\" data-element_type=\"section\">\n\t\t\t\t\t\t<div class=\"elementor-container elementor-column-gap-default\">\n\t\t\t\t\t<div class=\"elementor-column elementor-col-100 elementor-top-column elementor-element elementor-element-11c5e56b\" data-id=\"11c5e56b\" data-element_type=\"column\">\n\t\t\t<div class=\"elementor-widget-wrap elementor-element-populated\">\n\t\t\t\t\t\t\t\t<div class=\"elementor-element elementor-element-1a582a5a elementor-widget elementor-widget-text-editor\" data-id=\"1a582a5a\" data-element_type=\"widget\" data-widget_type=\"text-editor.default\">\n\t\t\t\t<div class=\"elementor-widget-container\">\n\t\t\t<style>\/*! elementor - v3.15.0 - 09-08-2023 *\/\n.elementor-widget-text-editor.elementor-drop-cap-view-stacked .elementor-drop-cap{background-color:#69727d;color:#fff}.elementor-widget-text-editor.elementor-drop-cap-view-framed .elementor-drop-cap{color:#69727d;border:3px solid;background-color:transparent}.elementor-widget-text-editor:not(.elementor-drop-cap-view-default) .elementor-drop-cap{margin-top:8px}.elementor-widget-text-editor:not(.elementor-drop-cap-view-default) .elementor-drop-cap-letter{width:1em;height:1em}.elementor-widget-text-editor .elementor-drop-cap{float:left;text-align:center;line-height:1;font-size:50px}.elementor-widget-text-editor .elementor-drop-cap-letter{display:inline-block}<\/style>\t\t\t\t<p><\/span><\/p><\/td><\/tr><\/tbody><\/table>\n<table>\n<tbody>\n<tr>\n<td><p><span style=\"font-family: tahoma,arial,helvetica,sans-serif;\">LifeSize la h\u00e3ng thi\u1ebft b\u1ecb h\u1ed9i ngh\u1ecb truy\u1ec1n h\u00ecnh n\u1ed5i ti\u1ebfng c\u1ee7a M\u1ef9, v\u1edbi danh m\u1ee5c s\u1ea3n ph\u1ea9m \u0111a d\u1ea1ng cho c\u00e1 nh\u00e2n, ph\u00f2ng h\u1ecdp, di \u0111\u1ed9ng&#8230;<\/span><span style=\"font-family: tahoma,arial,helvetica,sans-serif;\"><strong><a href=\"http:\/\/thietbihoinghi.com.vn\/hoi-nghi-truyen-hinh-lifesize\/attachment\/lifesize_tp8650_hras_bjornstefan\" rel=\"attachment wp-att-2434\"><img loading=\"lazy\" decoding=\"async\" class=\"alignnone wp-image-2434\" src=\"http:\/\/thietbihoinghi.com.vn\/wp-content\/uploads\/2014\/03\/lifesize_tp8650_hras_bjornstefan.jpg\" alt=\"lifesize_tp8650_hras_bjornstefan\" width=\"600\" height=\"250\" srcset=\"https:\/\/thietbihoinghi.com.vn\/wp-content\/uploads\/2014\/03\/lifesize_tp8650_hras_bjornstefan.jpg 940w, https:\/\/thietbihoinghi.com.vn\/wp-content\/uploads\/2014\/03\/lifesize_tp8650_hras_bjornstefan-620x257.jpg 620w, https:\/\/thietbihoinghi.com.vn\/wp-content\/uploads\/2014\/03\/lifesize_tp8650_hras_bjornstefan-723x300.jpg 723w, https:\/\/thietbihoinghi.com.vn\/wp-content\/uploads\/2014\/03\/lifesize_tp8650_hras_bjornstefan-195x80.jpg 195w\" sizes=\"auto, (max-width: 600px) 100vw, 600px\" \/><\/a><br>T\u1ea1i sao b\u1ea1n n\u00ean ch\u1ecdn thi\u1ebft b\u1ecb LifeSize?<\/strong><\/span><span style=\"font-family: tahoma,arial,helvetica,sans-serif;\">&#8211; C\u00f4ng ngh\u1ec7 theo ti\u00eau chu\u1ea9n c\u1ee7a M\u1ef9<\/span><br><span style=\"font-family: tahoma,arial,helvetica,sans-serif;\"> &#8211; Ch\u1ea5t l\u01b0\u1ee3ng \u0111\u01b0\u1ee3c \u0111\u1ea3m b\u1ea3o<\/span><br><span style=\"font-family: tahoma,arial,helvetica,sans-serif;\"> &#8211; Danh m\u1ee5c s\u1ea3n ph\u1ea9m \u0111a d\u1ea1ng t\u1eeb Endpoint \u0111\u1ebfn MCU<\/span><\/p><p><span style=\"color: #ff0000; font-family: tahoma,arial,helvetica,sans-serif;\" data-mce-mark=\"1\"><strong>Li\u00ean h\u1ec7 ngay v\u1edbi ch\u00fang t\u00f4i \u0111\u1ec3 \u0111\u01b0\u1ee3c h\u1ed7 tr\u1ee3 t\u01b0 v\u1ea5n v\u00e0 b\u00e1o gi\u00e1 t\u1ed1t nh\u1ea5t.<\/strong><\/span><\/p>\n<p><strong style=\"font-family: tahoma, arial, helvetica, sans-serif;\"><img loading=\"lazy\" decoding=\"async\" src=\"http:\/\/thietbihoinghi.com.vn\/wp-content\/uploads\/2014\/03\/illustration.png\" alt=\"illustration\" width=\"32\" height=\"32\">&nbsp; D\u00f2ng s\u1ea3n ph\u1ea9m LifeSize ti\u00eau bi\u1ec3u<\/strong><br><\/p>\n<table border=\"1\" cellpadding=\"10\">\n<thead>\n<tr>\n<th><span style=\"font-family: tahoma,arial,helvetica,sans-serif; font-size: small;\"><strong>Features<\/strong><\/span><\/th>\n<th><span style=\"font-family: tahoma,arial,helvetica,sans-serif; font-size: small;\" data-mce-mark=\"1\"><strong><a href=\"http:\/\/thietbihoinghi.com.vn\/thiet-bi-hoi-nghi-truyen-hinh\/hoi-nghi-truyen-hinh-lifesize\/lifesize-express.html\"><img loading=\"lazy\" decoding=\"async\" class=\"aligncenter\" src=\"http:\/\/www.lifesize.com\/en\/products\/video-conferencing-systems\/~\/media\/Images\/Product%20Thumbnails\/Express220.ashx\" alt=\"\" width=\"110\" height=\"90\"><\/a><\/strong><\/span><br><span style=\"font-family: tahoma,arial,helvetica,sans-serif; font-size: small;\" data-mce-mark=\"1\"> <strong>LifeSIze Express 220<\/strong><\/span><\/th>\n<th><span style=\"font-family: tahoma,arial,helvetica,sans-serif; font-size: small;\" data-mce-mark=\"1\"><strong><a href=\"http:\/\/thietbihoinghi.com.vn\/thiet-bi-hoi-nghi-truyen-hinh\/hoi-nghi-truyen-hinh-lifesize\/lifesize-team-220.html\"><img loading=\"lazy\" decoding=\"async\" class=\"aligncenter\" src=\"http:\/\/www.lifesize.com\/en\/products\/video-conferencing-systems\/~\/media\/Images\/Product%20Thumbnails\/Team220.ashx\" alt=\"\" width=\"110\" height=\"90\"><\/a><\/strong><\/span><br><span style=\"font-family: tahoma,arial,helvetica,sans-serif; font-size: small;\" data-mce-mark=\"1\"> <strong> LifeSize Team 220<\/strong><\/span><\/th>\n<th><span style=\"font-family: tahoma,arial,helvetica,sans-serif; font-size: small;\"><strong><a href=\"http:\/\/thietbihoinghi.com.vn\/thiet-bi-hoi-nghi-truyen-hinh\/hoi-nghi-truyen-hinh-lifesize\/lifesize-room-220.html\"><img loading=\"lazy\" decoding=\"async\" class=\"aligncenter\" src=\"http:\/\/www.lifesize.com\/en\/products\/video-conferencing-systems\/~\/media\/Images\/Product%20Thumbnails\/Room220.ashx\" alt=\"\" width=\"110\" height=\"90\"><\/a><\/strong><\/span><br><span style=\"font-family: tahoma,arial,helvetica,sans-serif; font-size: small;\"> <strong> LifeSize Room 220<\/strong><\/span><\/th>\n<th><span style=\"font-family: tahoma,arial,helvetica,sans-serif; font-size: small;\"><strong><img loading=\"lazy\" decoding=\"async\" class=\"aligncenter\" src=\"http:\/\/www.lifesize.com\/en\/products\/video-conferencing-systems\/~\/media\/Images\/Product%20Thumbnails\/Room220i.ashx\" alt=\"\" width=\"110\" height=\"90\"><\/strong><\/span><br><span style=\"font-family: tahoma,arial,helvetica,sans-serif; font-size: small;\"> <strong> LifeSize Room 220i<\/strong><\/span><br><span style=\"font-family: tahoma,arial,helvetica,sans-serif; font-size: small;\"> <strong> (rack mountable)<\/strong><\/span><\/th>\n<\/tr>\n<\/thead>\n<tbody>\n<tr>\n<td><span style=\"font-family: tahoma,arial,helvetica,sans-serif;\"><strong>Performance<\/strong><\/span><\/td>\n<td><span style=\"font-family: tahoma,arial,helvetica,sans-serif;\">720p30 @ 768 Kbps 720p60 @ 1.1 Mbps 1080p30 @ 1.7 Mbps<\/span><\/td>\n<td><span style=\"font-family: tahoma,arial,helvetica,sans-serif;\">720p30 @ 768 Kbps 720p60 @ 1.1 Mbps 1080p30 @ 1.7 Mbps<\/span><\/td>\n<td><span style=\"font-family: tahoma,arial,helvetica,sans-serif;\">720p30 @ 768 Kbps 720p60 @ 1.1 Mbps 1080p30 @ 1.7 Mbps<\/span><\/td>\n<td><span style=\"font-family: tahoma,arial,helvetica,sans-serif;\">720p30 @ 768 Kbps 720p60 @ 1.1 Mbps 1080p30 @ 1.7 Mbps<\/span><\/td>\n<\/tr>\n<tr>\n<td><span style=\"font-family: tahoma,arial,helvetica,sans-serif;\"><strong>Content Sharing<\/strong><\/span><\/td>\n<td><span style=\"font-family: tahoma,arial,helvetica,sans-serif;\">H.239\/SIP (BFCP) dual video and presentation<\/span><\/td>\n<td><span style=\"font-family: tahoma,arial,helvetica,sans-serif;\">H.239\/SIP (BFCP) dual video and presentation<\/span><\/td>\n<td><span style=\"font-family: tahoma,arial,helvetica,sans-serif;\">H.239\/SIP (BFCP) dual video and presentation<\/span><\/td>\n<td><span style=\"font-family: tahoma,arial,helvetica,sans-serif;\">H.239\/SIP (BFCP) dual video and presentation<\/span><\/td>\n<\/tr>\n<tr>\n<td><span style=\"font-family: tahoma,arial,helvetica,sans-serif;\"><strong>Display Support<\/strong><\/span><\/td>\n<td><span style=\"font-family: tahoma,arial,helvetica,sans-serif;\">Dual HD<\/span><\/td>\n<td><span style=\"font-family: tahoma,arial,helvetica,sans-serif;\">Dual HD<\/span><\/td>\n<td><span style=\"font-family: tahoma,arial,helvetica,sans-serif;\">Dual HD<\/span><\/td>\n<td><span style=\"font-family: tahoma,arial,helvetica,sans-serif;\">Dual HD<\/span><\/td>\n<\/tr>\n<tr>\n<td><span style=\"font-family: tahoma,arial,helvetica,sans-serif;\"><strong>Integrated Multipoint<\/strong><\/span><\/td>\n<td><span style=\"font-family: tahoma,arial,helvetica,sans-serif;\">N\/A<\/span><\/td>\n<td><span style=\"font-family: tahoma,arial,helvetica,sans-serif;\">4-way 1080p30, 720p60, 720p30<\/span><\/td>\n<td><span style=\"font-family: tahoma,arial,helvetica,sans-serif;\">8-way 720p60, 720p30 6-way 1080p30 CP\/VAS<\/span><\/td>\n<td><span style=\"font-family: tahoma,arial,helvetica,sans-serif;\">8-way 720p60, 720p30 6-way 1080p30 CP\/VAS<\/span><\/td>\n<\/tr>\n<tr>\n<td><span style=\"font-family: tahoma,arial,helvetica,sans-serif;\"><strong>Camera\/Microphone<\/strong><\/span><\/td>\n<td><span style=\"font-family: tahoma,arial,helvetica,sans-serif;\">PTZ 10x camera\/micpod<\/span><\/td>\n<td><span style=\"font-family: tahoma,arial,helvetica,sans-serif;\">PTZ 10x camera\/phone OR PTZ 10x camera\/dual micpod<\/span><\/td>\n<td><span style=\"font-family: tahoma,arial,helvetica,sans-serif;\">PTZ 10x camera\/phone<\/span><\/td>\n<td><span style=\"font-family: tahoma,arial,helvetica,sans-serif;\">PTZ 10x camera\/phone<\/span><\/td>\n<\/tr>\n<tr>\n<td><span style=\"font-family: tahoma,arial,helvetica,sans-serif;\"><strong>Live Streaming\/Recording (Requires LifeSize UVC Video Center)<\/strong><\/span><\/td>\n<td><span style=\"font-family: tahoma,arial,helvetica,sans-serif;\">Optimized for video, audio and data. Inside and outside a video call<\/span><\/td>\n<td><span style=\"font-family: tahoma,arial,helvetica,sans-serif;\">Optimized for video, audio and data. Inside and outside a video call<\/span><\/td>\n<td><span style=\"font-family: tahoma,arial,helvetica,sans-serif;\">Optimized for video, audio and data. Inside and outside a video call<\/span><\/td>\n<td><span style=\"font-family: tahoma,arial,helvetica,sans-serif;\">Optimized for video, audio and data. Inside and outside a video call<\/span><\/td>\n<\/tr>\n<tr>\n<td><span style=\"font-family: tahoma,arial,helvetica,sans-serif;\"><strong>UC Interoperability<\/strong><\/span><\/td>\n<td><span style=\"font-family: tahoma,arial,helvetica,sans-serif;\">Microsoft\u00ae Lync\u2122, Microsoft\u00ae Office Communication Server\u2122 (OCS); DevConnect certified with Avaya Aura\u00ae; Alcatel-Lucent\u00ae OpenTouch\u00ae UC platform<\/span><\/td>\n<td><span style=\"font-family: tahoma,arial,helvetica,sans-serif;\">Microsoft\u00ae Lync\u2122, Microsoft\u00ae Office Communication Server\u2122 (OCS); DevConnect certified with Avaya Aura\u00ae; Alcatel-Lucent\u00ae OpenTouch\u00ae UC platform<\/span><\/td>\n<td><span style=\"font-family: tahoma,arial,helvetica,sans-serif;\">Microsoft\u00ae Lync\u2122, Microsoft\u00ae Office Communication Server\u2122 (OCS); DevConnect certified with Avaya Aura\u00ae; Alcatel-Lucent\u00ae OpenTouch\u00ae UC platform<\/span><\/td>\n<td><span style=\"font-family: tahoma,arial,helvetica,sans-serif;\">Microsoft\u00ae Lync\u2122, Microsoft\u00ae Office Communication Server\u2122 (OCS); Avaya Aura\u00ae UC platform; Alcatel-Lucent\u00ae OpenTouch\u00ae UC platform<\/span><\/td>\n<\/tr>\n<\/tbody>\n<\/table>\n<p>&nbsp;<\/p>\n<p><span style=\"color: #ff0000; font-family: tahoma, arial, helvetica, sans-serif; font-size: 12pt;\"><strong>\u0110\u1ec3 xem t\u01b0 v\u1ea5n v\u00e0 h\u1ed7 tr\u1ee3 t\u1ed1t nh\u1ea5t vui l\u00f2ng li\u00ean h\u1ec7 SAVITEL<\/strong><\/span><\/p>\n<p><span style=\"font-family: var( --e-global-typography-text-font-family ), Sans-serif;\"><\/span><br><\/p><\/td><\/tr><\/tbody><\/table><p><br><\/p>\t\t\t\t\t\t<\/div>\n\t\t\t\t<\/div>\n\t\t\t\t\t<\/div>\n\t\t<\/div>\n\t\t\t\t\t\t\t<\/div>\n\t\t<\/section>\n\t\t\t\t\t\t\t<\/div>\n\t\t","protected":false},"excerpt":{"rendered":"<p>LifeSize la h\u00e3ng thi\u1ebft b\u1ecb h\u1ed9i ngh\u1ecb truy\u1ec1n h\u00ecnh n\u1ed5i ti\u1ebfng c\u1ee7a M\u1ef9, v\u1edbi danh m\u1ee5c s\u1ea3n ph\u1ea9m \u0111a d\u1ea1ng cho c\u00e1 nh\u00e2n, ph\u00f2ng h\u1ecdp, di \u0111\u1ed9ng&#8230;T\u1ea1i sao b\u1ea1n n\u00ean ch\u1ecdn thi\u1ebft b\u1ecb LifeSize?&#8211; C\u00f4ng ngh\u1ec7 theo ti\u00eau chu\u1ea9n c\u1ee7a M\u1ef9 &#8211; Ch\u1ea5t l\u01b0\u1ee3ng \u0111\u01b0\u1ee3c \u0111\u1ea3m b\u1ea3o &#8211; Danh m\u1ee5c s\u1ea3n ph\u1ea9m \u0111a d\u1ea1ng t\u1eeb &hellip; <\/p>\n<p class=\"link-more\"><a href=\"https:\/\/thietbihoinghi.com.vn\/en\/hoi-nghi-truyen-hinh-lifesize\" class=\"more-link\">Continue reading<span class=\"screen-reader-text\"> &#8220;H\u1ed9i ngh\u1ecb truy\u1ec1n h\u00ecnh  Lifesize&#8221;<\/span><\/a><\/p>\n","protected":false},"author":1,"featured_media":0,"parent":0,"menu_order":0,"comment_status":"open","ping_status":"open","template":"","meta":{"footnotes":""},"class_list":["post-2282","page","type-page","status-publish","hentry"],"_links":{"self":[{"href":"https:\/\/thietbihoinghi.com.vn\/en\/wp-json\/wp\/v2\/pages\/2282","targetHints":{"allow":["GET"]}}],"collection":[{"href":"https:\/\/thietbihoinghi.com.vn\/en\/wp-json\/wp\/v2\/pages"}],"about":[{"href":"https:\/\/thietbihoinghi.com.vn\/en\/wp-json\/wp\/v2\/types\/page"}],"author":[{"embeddable":true,"href":"https:\/\/thietbihoinghi.com.vn\/en\/wp-json\/wp\/v2\/users\/1"}],"replies":[{"embeddable":true,"href":"https:\/\/thietbihoinghi.com.vn\/en\/wp-json\/wp\/v2\/comments?post=2282"}],"version-history":[{"count":14,"href":"https:\/\/thietbihoinghi.com.vn\/en\/wp-json\/wp\/v2\/pages\/2282\/revisions"}],"predecessor-version":[{"id":11189,"href":"https:\/\/thietbihoinghi.com.vn\/en\/wp-json\/wp\/v2\/pages\/2282\/revisions\/11189"}],"wp:attachment":[{"href":"https:\/\/thietbihoinghi.com.vn\/en\/wp-json\/wp\/v2\/media?parent=2282"}],"curies":[{"name":"wp","href":"https:\/\/api.w.org\/{rel}","templated":true}]}}