{"id":2270,"date":"2014-03-11T08:50:04","date_gmt":"2014-03-11T01:50:04","guid":{"rendered":"http:\/\/thietbihoinghi.com.vn\/?page_id=2270"},"modified":"2025-04-16T16:18:20","modified_gmt":"2025-04-16T09:18:20","slug":"hoi-nghi-truyen-hinh-aver","status":"publish","type":"page","link":"https:\/\/thietbihoinghi.com.vn\/en\/hoi-nghi-truyen-hinh-aver","title":{"rendered":"H\u1ed9i ngh\u1ecb truy\u1ec1n h\u00ecnh Aver"},"content":{"rendered":"<p><\/p>\n<table>\n<tbody>\n<tr>\n<td style=\"text-align: justify; padding: 10px;\"><a href=\"http:\/\/thietbihoinghi.com.vn\/hoi-nghi-truyen-hinh-aver\/attachment\/aver-logo\" rel=\"attachment wp-att-2772\"><img loading=\"lazy\" decoding=\"async\" class=\"aligncenter\" src=\"http:\/\/thietbihoinghi.com.vn\/wp-content\/uploads\/2014\/03\/AVer-Logo.jpg\" alt=\"AVer Logo\" width=\"150\" height=\"50\" \/><\/a>Aver l\u00e0 th\u01b0\u01a1ng hi\u1ec7u thu\u1ed9c t\u1eadp to\u00e0n vi\u1ec5n th\u00f4ng AverMedia n\u1ed5i ti\u1ebfng c\u1ee7a \u0110\u00e0i Loan. V\u1edbi gi\u1ea3i ph\u00e1p h\u1ed9i ngh\u1ecb truy\u1ec1n h\u00ecnh h\u01b0\u1edbng \u0111\u1ebfn c\u00e1c m\u1ee5c ti\u00eau: chi ph\u00ed th\u1ea5p nh\u1ea5t, thi\u1ebft b\u1ecb ph\u00f9 h\u1ee3p nh\u1ea5t, ch\u1ea5t l\u01b0\u1ee3ng s\u1ea3n ph\u1ea9m, d\u1ecbch v\u1ee5 b\u1ea3o h\u00e0nh t\u1ed1t nh\u1ea5t. Thi\u1ebft b\u1ecb h\u1ed9i ngh\u1ecb truy\u1ec1n h\u00ecnh Aver \u0111\u00e3 ph\u00e1t tri\u1ec3n m\u1ea1ng l\u01b0\u1edbi r\u1ed9ng kh\u1eafp tr\u00ean th\u1ebf gi\u1edbi v\u1edbi 15 v\u0103n ph\u00f2ng \u0111\u1ea1i di\u1ec7n tr\u00ean to\u00e0n th\u1ebf gi\u1edbi, s\u1ea3n ph\u1ea9m \u0111\u01b0\u1ee3c b\u00e1n t\u1ea1i h\u01a1n 70 qu\u1ed1c gia ph\u00e1t tri\u1ec3n m\u1ea1nh t\u1ea1i th\u1ecb tr\u01b0\u1eddng B\u1eafc M\u1ef9, Ch\u00e2u \u00c2u v\u00e0 \u0111\u1eb7c \u00a0bi\u1ec7t t\u1ea1i Ch\u00e2u \u00c1.H\u1ed9i ngh\u1ecb truy\u1ec1n h\u00ecnh Aver \u0111\u01b0\u1ee3c t\u00f3m g\u1ecdn trong c\u1ee5m t\u1eeb\u00a0<strong>&#8220;nhi\u1ec1u h\u01a1n s\u1ed1 ti\u1ec1n b\u1ea1n b\u1ecf ra&#8221;<\/strong>, Aver \u0111\u01b0a ra ch\u00ednh s\u00e1ch gi\u00e1 c\u1ea1nh tranh nh\u1ea5t, ph\u00f9 h\u1ee3p v\u1edbi ng\u00e2n s\u00e1ch c\u1ee7a c\u00f4ng ty b\u1ea1n. T\u1ea5t c\u1ea3 thi\u1ebft bi Aver s\u1eed d\u1ee5ng giao th\u1ee9c theo chu\u1ea9n H.323 v\u00e0 SIP, do \u0111\u00f3 n\u00f3 t\u01b0\u01a1ng th\u00edch v\u1edbi h\u1ea7u h\u1ebft c\u00e1c th\u01b0\u01a1ng hi\u1ec7u h\u1ed9i ngh\u1ecb truy\u1ec1n h\u00ecnh kh\u00e1c tr\u00ean th\u1ebf gi\u1edbi. V\u1edbi ch\u1ea5t l\u01b0\u1ee3ng thi\u1ebft b\u1ecb v\u01b0\u1ee3t tr\u1ed9i, d\u1ecbch v\u1ee5 b\u1ea3o h\u00e0nh ch\u00ednh h\u00e3ng\u00a0<strong>02 n\u0103m<\/strong>, Aver x\u1ee9ng \u0111\u00e1ng l\u00e0 h\u1ec7 th\u1ed1ng h\u1ed9i ngh\u1ecb truy\u1ec1n h\u00ecnh ph\u1ea7n c\u1ee9ng t\u1ed1t nh\u1ea5t cho doanh nghi\u1ec7p b\u1ea1n hi\u1ec7n nay.<\/p>\n<p><a href=\"http:\/\/thietbihoinghi.com.vn\/hoi-nghi-truyen-hinh-aver\/attachment\/hm-evc130p-video-conferencing\" rel=\"attachment wp-att-2353\"><img loading=\"lazy\" decoding=\"async\" class=\"aligncenter\" src=\"http:\/\/thietbihoinghi.com.vn\/wp-content\/uploads\/2014\/03\/hm-evc130p-video-conferencing.jpg\" alt=\"hm-evc130p-video-conferencing\" width=\"650\" height=\"250\" \/><\/a><\/p>\n<p><strong><img loading=\"lazy\" decoding=\"async\" src=\"http:\/\/thietbihoinghi.com.vn\/wp-content\/uploads\/2014\/03\/illustration.png\" alt=\"illustration\" width=\"32\" height=\"32\" \/>\u00a0 <span style=\"font-size: 12pt; color: #333399;\">T\u1ea1i sao b\u1ea1n n\u00ean ch\u1ecdn thi\u1ebft b\u1ecb Aver?<\/span><\/strong><\/p>\n<p><strong>&#8211; Gi\u00e1 th\u00e0nh th\u1ea5p g\u1ea7n b\u1eb1ng 1\/2 so v\u1edbi h\u00e3ng kh\u00e1c.<\/strong><br \/>\n&#8211;\u00a0<strong>T\u00edch h\u1ee3p \u0111\u1ea7y \u0111\u1ee7 t\u00ednh n\u0103ng c\u1ee7a h\u1ed9i ngh\u1ecb truy\u1ec1n h\u00ecnh:<\/strong><br \/>\n+ H\u1ed7 tr\u1ee3 chu\u1ea9n Full HD<br \/>\n+ Camera v\u1edbi \u0111\u1ed9 ph\u00e2n gi\u1ea3i Full HD, Zoom 16X, g\u00f3c quan s\u00e1t r\u1ed9ng<br \/>\n+ Chia s\u1ebb n\u1ed9i dung tr\u00ecnh chi\u1ebfu t\u1eeb PC, laptop&#8230;<br \/>\n+ H\u1ed7 tr\u1ee3 xu\u1ea5t ra m\u00e0n h\u00ecnh qua c\u1ed5ng HDMI v\u00e0 VGA.<br \/>\n+ Chia s\u1ebb h\u00ecnh \u1ea3nh, video v\u00e0 \u0111i\u1ec1u khi\u1ec3n thi\u1ebft b\u1ecb t\u1eeb Smartphone.<br \/>\n+ N\u00e2ng c\u1ea5p t\u1ed1i \u0111a 04 micro, s\u1eed d\u1ee5ng t\u1ed1t cho ph\u00f2ng h\u1ecdp l\u1edbn.<br \/>\n+ Ch\u1ee5p l\u1ea1i h\u00ecnh \u1ea3nh v\u00e0 g\u1eedi sang \u0111\u1ea7u b\u00ean kia.<br \/>\n+ Ghi l\u1ea1i n\u1ed9i dung cu\u1ed9c h\u1ecdp qua USB ho\u1eb7c HDD g\u1eafn ngo\u00e0i<br \/>\n+ T\u00edch h\u1ee3p MCU 04 \u0111i\u1ec3m (HVC330, EVC300) v\u00e0 MCU 10 \u0111i\u1ec3m (EVC900), kh\u00f4ng c\u1ea7n mua th\u00eam license.<br \/>\n<strong>&#8211; L\u00e0 h\u00e3ng duy nh\u1ea5t v\u1ec1 h\u1ed9i ngh\u1ecb truy\u1ec1n h\u00ecnh \u00e1p d\u1ee5ng d\u1ecbch v\u1ee5 b\u1ea3o h\u00e0nh ch\u00ednh h\u00e3ng 02 n\u0103m.<\/strong><br \/>\n<strong>&#8211; Kh\u00f4ng ph\u1ea3i tr\u1ea3 th\u00eam b\u1ea5t c\u1ee9 chi ph\u00ed n\u00e0o \u0111\u1ec3 mua g\u00f3i b\u1ea3o h\u00e0nh, b\u1ea3o tr\u00ec.<\/strong><\/p>\n<p><strong><img loading=\"lazy\" decoding=\"async\" src=\"http:\/\/thietbihoinghi.com.vn\/wp-content\/uploads\/2014\/03\/illustration.png\" alt=\"illustration\" width=\"32\" height=\"32\" \/>\u00a0 <span style=\"font-size: 12pt; color: #333399;\">B\u1ea3ng so s\u00e1nh s\u1ea3n ph\u1ea9m Aver<\/span><\/strong><\/p>\n<ul>\n<li><span style=\"color: #333399;\"><strong>\u00a0EVC Series:<\/strong><\/span><\/li>\n<\/ul>\n<table>\n<tbody>\n<tr>\n<td><strong>EVC900P<img loading=\"lazy\" decoding=\"async\" class=\"aligncenter wp-image-3944 \" src=\"http:\/\/thietbihoinghi.com.vn\/wp-content\/uploads\/2014\/12\/EVC900-150x150.jpg\" alt=\"EVC900\" width=\"111\" height=\"111\" srcset=\"https:\/\/thietbihoinghi.com.vn\/wp-content\/uploads\/2014\/12\/EVC900-150x150.jpg 150w, https:\/\/thietbihoinghi.com.vn\/wp-content\/uploads\/2014\/12\/EVC900-92x92.jpg 92w, https:\/\/thietbihoinghi.com.vn\/wp-content\/uploads\/2014\/12\/EVC900-100x100.jpg 100w, https:\/\/thietbihoinghi.com.vn\/wp-content\/uploads\/2014\/12\/EVC900-200x200.jpg 200w\" sizes=\"auto, (max-width: 111px) 100vw, 111px\" \/><\/strong><\/td>\n<td><strong>EVC300<img loading=\"lazy\" decoding=\"async\" class=\"aligncenter wp-image-3945 \" src=\"http:\/\/thietbihoinghi.com.vn\/wp-content\/uploads\/2014\/12\/EVC300-150x150.jpg\" alt=\"EVC300\" width=\"106\" height=\"106\" srcset=\"https:\/\/thietbihoinghi.com.vn\/wp-content\/uploads\/2014\/12\/EVC300-150x150.jpg 150w, https:\/\/thietbihoinghi.com.vn\/wp-content\/uploads\/2014\/12\/EVC300-92x92.jpg 92w, https:\/\/thietbihoinghi.com.vn\/wp-content\/uploads\/2014\/12\/EVC300-100x100.jpg 100w, https:\/\/thietbihoinghi.com.vn\/wp-content\/uploads\/2014\/12\/EVC300-200x200.jpg 200w\" sizes=\"auto, (max-width: 106px) 100vw, 106px\" \/><\/strong><\/td>\n<td><strong>EVC130P<img loading=\"lazy\" decoding=\"async\" class=\"aligncenter\" src=\"http:\/\/thietbihoinghi.com.vn\/wp-content\/uploads\/2014\/03\/EVC130P.jpg\" alt=\"EVC130P\" width=\"134\" height=\"72\" \/><\/strong><\/td>\n<td><strong>EVC100<img loading=\"lazy\" decoding=\"async\" class=\"aligncenter wp-image-3794\" src=\"http:\/\/thietbihoinghi.com.vn\/wp-content\/uploads\/2014\/03\/AVer_EVC130-150x150.jpg\" alt=\"AVer_EVC130\" width=\"102\" height=\"102\" srcset=\"https:\/\/thietbihoinghi.com.vn\/wp-content\/uploads\/2014\/03\/AVer_EVC130-150x150.jpg 150w, https:\/\/thietbihoinghi.com.vn\/wp-content\/uploads\/2014\/03\/AVer_EVC130-92x92.jpg 92w, https:\/\/thietbihoinghi.com.vn\/wp-content\/uploads\/2014\/03\/AVer_EVC130-100x100.jpg 100w, https:\/\/thietbihoinghi.com.vn\/wp-content\/uploads\/2014\/03\/AVer_EVC130-200x200.jpg 200w, https:\/\/thietbihoinghi.com.vn\/wp-content\/uploads\/2014\/03\/AVer_EVC130-400x400.jpg 400w\" sizes=\"auto, (max-width: 102px) 100vw, 102px\" \/><\/strong><\/td>\n<\/tr>\n<tr>\n<td>&#8211; D\u00e0nh cho ph\u00f2ng h\u1ecdp v\u1eeba v\u00e0 l\u1edbn (5 \u0111\u1ebfn 50+ ng\u01b0\u1eddi)<\/td>\n<td>&#8211; D\u00e0nh cho ph\u00f2ng h\u1ecdp v\u1eeba v\u00e0 l\u1edbn (5 \u0111\u1ebfn 50+ ng\u01b0\u1eddi)<\/td>\n<td>&#8211; D\u00e0nh cho ph\u00f2ng h\u1ecdp v\u1eeba v\u00e0 l\u1edbn (5 \u0111\u1ebfn 50+ ng\u01b0\u1eddi)<\/td>\n<td>&#8211; D\u00e0nh cho ph\u00f2ng h\u1ecdp nh\u1ecf (2 \u0111\u1ebfn 6 ng\u01b0\u1eddi)<\/td>\n<\/tr>\n<tr>\n<td>&#8211; Camera Zoom quang 16X Full HD<\/td>\n<td>&#8211; Camera Zoom quang 16X Full HD<\/td>\n<td>&#8211; Camera Zoom quang 16X Full HD<\/td>\n<td>&#8211; Camera PT 720p<\/td>\n<\/tr>\n<tr>\n<td>&#8211; MCU 10 \u0111i\u1ec3m<\/td>\n<td>&#8211; MCU 04 \u0111i\u1ec3m<\/td>\n<td>&#8211; Point to point<\/td>\n<td>&#8211; Point to point<\/td>\n<\/tr>\n<tr>\n<td>&#8211; 02 HDMI, 01 VGA<\/td>\n<td>&#8211; 02 HDMI, 01 VGA<\/td>\n<td>&#8211; 01 HDMI, 01 VGA<\/td>\n<td>&#8211; 01 HDMI, 01 VGA<\/td>\n<\/tr>\n<tr>\n<td>&#8211; Recording HD qua c\u1ed5ng USB<\/td>\n<td>&#8211; Recording HD qua c\u1ed5ng USB<\/td>\n<td>&#8211; Recording HD qua c\u1ed5ng USB<\/td>\n<td>&#8211; Recording HD qua c\u1ed5ng USB<\/td>\n<\/tr>\n<tr>\n<td>&#8211; Up to 04 micro array<\/td>\n<td>&#8211; Up to 04 micro array<\/td>\n<td>&#8211; Up to 04 micro array<\/td>\n<td>&#8211; Up to 04 micro<\/td>\n<\/tr>\n<tr>\n<td>&#8211; H.323, SIP v\u00e0 Cloud<\/td>\n<td>&#8211; H.323, SIP v\u00e0 Cloud<\/td>\n<td>&#8211; H.323, SIP v\u00e0 Cloud<\/td>\n<td>&#8211; H.323, SIP v\u00e0 Cloud<\/td>\n<\/tr>\n<tr>\n<td>&#8211; B\u1ea3o h\u1ea3nh 02 n\u0103m<\/td>\n<td>&#8211; B\u1ea3o h\u1ea3nh 02 n\u0103m<\/td>\n<td>&#8211; B\u1ea3o h\u1ea3nh 02 n\u0103m<\/td>\n<td>&#8211; B\u1ea3o h\u1ea3nh 02 n\u0103m<\/td>\n<\/tr>\n<\/tbody>\n<\/table>\n<ul>\n<li><strong>\u00a0<span style=\"color: #333399;\">HVC Series<\/span><\/strong><\/li>\n<\/ul>\n<table>\n<tbody>\n<tr>\n<td><strong>HVC330\u00a0<img loading=\"lazy\" decoding=\"async\" class=\"alignnone\" src=\"http:\/\/thietbihoinghi.com.vn\/wp-content\/uploads\/2014\/03\/AVer-HVC330-HD.jpeg\" alt=\"AVer-HVC330-HD\" width=\"120\" height=\"80\" \/><\/strong><\/td>\n<td><strong>HVC130\u00a0<img loading=\"lazy\" decoding=\"async\" class=\"alignnone\" src=\"http:\/\/thietbihoinghi.com.vn\/wp-content\/uploads\/2013\/01\/Aver-HVC130.jpg\" alt=\"Aver HVC130\" width=\"120\" height=\"70\" \/><\/strong><\/td>\n<\/tr>\n<tr>\n<td>&#8211; D\u00e0nh cho ph\u00f2ng h\u1ecdp v\u1eeba v\u00e0 nh\u1ecf (5 \u0111\u1ebfn 30+ ng\u01b0\u1eddi)<\/td>\n<td>\u00a0&#8211; D\u00e0nh cho ph\u00f2ng h\u1ecdp v\u1eeba v\u00e0 nh\u1ecf (5 \u0111\u1ebfn 30+ ng\u01b0\u1eddi)<\/td>\n<\/tr>\n<tr>\n<td>&#8211; Camera Zoom quang 7X 720P<\/td>\n<td>\u00a0&#8211; Camera Zoom quang 7X 720P<\/td>\n<\/tr>\n<tr>\n<td>&#8211; MCU 04 \u0111i\u1ec3m<\/td>\n<td>&#8211; Point to point<\/td>\n<\/tr>\n<tr>\n<td>&#8211; 01 HDMI, 01 VGA<\/td>\n<td>&#8211; 01 HDMI, 01 VGA<\/td>\n<\/tr>\n<tr>\n<td>&#8211; Recording HD qua c\u1ed5ng USB<\/td>\n<td>&#8211; Recording HD qua c\u1ed5ng USB<\/td>\n<\/tr>\n<tr>\n<td>&#8211; UP to 04 micro array<\/td>\n<td>&#8211; UP to 04 micro array<\/td>\n<\/tr>\n<tr>\n<td>&#8211; H.323, SIP v\u00e0 Cloud<\/td>\n<td>&#8211; H.323, SIP v\u00e0 Cloud<\/td>\n<\/tr>\n<tr>\n<td>&#8211; B\u1ea3o h\u1ea3nh 02 n\u0103m<\/td>\n<td>&#8211; B\u1ea3o h\u1ea3nh 02 n\u0103m<\/td>\n<\/tr>\n<\/tbody>\n<\/table>\n<p><strong><img loading=\"lazy\" decoding=\"async\" src=\"http:\/\/thietbihoinghi.com.vn\/wp-content\/uploads\/2014\/03\/illustration.png\" alt=\"illustration\" width=\"32\" height=\"32\" \/>\u00a0 <span style=\"font-size: 12pt; color: #333399;\">D\u00f2ng s\u1ea3n ph\u1ea9m Aver ti\u00eau bi\u1ec3u<\/span><\/strong><\/p>\n<table>\n<tbody>\n<tr>\n<td><a href=\"http:\/\/thietbihoinghi.com.vn\/thiet-bi-hoi-nghi-truyen-hinh\/hoi-nghi-truyen-hinh-aver\/aver-evc900.html\"><img loading=\"lazy\" decoding=\"async\" class=\"wp-image-3958\" src=\"http:\/\/thietbihoinghi.com.vn\/wp-content\/uploads\/2014\/12\/EVC3002.jpg\" alt=\"Aver EVC300\" width=\"200\" height=\"157\" srcset=\"https:\/\/thietbihoinghi.com.vn\/wp-content\/uploads\/2014\/12\/EVC3002.jpg 491w, https:\/\/thietbihoinghi.com.vn\/wp-content\/uploads\/2014\/12\/EVC3002-300x235.jpg 300w\" sizes=\"auto, (max-width: 200px) 100vw, 200px\" \/><\/a><\/td>\n<td><a href=\"http:\/\/thietbihoinghi.com.vn\/thiet-bi-hoi-nghi-truyen-hinh\/hoi-nghi-truyen-hinh-aver\/aver-evc300.html\"><img loading=\"lazy\" decoding=\"async\" class=\"wp-image-3958\" src=\"http:\/\/thietbihoinghi.com.vn\/wp-content\/uploads\/2014\/12\/EVC3002.jpg\" alt=\"Aver EVC300\" width=\"200\" height=\"157\" srcset=\"https:\/\/thietbihoinghi.com.vn\/wp-content\/uploads\/2014\/12\/EVC3002.jpg 491w, https:\/\/thietbihoinghi.com.vn\/wp-content\/uploads\/2014\/12\/EVC3002-300x235.jpg 300w\" sizes=\"auto, (max-width: 200px) 100vw, 200px\" \/><\/a><\/td>\n<td><a href=\"http:\/\/thietbihoinghi.com.vn\/thiet-bi-hoi-nghi-truyen-hinh\/hoi-nghi-truyen-hinh-aver\/aver-evc130p.html\"><img loading=\"lazy\" decoding=\"async\" class=\"wp-image-3957\" src=\"http:\/\/thietbihoinghi.com.vn\/wp-content\/uploads\/2014\/12\/Aver-EVC130P1.jpg\" alt=\"Aver EVC130P\" width=\"200\" height=\"157\" \/><\/a><\/td>\n<\/tr>\n<tr>\n<td style=\"text-align: center;\"><a href=\"http:\/\/thietbihoinghi.com.vn\/thiet-bi-hoi-nghi-truyen-hinh\/hoi-nghi-truyen-hinh-aver\/aver-evc900.html\"><span style=\"color: #0000ff;\"><strong>EVC900<\/strong><\/span><\/a><\/td>\n<td style=\"text-align: center;\"><a href=\"http:\/\/thietbihoinghi.com.vn\/thiet-bi-hoi-nghi-truyen-hinh\/hoi-nghi-truyen-hinh-aver\/aver-evc300.html\"><span style=\"color: #0000ff;\"><strong>EVC300<\/strong><\/span><\/a><\/td>\n<td style=\"text-align: center;\"><a href=\"http:\/\/thietbihoinghi.com.vn\/thiet-bi-hoi-nghi-truyen-hinh\/hoi-nghi-truyen-hinh-aver\/aver-evc130p.html\"><span style=\"color: #0000ff;\"><strong>EVC130P<\/strong><\/span><\/a><\/td>\n<\/tr>\n<tr>\n<td>\u00a0<a href=\"http:\/\/thietbihoinghi.com.vn\/thiet-bi-hoi-nghi-truyen-hinh\/hoi-nghi-truyen-hinh-aver\/aver-evc100.html\"><img loading=\"lazy\" decoding=\"async\" class=\"aligncenter wp-image-3956\" src=\"http:\/\/thietbihoinghi.com.vn\/wp-content\/uploads\/2014\/12\/Aver-EVC100-1.jpg\" alt=\"Aver EVC100-1\" width=\"200\" height=\"157\" \/><\/a><\/td>\n<td>\u00a0<a href=\"http:\/\/thietbihoinghi.com.vn\/thiet-bi-hoi-nghi-truyen-hinh\/hoi-nghi-truyen-hinh-aver\/aver-hvc330.html\"><img loading=\"lazy\" decoding=\"async\" class=\"aligncenter wp-image-4167\" src=\"http:\/\/thietbihoinghi.com.vn\/wp-content\/uploads\/2014\/03\/HVC130-330jpg.jpg\" alt=\"HVC130-330jpg\" width=\"200\" height=\"157\" srcset=\"https:\/\/thietbihoinghi.com.vn\/wp-content\/uploads\/2014\/03\/HVC130-330jpg.jpg 491w, https:\/\/thietbihoinghi.com.vn\/wp-content\/uploads\/2014\/03\/HVC130-330jpg-300x235.jpg 300w\" sizes=\"auto, (max-width: 200px) 100vw, 200px\" \/><\/a><\/td>\n<td>\u00a0<a href=\"http:\/\/thietbihoinghi.com.vn\/thiet-bi-hoi-nghi-truyen-hinh\/hoi-nghi-truyen-hinh-aver\/aver-hvc130.html\"><img loading=\"lazy\" decoding=\"async\" class=\"aligncenter wp-image-4167\" src=\"http:\/\/thietbihoinghi.com.vn\/wp-content\/uploads\/2014\/03\/HVC130-330jpg.jpg\" alt=\"HVC130-330jpg\" width=\"200\" height=\"157\" srcset=\"https:\/\/thietbihoinghi.com.vn\/wp-content\/uploads\/2014\/03\/HVC130-330jpg.jpg 491w, https:\/\/thietbihoinghi.com.vn\/wp-content\/uploads\/2014\/03\/HVC130-330jpg-300x235.jpg 300w\" sizes=\"auto, (max-width: 200px) 100vw, 200px\" \/><\/a><\/td>\n<\/tr>\n<tr>\n<td style=\"text-align: center;\"><a href=\"http:\/\/thietbihoinghi.com.vn\/thiet-bi-hoi-nghi-truyen-hinh\/hoi-nghi-truyen-hinh-aver\/aver-evc100.html\"><span style=\"color: #0000ff;\"><strong>EVC100<\/strong><\/span><\/a><\/td>\n<td style=\"text-align: center;\"><a href=\"http:\/\/thietbihoinghi.com.vn\/thiet-bi-hoi-nghi-truyen-hinh\/hoi-nghi-truyen-hinh-aver\/aver-hvc330.html\"><span style=\"color: #0000ff;\"><strong>HVC330<\/strong><\/span><\/a><\/td>\n<td style=\"text-align: center;\"><span style=\"color: #0000ff;\"><span style=\"color: #0000ff;\"><strong>\u00a0<a style=\"color: #0000ff;\" href=\"http:\/\/thietbihoinghi.com.vn\/thiet-bi-hoi-nghi-truyen-hinh\/hoi-nghi-truyen-hinh-aver\/aver-hvc130.html\">HVC130<\/a><\/strong><\/span><\/span><\/td>\n<\/tr>\n<\/tbody>\n<\/table>\n<p><span style=\"font-size: 12pt;\"><strong><span style=\"color: #ff0000;\">\u0110\u1ec3 \u0111\u01b0\u1ee3c t\u01b0 v\u1ea5n v\u00e0 h\u1ed7 tr\u1ee3 t\u1ed1t nh\u1ea5t vui l\u00f2ng li\u00ean h\u1ec7 SAVITEL<\/span><\/strong><\/span><\/td>\n<\/tr>\n<\/tbody>\n<\/table>\n<p><\/p>","protected":false},"excerpt":{"rendered":"<p>Aver l\u00e0 th\u01b0\u01a1ng hi\u1ec7u thu\u1ed9c t\u1eadp to\u00e0n vi\u1ec5n th\u00f4ng AverMedia n\u1ed5i ti\u1ebfng c\u1ee7a \u0110\u00e0i Loan. V\u1edbi gi\u1ea3i ph\u00e1p h\u1ed9i ngh\u1ecb truy\u1ec1n h\u00ecnh h\u01b0\u1edbng \u0111\u1ebfn c\u00e1c m\u1ee5c ti\u00eau: chi ph\u00ed th\u1ea5p nh\u1ea5t, thi\u1ebft b\u1ecb ph\u00f9 h\u1ee3p nh\u1ea5t, ch\u1ea5t l\u01b0\u1ee3ng s\u1ea3n ph\u1ea9m, d\u1ecbch v\u1ee5 b\u1ea3o h\u00e0nh t\u1ed1t nh\u1ea5t. Thi\u1ebft b\u1ecb h\u1ed9i ngh\u1ecb truy\u1ec1n h\u00ecnh Aver \u0111\u00e3 ph\u00e1t &hellip; <\/p>\n<p class=\"link-more\"><a href=\"https:\/\/thietbihoinghi.com.vn\/en\/hoi-nghi-truyen-hinh-aver\" class=\"more-link\">Continue reading<span class=\"screen-reader-text\"> &#8220;H\u1ed9i ngh\u1ecb truy\u1ec1n h\u00ecnh Aver&#8221;<\/span><\/a><\/p>\n","protected":false},"author":1,"featured_media":0,"parent":0,"menu_order":0,"comment_status":"open","ping_status":"open","template":"","meta":{"footnotes":""},"class_list":["post-2270","page","type-page","status-publish","hentry"],"_links":{"self":[{"href":"https:\/\/thietbihoinghi.com.vn\/en\/wp-json\/wp\/v2\/pages\/2270","targetHints":{"allow":["GET"]}}],"collection":[{"href":"https:\/\/thietbihoinghi.com.vn\/en\/wp-json\/wp\/v2\/pages"}],"about":[{"href":"https:\/\/thietbihoinghi.com.vn\/en\/wp-json\/wp\/v2\/types\/page"}],"author":[{"embeddable":true,"href":"https:\/\/thietbihoinghi.com.vn\/en\/wp-json\/wp\/v2\/users\/1"}],"replies":[{"embeddable":true,"href":"https:\/\/thietbihoinghi.com.vn\/en\/wp-json\/wp\/v2\/comments?post=2270"}],"version-history":[{"count":145,"href":"https:\/\/thietbihoinghi.com.vn\/en\/wp-json\/wp\/v2\/pages\/2270\/revisions"}],"predecessor-version":[{"id":10949,"href":"https:\/\/thietbihoinghi.com.vn\/en\/wp-json\/wp\/v2\/pages\/2270\/revisions\/10949"}],"wp:attachment":[{"href":"https:\/\/thietbihoinghi.com.vn\/en\/wp-json\/wp\/v2\/media?parent=2270"}],"curies":[{"name":"wp","href":"https:\/\/api.w.org\/{rel}","templated":true}]}}